{"id":147384,"date":"2021-01-15T10:55:12","date_gmt":"2021-01-15T10:55:12","guid":{"rendered":"https:\/\/codengine3.ch\/?product=import-placeholder-for-201019"},"modified":"2023-12-16T11:25:52","modified_gmt":"2023-12-16T10:25:52","slug":"buendner-bergfuehrer","status":"publish","type":"product","link":"https:\/\/pizbube.ch\/en\/shop\/buendner-bergfuehrer\/","title":{"rendered":"B\u00fcndner Bergf\u00fchrer"},"content":{"rendered":"<p>Eine Dokumentation und Materialiensammlung zur Geschichte des F\u00fchrerwesens im<br \/>\nKanton Graub\u00fcnden.<\/p>\n<p>Das Buch ist geeignet, einen Einblick in die Geschichte der B\u00fcndner Bergf\u00fchrer<br \/>\nzu erhalten. Die vorliegende Schrift ist eine Dokumentation \u00fcber die<br \/>\nEntstehung und Geschichte des B\u00fcndner Bergf\u00fchrerwesens ab ungef\u00e4hr Mitte des<br \/>\nneunzehnten Jahrhunderts. Sie kann nicht den Anspruch der Vollst\u00e4ndigkeit f\u00fcr<br \/>\nsich beanspruchen, sondern muss eher als ein Versuch gewerten werden.<\/p>\n<p>Es ist nicht leicht, aus Recherchen aller Art ein Ganzes bilden zu wollen.<br \/>\nDessen sind sich die Autoren und Mitarbeiter bewusst. Zwangsl\u00e4ufig m\u00fcssen sich<br \/>\nda L\u00fccken und wahrscheinlich auch Fehler einschleichen. Wir haben versucht,<br \/>\naus den vorhandenen Unterlagen soviel als m\u00f6glich aneinander zu f\u00fcgen und<br \/>\ndaraus eine verst\u00e4ndliche, in chronologischer Reihenfolge erz\u00e4hlte Geschichte<br \/>\nzu schreiben. Viele uns zur Verf\u00fcgung stehenden Unterlagen konnten nicht bis<br \/>\nins letze Detail nachgepr\u00fcft werden.<\/p>\n<p>Zur Geschichte der Bergf\u00fchrer geh\u00f6ren aber auch verdienstvolle Wissenschaftler<br \/>\nund Alpinisten, wie zum Beispiel Pater Placidus a Spescha aus Disentis oder<br \/>\nder Erstbegeher des Piz Bernina, Johann Coaz, der nachmalige eidgen\u00f6ssische<br \/>\nOberforstinspektor aus S-chanf und sicher noch andere. Einer der ersten<br \/>\nwirklichen B\u00fcndner Bergf\u00fchrer war wahrscheinlich der Gemsj\u00e4ger Gian Marchet<br \/>\nColani aus La Punt, wohnhaft in Pontresina, der angeblich zwei Jahre vor<br \/>\nseinem Tod, im Jahre 1835, zusammen mit dem Glarner Bergf\u00fchrer Madutz, die<br \/>\nHerren P. Flury und Meuli und den Wissenschaftler Professor O. Heer zum<br \/>\nOstgipfel des Piz Pal\u00fc f\u00fchrte.<\/p>","protected":false},"excerpt":{"rendered":"<p>Eine Dokumentation und Materialiensammlung zur Geschichte des F\u00fchrerwesens im Kanton Graub\u00fcnden. Das Buch ist geeignet, einen Einblick in die Geschichte der B\u00fcndner Bergf\u00fchrer zu erhalten. Die vorliegende Schrift ist eine Dokumentation \u00fcber die Entstehung und Geschichte des B\u00fcndner Bergf\u00fchrerwesens ab ungef\u00e4hr Mitte des neunzehnten Jahrhunderts. Sie kann nicht den Anspruch der Vollst\u00e4ndigkeit f\u00fcr sich beanspruchen, [&#8230;]\n","protected":false},"featured_media":32330,"template":"","meta":[],"product_brand":[],"product_cat":[21542],"product_tag":[],"class_list":{"0":"post-147384","1":"product","2":"type-product","3":"status-publish","4":"has-post-thumbnail","6":"product_cat-sachbuecher-dokumentationen","7":"pa_autor-philipp-matossi","8":"pa_erscheinungsjahr-22151","9":"pa_region-schweiz","10":"pa_sprache-de","12":"first","13":"outofstock","14":"taxable","15":"shipping-taxable","16":"purchasable","17":"product-type-simple"},"_links":{"self":[{"href":"https:\/\/pizbube.ch\/en\/wp-json\/wp\/v2\/product\/147384","targetHints":{"allow":["GET"]}}],"collection":[{"href":"https:\/\/pizbube.ch\/en\/wp-json\/wp\/v2\/product"}],"about":[{"href":"https:\/\/pizbube.ch\/en\/wp-json\/wp\/v2\/types\/product"}],"wp:featuredmedia":[{"embeddable":true,"href":"https:\/\/pizbube.ch\/en\/wp-json\/wp\/v2\/media\/32330"}],"wp:attachment":[{"href":"https:\/\/pizbube.ch\/en\/wp-json\/wp\/v2\/media?parent=147384"}],"wp:term":[{"taxonomy":"product_brand","embeddable":true,"href":"https:\/\/pizbube.ch\/en\/wp-json\/wp\/v2\/product_brand?post=147384"},{"taxonomy":"product_cat","embeddable":true,"href":"https:\/\/pizbube.ch\/en\/wp-json\/wp\/v2\/product_cat?post=147384"},{"taxonomy":"product_tag","embeddable":true,"href":"https:\/\/pizbube.ch\/en\/wp-json\/wp\/v2\/product_tag?post=147384"}],"curies":[{"name":"wp","href":"https:\/\/api.w.org\/{rel}","templated":true}]}}