{"id":147385,"date":"2021-01-15T10:55:13","date_gmt":"2021-01-15T10:55:13","guid":{"rendered":"https:\/\/codengine3.ch\/?product=import-placeholder-for-203917"},"modified":"2021-01-15T14:27:51","modified_gmt":"2021-01-15T14:27:51","slug":"bergfuehrer-lorenz-dvd","status":"publish","type":"product","link":"https:\/\/pizbube.ch\/en\/shop\/bergfuehrer-lorenz-dvd\/","title":{"rendered":"Bergf\u00fchrer Lorenz DVD"},"content":{"rendered":"<p>Der alte Bergf\u00fchrer Lorenz gilt seit der selbstlosen Rettung von drei<br \/>\nunvorsichtigen Touristen in den Oberwalliser Bergen als verschollen. Um Mutter<br \/>\nund Geschwister ern\u00e4hren zu k\u00f6nnen, tritt Stephan die Nachfolge seines Vaters<br \/>\nan. Rita, eine verf\u00fchrerische St\u00e4dterin, verdreht ihm jedoch den Kopf, sodass<br \/>\ner der Aus\u00fcbung seiner Pflichten ein Sch\u00e4ferst\u00fcndchen mit der rassigen<br \/>\nUnterl\u00e4nderin vorzieht. Er vers\u00e4umt es, einer in Not geratenen Gruppe zu<br \/>\nhelfen, wird vom Dorf ge\u00e4chtet und zieht in die Stadt &#8211; doch Rita hat ihn<br \/>\nbereits vergessen. Reuig und v\u00f6llig mittellos kehrt Stephan ins Dorf zur\u00fcck.<br \/>\nDas umfangreiche Bonusmaterial entstand durch langj\u00e4hrige Recherchen der<br \/>\nFilmwissenschaftlerin Yvonne Zimmermann. Das Ergebnis ist ein beispielhafter<br \/>\nEinblick und eine hochinteressante Analyse der seinerzeitigen Produktion.<br \/>\nDVD; Sprache: Dialekt, Dauer: 72 Min.; Produktionsjahr: 1942\/43  <\/p>","protected":false},"excerpt":{"rendered":"<p>Der alte Bergf\u00fchrer Lorenz gilt seit der selbstlosen Rettung von drei unvorsichtigen Touristen in den Oberwalliser Bergen als verschollen. Um Mutter und Geschwister ern\u00e4hren zu k\u00f6nnen, tritt Stephan die Nachfolge seines Vaters an. Rita, eine verf\u00fchrerische St\u00e4dterin, verdreht ihm jedoch den Kopf, sodass er der Aus\u00fcbung seiner Pflichten ein Sch\u00e4ferst\u00fcndchen mit der rassigen Unterl\u00e4nderin vorzieht. [&#8230;]\n","protected":false},"featured_media":31629,"template":"","meta":[],"product_brand":[],"product_cat":[21628],"product_tag":[],"class_list":{"0":"post-147385","1":"product","2":"type-product","3":"status-publish","4":"has-post-thumbnail","6":"product_cat-video-dvd-multimedia","7":"pa_autor-probst","8":"pa_erscheinungsjahr-21776","9":"pa_region-schweiz","10":"pa_sprache-de","12":"first","13":"instock","14":"taxable","15":"shipping-taxable","16":"purchasable","17":"product-type-simple"},"_links":{"self":[{"href":"https:\/\/pizbube.ch\/en\/wp-json\/wp\/v2\/product\/147385","targetHints":{"allow":["GET"]}}],"collection":[{"href":"https:\/\/pizbube.ch\/en\/wp-json\/wp\/v2\/product"}],"about":[{"href":"https:\/\/pizbube.ch\/en\/wp-json\/wp\/v2\/types\/product"}],"wp:featuredmedia":[{"embeddable":true,"href":"https:\/\/pizbube.ch\/en\/wp-json\/wp\/v2\/media\/31629"}],"wp:attachment":[{"href":"https:\/\/pizbube.ch\/en\/wp-json\/wp\/v2\/media?parent=147385"}],"wp:term":[{"taxonomy":"product_brand","embeddable":true,"href":"https:\/\/pizbube.ch\/en\/wp-json\/wp\/v2\/product_brand?post=147385"},{"taxonomy":"product_cat","embeddable":true,"href":"https:\/\/pizbube.ch\/en\/wp-json\/wp\/v2\/product_cat?post=147385"},{"taxonomy":"product_tag","embeddable":true,"href":"https:\/\/pizbube.ch\/en\/wp-json\/wp\/v2\/product_tag?post=147385"}],"curies":[{"name":"wp","href":"https:\/\/api.w.org\/{rel}","templated":true}]}}