{"id":147386,"date":"2021-01-15T10:55:13","date_gmt":"2021-01-15T10:55:13","guid":{"rendered":"https:\/\/codengine3.ch\/?product=import-placeholder-for-205452"},"modified":"2021-01-15T14:41:23","modified_gmt":"2021-01-15T14:41:23","slug":"die-bergfuehrer-dvd","status":"publish","type":"product","link":"https:\/\/pizbube.ch\/en\/shop\/die-bergfuehrer-dvd\/","title":{"rendered":"Die Bergf\u00fchrer DVD"},"content":{"rendered":"<p>Die Bergf\u00fchrer &#8211; Drei Seilschaften, drei Gipfel, drei Abenteuer<br \/>\nEin Film von Frank Senn und Kurt Frischknecht  <\/p>\n<p>Die Bergf\u00fchrerinnen und Bergf\u00fchrer verhelfen ihren G\u00e4sten zu unvergesslichen<br \/>\nHochtouren und Gipfelerlebnissen. Bergf\u00fchrer d\u00fcrfen kein Risiko eingehen und<br \/>\nm\u00fcssen ihren Kunden trotzdem Abenteuer und einzigartige Naturerlebnisse<br \/>\nbieten. Das ist h\u00e4ufig eine Gratwanderung. Sie verlangt von den Bergf\u00fchrern<br \/>\nnicht nur eine absolut sichere bergsteigerische Technik und umfassendes<br \/>\nFachwissen, sondern auch viel psychologisches Geschick.  <\/p>\n<p>Marianne Ebneter ist eine der ganz wenigen Bergf\u00fchrerinnen der Schweiz. Unter<br \/>\nden mehr als 1500 Schweizer Bergf\u00fchrern gibt es nur gerade 25 Frauen. Und nur<br \/>\neinige wenige von ihnen k\u00f6nnen von diesem anspruchsvollen Beruf leben. F\u00fcr<br \/>\n`DOK` will Marianne Ebneter mit ihrem Gast den Gipfel der Jungfrau besteigen.  <\/p>\n<p>Stephan Siegrist ist einer der erfolgreichsten Extrembergsteiger aus dem<br \/>\nBerner Oberland. Der 36-J\u00e4hrige hat schon weltweit schwierigste Kletterrouten<br \/>\ndurchstiegen. In der Schweiz ist die Eigernordwand so etwas wie sein zweites<br \/>\nZuhause. Aber als Bergf\u00fchrer mit einem Gast die Nordwand hoch auf den<br \/>\nEigergipfel, das ist auch f\u00fcr Stephan Siegrist ein Abenteuer &#8211; nicht ohne<br \/>\nRisiko.  <\/p>\n<p>Edi Bohren geh\u00f6rt zu den erfahrensten Bergf\u00fchrern der Schweiz. Als junger<br \/>\nBergsteiger hatte er 1978 zielsicher einen Mythos durchbrochen. Er war der<br \/>\nerste Grindelwaldner, der die Eigernordwand bezwang. Zuvor war die gef\u00e4hrliche<br \/>\nWand f\u00fcr die Einheimischen Tabu. Edi Bohren absolviert mit seinem Gast die<br \/>\nklassische, anspruchsvolle Tour auf das Schreckhorn.  <\/p>","protected":false},"excerpt":{"rendered":"<p>Die Bergf\u00fchrer &#8211; Drei Seilschaften, drei Gipfel, drei Abenteuer Ein Film von Frank Senn und Kurt Frischknecht Die Bergf\u00fchrerinnen und Bergf\u00fchrer verhelfen ihren G\u00e4sten zu unvergesslichen Hochtouren und Gipfelerlebnissen. Bergf\u00fchrer d\u00fcrfen kein Risiko eingehen und m\u00fcssen ihren Kunden trotzdem Abenteuer und einzigartige Naturerlebnisse bieten. Das ist h\u00e4ufig eine Gratwanderung. Sie verlangt von den Bergf\u00fchrern nicht [&#8230;]\n","protected":false},"featured_media":34161,"template":"","meta":[],"product_brand":[],"product_cat":[21628],"product_tag":[],"class_list":{"0":"post-147386","1":"product","2":"type-product","3":"status-publish","4":"has-post-thumbnail","6":"product_cat-video-dvd-multimedia","7":"pa_autor-sf","8":"pa_erscheinungsjahr-21591","9":"pa_region-schweiz","10":"pa_sprache-de","12":"first","13":"instock","14":"taxable","15":"shipping-taxable","16":"purchasable","17":"product-type-simple"},"_links":{"self":[{"href":"https:\/\/pizbube.ch\/en\/wp-json\/wp\/v2\/product\/147386","targetHints":{"allow":["GET"]}}],"collection":[{"href":"https:\/\/pizbube.ch\/en\/wp-json\/wp\/v2\/product"}],"about":[{"href":"https:\/\/pizbube.ch\/en\/wp-json\/wp\/v2\/types\/product"}],"wp:featuredmedia":[{"embeddable":true,"href":"https:\/\/pizbube.ch\/en\/wp-json\/wp\/v2\/media\/34161"}],"wp:attachment":[{"href":"https:\/\/pizbube.ch\/en\/wp-json\/wp\/v2\/media?parent=147386"}],"wp:term":[{"taxonomy":"product_brand","embeddable":true,"href":"https:\/\/pizbube.ch\/en\/wp-json\/wp\/v2\/product_brand?post=147386"},{"taxonomy":"product_cat","embeddable":true,"href":"https:\/\/pizbube.ch\/en\/wp-json\/wp\/v2\/product_cat?post=147386"},{"taxonomy":"product_tag","embeddable":true,"href":"https:\/\/pizbube.ch\/en\/wp-json\/wp\/v2\/product_tag?post=147386"}],"curies":[{"name":"wp","href":"https:\/\/api.w.org\/{rel}","templated":true}]}}