{"id":147387,"date":"2021-01-15T10:55:13","date_gmt":"2021-01-15T10:55:13","guid":{"rendered":"https:\/\/codengine3.ch\/?product=import-placeholder-for-200564"},"modified":"2021-01-15T10:58:51","modified_gmt":"2021-01-15T10:58:51","slug":"die-welt-zu-fuessen","status":"publish","type":"product","link":"https:\/\/pizbube.ch\/en\/shop\/die-welt-zu-fuessen\/","title":{"rendered":"Die Welt zu F\u00fcssen"},"content":{"rendered":"<p>Touren mit 18 ber\u00fchmten Bergf\u00fchrern<\/p>\n<p>Mit Sepp Dengg auf die Zugspitze, mit Olaf Reinstadler auf den Ortler, mit<br \/>\nMarianne Ebneter auf die Jungfrau, mit Horst Fankhauser auf die Stubaier<br \/>\nGletscher. Gro\u00dfe Ziele werden zu einem noch gr\u00f6\u00dferen Erlebnis, wenn man am<br \/>\nSeil eines ber\u00fchmten Guides geht.<\/p>\n<p>Der Autor war mit 18 M\u00e4nnern und Frauen, die schon Tausende von Bergfans<br \/>\ngef\u00fchrt haben, in den Alpen unterwegs. Er bestieg bekannte, aber auch einsame<br \/>\nGipfel in S\u00fcdtirol, Deutschland, \u00d6sterreich und der Schweiz, in Frankreich und<br \/>\nSlowenien. Aus n\u00e4chster N\u00e4he zeichnet er dabei die Portr\u00e4ts von k\u00fchnen,<br \/>\nknorrigen und doch leutseligen Typen. Es sind Pers\u00f6nlichkeiten, die so viel<br \/>\nSicherheit ausstrahlen, dass ihr Gast ihnen sein Leben anvertraut.<\/p>\n<p>Mit Infos zu den einzelnen Bergf\u00fchrern und Gipfeln<\/p>\n<p>1 Edi Bohren: Kleiner Simelistock 2.384 m<br \/>\n2 Sepp Dengg: Zugspitze 2.962 m<br \/>\n3 Alexis Mallon: Aiguille du Midi 3.842 m<br \/>\n4 Mario Senoner: Gro\u00dfe Fermeda 2.873 m<br \/>\n5 Klaus Hoi: Hohes Dirndl 2.829 m<br \/>\n6 Gudrun Weikert: Sonnenspitze 2.417 m  <\/p>\n<p>7 Leo Bl\u00e4ttler: Val Bodengo<br \/>\n8 Giorgio Peretti: Monte Cristallo 3.221 m<br \/>\n9 Beat Supersaxo: Weissmies 4.023 m<br \/>\n10 Klemen Gri\u010dar: Prisank 2.547 m (Julische Alpen)<br \/>\n11 Christophe Profit: Aiguille Croux 3.256 m<br \/>\n12 Olaf Reinstadler: Ortler 3.905 m  <\/p>\n<p>13 Renata Rossi: Val Bondasca<br \/>\n14 Paul Nigg: Piz Morteratsch 3.751 m<br \/>\n15 Alberto Re: Monviso 3.841 m<br \/>\n16 Hermann Biner: Pollux 4.092 m<br \/>\n17 Horst Fankhauser: Innere Sommerwand 3.122 m<br \/>\n18 Marianne Ebneter: Jungfrau 4.158 m<\/p>","protected":false},"excerpt":{"rendered":"<p>Touren mit 18 ber\u00fchmten Bergf\u00fchrern Mit Sepp Dengg auf die Zugspitze, mit Olaf Reinstadler auf den Ortler, mit Marianne Ebneter auf die Jungfrau, mit Horst Fankhauser auf die Stubaier Gletscher. Gro\u00dfe Ziele werden zu einem noch gr\u00f6\u00dferen Erlebnis, wenn man am Seil eines ber\u00fchmten Guides geht. Der Autor war mit 18 M\u00e4nnern und Frauen, die [&#8230;]\n","protected":false},"featured_media":27308,"template":"","meta":[],"product_brand":[],"product_cat":[21542],"product_tag":[],"class_list":{"0":"post-147387","1":"product","2":"type-product","3":"status-publish","4":"has-post-thumbnail","6":"product_cat-sachbuecher-dokumentationen","7":"pa_autor-loewer","8":"pa_erscheinungsjahr-21597","9":"pa_region-schweiz","10":"pa_sprache-de","12":"first","13":"instock","14":"taxable","15":"shipping-taxable","16":"purchasable","17":"product-type-simple"},"_links":{"self":[{"href":"https:\/\/pizbube.ch\/en\/wp-json\/wp\/v2\/product\/147387","targetHints":{"allow":["GET"]}}],"collection":[{"href":"https:\/\/pizbube.ch\/en\/wp-json\/wp\/v2\/product"}],"about":[{"href":"https:\/\/pizbube.ch\/en\/wp-json\/wp\/v2\/types\/product"}],"wp:featuredmedia":[{"embeddable":true,"href":"https:\/\/pizbube.ch\/en\/wp-json\/wp\/v2\/media\/27308"}],"wp:attachment":[{"href":"https:\/\/pizbube.ch\/en\/wp-json\/wp\/v2\/media?parent=147387"}],"wp:term":[{"taxonomy":"product_brand","embeddable":true,"href":"https:\/\/pizbube.ch\/en\/wp-json\/wp\/v2\/product_brand?post=147387"},{"taxonomy":"product_cat","embeddable":true,"href":"https:\/\/pizbube.ch\/en\/wp-json\/wp\/v2\/product_cat?post=147387"},{"taxonomy":"product_tag","embeddable":true,"href":"https:\/\/pizbube.ch\/en\/wp-json\/wp\/v2\/product_tag?post=147387"}],"curies":[{"name":"wp","href":"https:\/\/api.w.org\/{rel}","templated":true}]}}