{"id":147388,"date":"2021-01-15T10:55:13","date_gmt":"2021-01-15T10:55:13","guid":{"rendered":"https:\/\/codengine3.ch\/?product=import-placeholder-for-200203"},"modified":"2021-01-15T10:55:18","modified_gmt":"2021-01-15T10:55:18","slug":"vertikale-innlandet-klatreforer-for-byene-rundt-mjosa","status":"publish","type":"product","link":"https:\/\/pizbube.ch\/en\/shop\/vertikale-innlandet-klatreforer-for-byene-rundt-mjosa\/","title":{"rendered":"Vertikale innlandet &#8211; Klatref\u00f8rer for byene rundt Mj\u00f8sa"},"content":{"rendered":"<p>Klippeklatring \/ Buldring \/ Isklatring<\/p>\n<p>Fototopof\u00fchrerf\u00fchrer mit Kletterm\u00f6glichkeiten (Bouldern Eisklettern und<br \/>\nSportklettern) in Hamar, Gj\u00f8vik, \u00d8sterdalen, Lillehammer und Elverum. Texte in<br \/>\nNorwegisch.<\/p>\n<p>Endelig er klatref\u00f8reren for byene rundt Mj\u00f8sa ferdig!Dette er blitt en<br \/>\nfantastisk fin f\u00f8rer p\u00e5 260 sidermed klippeklatring, buldring i Stange og<br \/>\nisklatring. Klippeklatringen har med alle de gamle feltene pluss v\u00e5rt nye<br \/>\nklatrefeltp\u00e5 Ring (rett nord for Moelv)med n\u00e6rmere 40 nye ruter.<\/p>\n<p>Det er ogs\u00e5 med et nytt felt rett ved flaggsvaet nord for Dokka. Isklatringen<br \/>\nhar med det meste oppover \u00f8sterdalen, Gudbrandsdalen opp til Otta og Jukulkula<br \/>\nsamt Espedalen og Gausdal.<\/p>","protected":false},"excerpt":{"rendered":"<p>Klippeklatring \/ Buldring \/ Isklatring Fototopof\u00fchrerf\u00fchrer mit Kletterm\u00f6glichkeiten (Bouldern Eisklettern und Sportklettern) in Hamar, Gj\u00f8vik, \u00d8sterdalen, Lillehammer und Elverum. Texte in Norwegisch. Endelig er klatref\u00f8reren for byene rundt Mj\u00f8sa ferdig!Dette er blitt en fantastisk fin f\u00f8rer p\u00e5 260 sidermed klippeklatring, buldring i Stange og isklatring. Klippeklatringen har med alle de gamle feltene pluss v\u00e5rt nye [&#8230;]\n","protected":false},"featured_media":26198,"template":"","meta":[],"product_brand":[],"product_cat":[21539],"product_tag":[],"class_list":{"0":"post-147388","1":"product","2":"type-product","3":"status-publish","4":"has-post-thumbnail","6":"product_cat-fuehrerliteratur-sportklettern-bouldern","7":"pa_autor-nornes","8":"pa_erscheinungsjahr-21568","9":"pa_region-skandinavien-norwegen-schweden-finnland","10":"pa_sprache-norw","12":"first","13":"instock","14":"taxable","15":"shipping-taxable","16":"purchasable","17":"product-type-simple"},"_links":{"self":[{"href":"https:\/\/pizbube.ch\/en\/wp-json\/wp\/v2\/product\/147388","targetHints":{"allow":["GET"]}}],"collection":[{"href":"https:\/\/pizbube.ch\/en\/wp-json\/wp\/v2\/product"}],"about":[{"href":"https:\/\/pizbube.ch\/en\/wp-json\/wp\/v2\/types\/product"}],"wp:featuredmedia":[{"embeddable":true,"href":"https:\/\/pizbube.ch\/en\/wp-json\/wp\/v2\/media\/26198"}],"wp:attachment":[{"href":"https:\/\/pizbube.ch\/en\/wp-json\/wp\/v2\/media?parent=147388"}],"wp:term":[{"taxonomy":"product_brand","embeddable":true,"href":"https:\/\/pizbube.ch\/en\/wp-json\/wp\/v2\/product_brand?post=147388"},{"taxonomy":"product_cat","embeddable":true,"href":"https:\/\/pizbube.ch\/en\/wp-json\/wp\/v2\/product_cat?post=147388"},{"taxonomy":"product_tag","embeddable":true,"href":"https:\/\/pizbube.ch\/en\/wp-json\/wp\/v2\/product_tag?post=147388"}],"curies":[{"name":"wp","href":"https:\/\/api.w.org\/{rel}","templated":true}]}}