{"id":147389,"date":"2021-01-15T10:55:13","date_gmt":"2021-01-15T10:55:13","guid":{"rendered":"https:\/\/codengine3.ch\/?product=import-placeholder-for-203683"},"modified":"2022-01-18T18:14:28","modified_gmt":"2022-01-18T17:14:28","slug":"klatreforer-for-oslo-og-omegn","status":"publish","type":"product","link":"https:\/\/pizbube.ch\/en\/shop\/klatreforer-for-oslo-og-omegn\/","title":{"rendered":"Klatref\u00f8rer for Oslo og Omegn"},"content":{"rendered":"<p>Topoguidebook for Oslo and around Oslo \/ Norway:<br \/>\ndescribed are 24 areas around Oslo! In Nowegian Language only<br \/>\n314 p.<\/p>\n<p>Flott, NY klatref\u00f8rer for Oslo og det n\u00e6re \u00f8stlandsomr\u00e5det! En sv\u00e6rt<br \/>\nforseggjort, omfattende og tiltalende f\u00f8rer som alle klatrere p\u00e5 \u00f8stlandet b\u00f8r<br \/>\nha i bokhylla og\/ eller cragsekken. Dekker 24 klatrefelt og mer enn 1200 ruter<br \/>\nfra Andersnatten til Hank\u00f8 og Hvarnes til Jarberget. Her finner man virkelig<br \/>\nnoe for enhver smak.<\/p>\n<p>Endelig p\u00e5 plass, her er den fjerde Oslo- f\u00f8reren fra Kols\u00e5s Klatreklubb. Ti<br \/>\n\u00e5r etter forrige utgave dukker alts\u00e5 dette praktverket opp, med nye ruter og<br \/>\nnye felt. Fordelt over hele 316 sider, med grundige rutebeskrivelser og sv\u00e6rt<br \/>\ngode tegninger over feltene. Egne avsnitt i slutten av f\u00f8reren tar blant annet<br \/>\nfor seg Osloklatringens historie, geologi og velegnede felt for ferske<br \/>\nklippeklatrere. En oversikt over spesielt barnevennlige klipper vil glede<br \/>\nklatrende sm\u00e5barnsforeldre, og oversikten over de forskjellige feltene bakerst<br \/>\ni boka er forbilledlig innholdsrik. Kort sagt er Oslof\u00f8reren 2013 et<br \/>\nreferanseverk andre f\u00f8rerkomiteer b\u00f8r se n\u00f8ye p\u00e5. Fine bilder gjennom hele<br \/>\nboka er prikken over i-en.<\/p>","protected":false},"excerpt":{"rendered":"<p>Topoguidebook for Oslo and around Oslo \/ Norway: described are 24 areas around Oslo! In Nowegian Language only 314 p. Flott, NY klatref\u00f8rer for Oslo og det n\u00e6re \u00f8stlandsomr\u00e5det! En sv\u00e6rt forseggjort, omfattende og tiltalende f\u00f8rer som alle klatrere p\u00e5 \u00f8stlandet b\u00f8r ha i bokhylla og\/ eller cragsekken. Dekker 24 klatrefelt og mer enn 1200 [&#8230;]\n","protected":false},"featured_media":160410,"template":"","meta":[],"product_brand":[],"product_cat":[21539],"product_tag":[],"class_list":{"0":"post-147389","1":"product","2":"type-product","3":"status-publish","4":"has-post-thumbnail","6":"product_cat-fuehrerliteratur-sportklettern-bouldern","7":"pa_autor-brochmann","8":"pa_erscheinungsjahr-21568","9":"pa_region-skandinavien-norwegen-schweden-finnland","10":"pa_sprache-norweg","12":"first","13":"instock","14":"taxable","15":"shipping-taxable","16":"purchasable","17":"product-type-simple"},"_links":{"self":[{"href":"https:\/\/pizbube.ch\/en\/wp-json\/wp\/v2\/product\/147389","targetHints":{"allow":["GET"]}}],"collection":[{"href":"https:\/\/pizbube.ch\/en\/wp-json\/wp\/v2\/product"}],"about":[{"href":"https:\/\/pizbube.ch\/en\/wp-json\/wp\/v2\/types\/product"}],"wp:featuredmedia":[{"embeddable":true,"href":"https:\/\/pizbube.ch\/en\/wp-json\/wp\/v2\/media\/160410"}],"wp:attachment":[{"href":"https:\/\/pizbube.ch\/en\/wp-json\/wp\/v2\/media?parent=147389"}],"wp:term":[{"taxonomy":"product_brand","embeddable":true,"href":"https:\/\/pizbube.ch\/en\/wp-json\/wp\/v2\/product_brand?post=147389"},{"taxonomy":"product_cat","embeddable":true,"href":"https:\/\/pizbube.ch\/en\/wp-json\/wp\/v2\/product_cat?post=147389"},{"taxonomy":"product_tag","embeddable":true,"href":"https:\/\/pizbube.ch\/en\/wp-json\/wp\/v2\/product_tag?post=147389"}],"curies":[{"name":"wp","href":"https:\/\/api.w.org\/{rel}","templated":true}]}}