{"id":147391,"date":"2021-01-15T10:55:13","date_gmt":"2021-01-15T10:55:13","guid":{"rendered":"https:\/\/codengine3.ch\/?product=import-placeholder-for-207595"},"modified":"2021-01-15T16:04:58","modified_gmt":"2021-01-15T16:04:58","slug":"klatring-i-etnedal","status":"publish","type":"product","link":"https:\/\/pizbube.ch\/en\/shop\/klatring-i-etnedal\/","title":{"rendered":"Klatring i Etnedal"},"content":{"rendered":"<p>Phototopoguidebook for Etnedal, Norway<\/p>\n<p>Etnedal klatref\u00f8rer omhandler klatrefeltene Jarberget, Flaggsvaet med den nye<br \/>\nbratte sektoren &#171;Free to fly&#187; og nyetablerte Hansespranget. Klatrefeltene<br \/>\nkan by p\u00e5 mye spektakul\u00e6r klatring og har et vidt spekter av utfordringer p\u00e5<br \/>\nalle niv\u00e5er.<\/p>\n<p>Valdres regionen har et stort potensial for utvikling av klatrefelt, de siste<br \/>\nto \u00e5rene er det etablert n\u00e6rmere 100 nye klatreruter i omr\u00e5det.<\/p>\n<p>Ellers inneholder f\u00f8reren adkomst, veiledning internt p\u00e5 klatrefeltet,<br \/>\nbeliggenhet, historikk og beskrivelse av klatringen. I tillegg finner du kart,<br \/>\nstandard symboler og illustrasjoner som gj\u00f8r f\u00f8reren lett forst\u00e5elig. F\u00f8reren<br \/>\ner ogs\u00e5 krydret med fargebilder for inspirasjon.<\/p>\n<p>F\u00f8reren er trykket i A5 format 4X4 farger.<\/p>","protected":false},"excerpt":{"rendered":"<p>Phototopoguidebook for Etnedal, Norway Etnedal klatref\u00f8rer omhandler klatrefeltene Jarberget, Flaggsvaet med den nye bratte sektoren &#171;Free to fly&#187; og nyetablerte Hansespranget. Klatrefeltene kan by p\u00e5 mye spektakul\u00e6r klatring og har et vidt spekter av utfordringer p\u00e5 alle niv\u00e5er. Valdres regionen har et stort potensial for utvikling av klatrefelt, de siste to \u00e5rene er det etablert [&#8230;]\n","protected":false},"featured_media":37914,"template":"","meta":[],"product_brand":[],"product_cat":[21539],"product_tag":[],"class_list":{"0":"post-147391","1":"product","2":"type-product","3":"status-publish","4":"has-post-thumbnail","6":"product_cat-fuehrerliteratur-sportklettern-bouldern","7":"pa_autor-norges-boltefond","8":"pa_erscheinungsjahr-21550","9":"pa_region-skandinavien-norwegen-schweden-finnland","10":"pa_sprache-norweg-en","12":"first","13":"instock","14":"taxable","15":"shipping-taxable","16":"purchasable","17":"product-type-simple"},"_links":{"self":[{"href":"https:\/\/pizbube.ch\/en\/wp-json\/wp\/v2\/product\/147391","targetHints":{"allow":["GET"]}}],"collection":[{"href":"https:\/\/pizbube.ch\/en\/wp-json\/wp\/v2\/product"}],"about":[{"href":"https:\/\/pizbube.ch\/en\/wp-json\/wp\/v2\/types\/product"}],"wp:featuredmedia":[{"embeddable":true,"href":"https:\/\/pizbube.ch\/en\/wp-json\/wp\/v2\/media\/37914"}],"wp:attachment":[{"href":"https:\/\/pizbube.ch\/en\/wp-json\/wp\/v2\/media?parent=147391"}],"wp:term":[{"taxonomy":"product_brand","embeddable":true,"href":"https:\/\/pizbube.ch\/en\/wp-json\/wp\/v2\/product_brand?post=147391"},{"taxonomy":"product_cat","embeddable":true,"href":"https:\/\/pizbube.ch\/en\/wp-json\/wp\/v2\/product_cat?post=147391"},{"taxonomy":"product_tag","embeddable":true,"href":"https:\/\/pizbube.ch\/en\/wp-json\/wp\/v2\/product_tag?post=147391"}],"curies":[{"name":"wp","href":"https:\/\/api.w.org\/{rel}","templated":true}]}}