{"id":147392,"date":"2021-01-15T10:55:13","date_gmt":"2021-01-15T10:55:13","guid":{"rendered":"https:\/\/codengine3.ch\/?product=import-placeholder-for-200204"},"modified":"2023-06-17T10:33:04","modified_gmt":"2023-06-17T08:33:04","slug":"kalymnos-climbing-guidebook-2019-edition","status":"publish","type":"product","link":"https:\/\/pizbube.ch\/en\/shop\/kalymnos-climbing-guidebook-2019-edition\/","title":{"rendered":"Kalymnos Climbing Guidebook &#8211; 2019 revised Edition"},"content":{"rendered":"<p>2019 revised &amp; updated 4 th. Edition:<\/p>\n<p>The all new Kalymnos guidebook (incl. Telendos) is a 448-page English language<br \/>\nguidebook. It features approximately 3800 routes. The majority of photos and<br \/>\nphoto-topos are new, and in addition to the practical information about each<br \/>\ncrag (shade, exposure, approach etc) little extras, like GPS coordinates to<br \/>\neach crag, have been added.<\/p>\n<p>The all-new 2018 edition features:<\/p>\n<p>\u2013 Approximately 3&#8217;800 sport routes (700 more since last 2016 edition)<br \/>\n\u2013 Free application for iOS and Android<br \/>\n\u2013 GPS coordinates for each crag<br \/>\n\u2013 A practical Crag Planner to help you compare crags and schedule your<br \/>\nclimbing itinerary<br \/>\n\u2013 High-quality photo-topos<br \/>\n\u2013 Hundreds of full color stunning action photos<br \/>\n\u2013 An even friendlier user-centered layout and lots of useful info about<br \/>\nconditions, shade, orientation<br \/>\nkid-friendliness of each crag etc.<\/p>\n<p>With this edition, the Kalymnos guidebook also goes digital. We have partnered<br \/>\nwith Vertical Life to make a Kalymnos guidebook app for iOS and Android<br \/>\ndevices. The app will be free with each copy of the print guidebook (there is<br \/>\na scratch-code included in each copy allowing you to download the app at the<br \/>\nApp Store or Google Play).<\/p>\n<p>Third printing October 2020<\/p>\n<p>&nbsp;<\/p>\n<p>Klettern direkt am Meer und milde Temperaturen im Winter machen die<br \/>\ngriechische Insel Kalymnos zu einer der beliebtesten Kletterdestinationen, in<br \/>\nder die Entwicklung unentwegt vorangetrieben wird. Die lang erwartete<br \/>\nNeuauflage ist erscheinen. Seit der Publikation der vorigen Ausgabe im Jahr<br \/>\n2016 wurden laufend neue Routen und Kletterg\u00e4rten erschlossen.<\/p>\n<p>Die Neuauflage beschreibt insgesamt 66 Kletterg\u00e4rten mit \u00fcber 3.800 Routen,<br \/>\nwobei 800-1.000 neu dazugekommen sind. Zus\u00e4tzliche 12 Kletterg\u00e4rten werden<br \/>\nausschlie\u00dflich in der App verf\u00fcgbar sein. Wie immer bietet der Kletterf\u00fchrer<br \/>\ndetaillierte Topos auf Farbphotos sowie alle GPS-Daten zu den Kletterg\u00e4rten,<br \/>\ngenaue Informationen zu Ausrichtung, Anfahrt, Zustieg und Gradverteilung.<\/p>\n<p>**In englischer und griechischer Sprache**<\/p>\n<p><strong>SONDERPREIS AUFLAGE 2019: CHF 33.00 STATT 66.70<\/strong><\/p>","protected":false},"excerpt":{"rendered":"<ul>\n<li><a href=\"https:\/\/pizbube.ch\/wp-content\/uploads\/attachments\/a_032\/FBEE5C71F93DBBAB3E2AB6086F4E93A4.pdf\" target=\"_blank\" rel=\"noopener\">PDF: SAMPLE_New_Kalymnos_Guide.pdf<\/a><\/li>\n<\/ul>","protected":false},"featured_media":158718,"template":"","meta":[],"product_brand":[],"product_cat":[21539],"product_tag":[],"class_list":{"0":"post-147392","1":"product","2":"type-product","3":"status-publish","4":"has-post-thumbnail","6":"product_cat-fuehrerliteratur-sportklettern-bouldern","7":"pa_autor-theodoropoulos-roussos","8":"pa_erscheinungsjahr-21586","9":"pa_region-griechenland","10":"pa_sprache-en-gr","12":"first","13":"instock","14":"sale","15":"taxable","16":"shipping-taxable","17":"purchasable","18":"product-type-simple"},"_links":{"self":[{"href":"https:\/\/pizbube.ch\/en\/wp-json\/wp\/v2\/product\/147392","targetHints":{"allow":["GET"]}}],"collection":[{"href":"https:\/\/pizbube.ch\/en\/wp-json\/wp\/v2\/product"}],"about":[{"href":"https:\/\/pizbube.ch\/en\/wp-json\/wp\/v2\/types\/product"}],"wp:featuredmedia":[{"embeddable":true,"href":"https:\/\/pizbube.ch\/en\/wp-json\/wp\/v2\/media\/158718"}],"wp:attachment":[{"href":"https:\/\/pizbube.ch\/en\/wp-json\/wp\/v2\/media?parent=147392"}],"wp:term":[{"taxonomy":"product_brand","embeddable":true,"href":"https:\/\/pizbube.ch\/en\/wp-json\/wp\/v2\/product_brand?post=147392"},{"taxonomy":"product_cat","embeddable":true,"href":"https:\/\/pizbube.ch\/en\/wp-json\/wp\/v2\/product_cat?post=147392"},{"taxonomy":"product_tag","embeddable":true,"href":"https:\/\/pizbube.ch\/en\/wp-json\/wp\/v2\/product_tag?post=147392"}],"curies":[{"name":"wp","href":"https:\/\/api.w.org\/{rel}","templated":true}]}}