{"id":147395,"date":"2021-01-15T10:55:13","date_gmt":"2021-01-15T10:55:13","guid":{"rendered":"https:\/\/codengine3.ch\/?product=import-placeholder-for-207783"},"modified":"2022-04-09T14:21:01","modified_gmt":"2022-04-09T12:21:01","slug":"faces-a-la-mer-above-the-sea","status":"publish","type":"product","link":"https:\/\/pizbube.ch\/en\/shop\/faces-a-la-mer-above-the-sea\/","title":{"rendered":"Faces \u00e0 la Mer &#8211; Above the Sea"},"content":{"rendered":"<p>The Mediterranean&#8217;s Finest Rock Climbs<\/p>\n<p>Sun, sea, rock &#8211; the climber&#8217;s dream! What better way to spend a holiday than<br \/>\nrock-climbing above a deep, blue sea? This guidebook presents around 20<br \/>\ndifferent climbing destinations in 7 countries &#8211; Spain, France, Italy, Malta,<br \/>\nCroatia, Greece and Turkey.<\/p>\n<p>More than 110 multi-pitch routes along the Mediterranean&#8217;s northern coastline<br \/>\nhave been described. It includes:<\/p>\n<p>* A wide spread of grades &#8211; 27 routes from F4-5, 52 routes from F6a-6b+ and 34 routes from F6c-7a.<br \/>\n* Enticing destinations &#8211; Majorca, Ibiza, Sicily, Sardinia, Crete, Corsica and Geyikbayiri.<br \/>\n* Little-known gems &#8211; Paklenica, Muzzerone, Gaeta, Olympos.<br \/>\n* Unique climbing &#8211; Cap Canaille, Symi, Penon, Ifach&#8230; and last but not least, the great classics &#8211; The Calanques, Kalymnos.<\/p>\n<p>This is a book to inspire and help you plan your up-coming family holidays or<br \/>\nclimbing trips around the Mediterranean.<\/p>\n<p>Soleil, mer, escalade !.. Quel grimpeur n&#8217;a pas un jour r\u00eav\u00e9 d&#8217;harmoniser son<br \/>\nweekend ou ses prochaines \u00ab vacances escalade \u00bb avec, pour d\u00e9cor, le cadre<br \/>\nenchanteur de la mer toute proche ?<br \/>\nCe livre pr\u00e9sente une vingtaine de destinations parmi sept pays de<br \/>\nM\u00e9diterran\u00e9e.<br \/>\nDe l&#8217;Espagne \u00e0 la Turquie en passant par la France, l&#8217;Italie, Malte, la<br \/>\nCroatie et la Gr\u00e8ce, l&#8217;ouvrage \u00e9voque les plus beaux sites d&#8217;escalade<br \/>\nm\u00e9diterran\u00e9ens et d\u00e9crit plus de 110 grands itin\u00e9raires.<br \/>\nDes voies pour tous les niveaux : 27 de 4 \u00e0 5c, 52 entre 6a et 6b\/+ et 34<br \/>\njusqu&#8217;\u00e0 6c, 7a.<\/p>\n<p>**SPAIN** :<br \/>\nMONTANEJOS<br \/>\nCOSTA BLANCA<br \/>\nIBIZA<br \/>\nMAJORCA<\/p>\n<p>**FRANCE** :<br \/>\nLES CALANQUES<br \/>\nCAP CANAILLE<br \/>\nBAOU DE ST JEANNET<br \/>\nCORSICA<\/p>\n<p>**ITALY** :<br \/>\nFINALE LIGURE, OLTRE FINALE<br \/>\nMUZZERONE<br \/>\nAMALFI COAST<br \/>\nGAETA<br \/>\nCIRCEO<br \/>\nSARDINIA<br \/>\nSICILY<\/p>\n<p>**MALTA &amp; GOZO**<\/p>\n<p>**CROATIA** :<br \/>\nPAKLENICA<br \/>\nOMIS<\/p>\n<p>**GREECE** :<br \/>\nKALYMNOS<br \/>\nSYMI<br \/>\nCRETE<\/p>\n<p>**TURKEY** :<br \/>\nOLYMPOS<br \/>\nGEYIKBAYIRI<\/p>","protected":false},"excerpt":{"rendered":"<ul>\n<li><a href=\"https:\/\/pizbube.ch\/wp-content\/uploads\/attachments\/a_026\/A7CCF09E931A10A7F6E2D00B3B8BB521.pdf\" target=\"_blank\" rel=\"noopener\">PDF: samples Faces a la Mer.pdf<\/a><\/li>\n<\/ul>","protected":false},"featured_media":159130,"template":"","meta":[],"product_brand":[],"product_cat":[21539],"product_tag":[],"class_list":{"0":"post-147395","1":"product","2":"type-product","3":"status-publish","4":"has-post-thumbnail","6":"product_cat-fuehrerliteratur-sportklettern-bouldern","7":"pa_autor-alamichel","8":"pa_erscheinungsjahr-21550","9":"pa_region-uebrigers-europa","10":"pa_sprache-fr-en","12":"first","13":"onbackorder","14":"taxable","15":"shipping-taxable","16":"purchasable","17":"product-type-simple"},"_links":{"self":[{"href":"https:\/\/pizbube.ch\/en\/wp-json\/wp\/v2\/product\/147395","targetHints":{"allow":["GET"]}}],"collection":[{"href":"https:\/\/pizbube.ch\/en\/wp-json\/wp\/v2\/product"}],"about":[{"href":"https:\/\/pizbube.ch\/en\/wp-json\/wp\/v2\/types\/product"}],"wp:featuredmedia":[{"embeddable":true,"href":"https:\/\/pizbube.ch\/en\/wp-json\/wp\/v2\/media\/159130"}],"wp:attachment":[{"href":"https:\/\/pizbube.ch\/en\/wp-json\/wp\/v2\/media?parent=147395"}],"wp:term":[{"taxonomy":"product_brand","embeddable":true,"href":"https:\/\/pizbube.ch\/en\/wp-json\/wp\/v2\/product_brand?post=147395"},{"taxonomy":"product_cat","embeddable":true,"href":"https:\/\/pizbube.ch\/en\/wp-json\/wp\/v2\/product_cat?post=147395"},{"taxonomy":"product_tag","embeddable":true,"href":"https:\/\/pizbube.ch\/en\/wp-json\/wp\/v2\/product_tag?post=147395"}],"curies":[{"name":"wp","href":"https:\/\/api.w.org\/{rel}","templated":true}]}}