{"id":147399,"date":"2021-01-15T10:55:13","date_gmt":"2021-01-15T10:55:13","guid":{"rendered":"https:\/\/codengine3.ch\/?product=import-placeholder-for-206676"},"modified":"2023-08-17T11:44:01","modified_gmt":"2023-08-17T09:44:01","slug":"karpathos-kletterfuehrer","status":"publish","type":"product","link":"https:\/\/pizbube.ch\/en\/shop\/karpathos-kletterfuehrer\/","title":{"rendered":"Karpathos Kletterf\u00fchrer"},"content":{"rendered":"<p>Karpathos ist das neue Kalymnos&#8230;<br \/>\n342 Sportkletterrouten in 32 Sektoren der griechischen Insel Karpathos sind in<br \/>\ndiesem F\u00fchrer zusammengestellt. Die Routen sind farbcodiert in Fototopos<br \/>\neingezeichnet und die Verteilung der Schwierigkeitsgrade deckt die gesamte<br \/>\nBandbreite der Bewertungsskala ab.<br \/>\nMit Piktogrammen f\u00fcr einen schnelleren \u00dcberblick: (Kinderfreundlichkeit,<br \/>\nAusrichtung des Sektors, Wandh\u00f6he, Anzahl der ben\u00f6tigten Exen, Zustiegszeit).<\/p>\n<p>104 Seiten; 2. Auflage 2020<\/p>\n<p>Karpathos Rock Climbing Guidebook (Greece). The guidebook is very<br \/>\nprofessionally published with translations in English, German, Spanish and<br \/>\nRussian.<\/p>\n<p>This is the only guidebook to the Greek island of Karpathos, where the<br \/>\nclimbing potential is huge. Climbing there is gaining more and more interest,<br \/>\njust like the beginnings of Kalymnos development.<\/p>\n<p>paperback: 104 pages, A5<br \/>\nlanguages: English, Spanish, German, Russian<\/p>\n<p><strong>SONDERPREIS AUFLAGE 2020: CHF 14.00 STATT 26.80<\/strong><\/p>","protected":false},"excerpt":{"rendered":"<p>Karpathos ist das neue Kalymnos&#8230; 342 Sportkletterrouten in 32 Sektoren der griechischen Insel Karpathos sind in diesem F\u00fchrer zusammengestellt. Die Routen sind farbcodiert in Fototopos eingezeichnet und die Verteilung der Schwierigkeitsgrade deckt die gesamte Bandbreite der Bewertungsskala ab. Mit Piktogrammen f\u00fcr einen schnelleren \u00dcberblick: (Kinderfreundlichkeit, Ausrichtung des Sektors, Wandh\u00f6he, Anzahl der ben\u00f6tigten Exen, Zustiegszeit). 104 [&#8230;]\n","protected":false},"featured_media":35803,"template":"","meta":[],"product_brand":[],"product_cat":[21539],"product_tag":[],"class_list":{"0":"post-147399","1":"product","2":"type-product","3":"status-publish","4":"has-post-thumbnail","6":"product_cat-fuehrerliteratur-sportklettern-bouldern","7":"pa_autor-kraszewski","8":"pa_erscheinungsjahr-21558","9":"pa_region-griechenland","10":"pa_sprache-de-en-es-ru","12":"first","13":"instock","14":"sale","15":"taxable","16":"shipping-taxable","17":"purchasable","18":"product-type-simple"},"_links":{"self":[{"href":"https:\/\/pizbube.ch\/en\/wp-json\/wp\/v2\/product\/147399","targetHints":{"allow":["GET"]}}],"collection":[{"href":"https:\/\/pizbube.ch\/en\/wp-json\/wp\/v2\/product"}],"about":[{"href":"https:\/\/pizbube.ch\/en\/wp-json\/wp\/v2\/types\/product"}],"wp:featuredmedia":[{"embeddable":true,"href":"https:\/\/pizbube.ch\/en\/wp-json\/wp\/v2\/media\/35803"}],"wp:attachment":[{"href":"https:\/\/pizbube.ch\/en\/wp-json\/wp\/v2\/media?parent=147399"}],"wp:term":[{"taxonomy":"product_brand","embeddable":true,"href":"https:\/\/pizbube.ch\/en\/wp-json\/wp\/v2\/product_brand?post=147399"},{"taxonomy":"product_cat","embeddable":true,"href":"https:\/\/pizbube.ch\/en\/wp-json\/wp\/v2\/product_cat?post=147399"},{"taxonomy":"product_tag","embeddable":true,"href":"https:\/\/pizbube.ch\/en\/wp-json\/wp\/v2\/product_tag?post=147399"}],"curies":[{"name":"wp","href":"https:\/\/api.w.org\/{rel}","templated":true}]}}