{"id":147401,"date":"2021-01-15T10:55:13","date_gmt":"2021-01-15T10:55:13","guid":{"rendered":"https:\/\/codengine3.ch\/?product=import-placeholder-for-204082"},"modified":"2021-01-15T14:29:35","modified_gmt":"2021-01-15T14:29:35","slug":"lofoten-1-100000","status":"publish","type":"product","link":"https:\/\/pizbube.ch\/en\/shop\/lofoten-1-100000\/","title":{"rendered":"Lofoten 1: 100&#8217;000"},"content":{"rendered":"<p>Lofoten Turkart 1:100000<br \/>\nLofoten 2549<br \/>\nLandkarte der Inselgruppe 1: 100 000 mit weiterf\u00fchrenden Infos und Angaben zu<br \/>\nGeografie, Klima, Geschichte.  <\/p>\n<p>V\u00e5gan, Hadsel, Moskenes, V\u00e6r\u00f8y, Steigen, R\u00f8st, Flakstad, Vestv\u00e5g\u00f8y, L\u00f8dingen<\/p>\n<p>These are popular maps of the major tourist areas of Norway at various scales.<br \/>\nThey include footpaths, ski routes, bicycle routes as well as tourist cabins,<br \/>\nplaces of interest including golfing, fishing and climbing. The maps also<br \/>\ninclude contours, lakes and rivers etc.<\/p>","protected":false},"excerpt":{"rendered":"<p>Lofoten Turkart 1:100000 Lofoten 2549 Landkarte der Inselgruppe 1: 100 000 mit weiterf\u00fchrenden Infos und Angaben zu Geografie, Klima, Geschichte. V\u00e5gan, Hadsel, Moskenes, V\u00e6r\u00f8y, Steigen, R\u00f8st, Flakstad, Vestv\u00e5g\u00f8y, L\u00f8dingen These are popular maps of the major tourist areas of Norway at various scales. They include footpaths, ski routes, bicycle routes as well as tourist cabins, [&#8230;]\n","protected":false},"featured_media":39811,"template":"","meta":[],"product_brand":[],"product_cat":[21543],"product_tag":[],"class_list":{"0":"post-147401","1":"product","2":"type-product","3":"status-publish","4":"has-post-thumbnail","6":"product_cat-landkarten","7":"pa_autor-nordeca","8":"pa_erscheinungsjahr-21571","9":"pa_region-skandinavien-norwegen-schweden-finnland","10":"pa_sprache-d","11":"pa_sprache-e","12":"pa_sprache-f","13":"pa_sprache-i","14":"pa_sprache-no","16":"first","17":"instock","18":"taxable","19":"shipping-taxable","20":"purchasable","21":"product-type-simple"},"_links":{"self":[{"href":"https:\/\/pizbube.ch\/en\/wp-json\/wp\/v2\/product\/147401","targetHints":{"allow":["GET"]}}],"collection":[{"href":"https:\/\/pizbube.ch\/en\/wp-json\/wp\/v2\/product"}],"about":[{"href":"https:\/\/pizbube.ch\/en\/wp-json\/wp\/v2\/types\/product"}],"wp:featuredmedia":[{"embeddable":true,"href":"https:\/\/pizbube.ch\/en\/wp-json\/wp\/v2\/media\/39811"}],"wp:attachment":[{"href":"https:\/\/pizbube.ch\/en\/wp-json\/wp\/v2\/media?parent=147401"}],"wp:term":[{"taxonomy":"product_brand","embeddable":true,"href":"https:\/\/pizbube.ch\/en\/wp-json\/wp\/v2\/product_brand?post=147401"},{"taxonomy":"product_cat","embeddable":true,"href":"https:\/\/pizbube.ch\/en\/wp-json\/wp\/v2\/product_cat?post=147401"},{"taxonomy":"product_tag","embeddable":true,"href":"https:\/\/pizbube.ch\/en\/wp-json\/wp\/v2\/product_tag?post=147401"}],"curies":[{"name":"wp","href":"https:\/\/api.w.org\/{rel}","templated":true}]}}