{"id":147406,"date":"2021-01-15T10:55:13","date_gmt":"2021-01-15T10:55:13","guid":{"rendered":"https:\/\/codengine3.ch\/?product=import-placeholder-for-204693"},"modified":"2025-04-03T17:34:56","modified_gmt":"2025-04-03T15:34:56","slug":"vagan-150000-turkart","status":"publish","type":"product","link":"https:\/\/pizbube.ch\/en\/shop\/vagan-150000-turkart\/","title":{"rendered":"V\u00e5gan 1:50`000 Turkart"},"content":{"rendered":"<p>Turkart V\u00e5gan 1:50`000 Blatt 2671 Landkarte der Inselgruppe der Lofoten mit<br \/>\nweiterf\u00fchrenden Infos und Angaben zu Geografie, Klima, Geschichte.<br \/>\nOrte: Lauvika, Svolv\u00e6r, Kabelv\u00e4g, Fiskeb\u00f6l (Lofoten) und angrenzende Gebiete<\/p>\n<p>These are popular maps of the major tourist areas of Norway at various scales.<br \/>\nThey include footpaths, ski routes, bicycle routes as well as tourist cabins,<br \/>\nplaces of interest including golfing, fishing and climbing. The maps also<br \/>\ninclude contours, lakes and rivers etc.<\/p>","protected":false},"excerpt":{"rendered":"<p>Turkart V\u00e5gan 1:50`000 Blatt 2671 Landkarte der Inselgruppe der Lofoten mit weiterf\u00fchrenden Infos und Angaben zu Geografie, Klima, Geschichte. Orte: Lauvika, Svolv\u00e6r, Kabelv\u00e4g, Fiskeb\u00f6l (Lofoten) und angrenzende Gebiete These are popular maps of the major tourist areas of Norway at various scales. They include footpaths, ski routes, bicycle routes as well as tourist cabins, places [&#8230;]\n","protected":false},"featured_media":168156,"template":"","meta":[],"product_brand":[],"product_cat":[21543],"product_tag":[],"class_list":{"0":"post-147406","1":"product","2":"type-product","3":"status-publish","4":"has-post-thumbnail","6":"product_cat-landkarten","7":"pa_autor-nordeca","8":"pa_erscheinungsjahr-21571","9":"pa_region-skandinavien-norwegen-schweden-finnland","10":"pa_sprache-no-2","12":"first","13":"onbackorder","14":"taxable","15":"shipping-taxable","16":"purchasable","17":"product-type-simple"},"_links":{"self":[{"href":"https:\/\/pizbube.ch\/en\/wp-json\/wp\/v2\/product\/147406","targetHints":{"allow":["GET"]}}],"collection":[{"href":"https:\/\/pizbube.ch\/en\/wp-json\/wp\/v2\/product"}],"about":[{"href":"https:\/\/pizbube.ch\/en\/wp-json\/wp\/v2\/types\/product"}],"wp:featuredmedia":[{"embeddable":true,"href":"https:\/\/pizbube.ch\/en\/wp-json\/wp\/v2\/media\/168156"}],"wp:attachment":[{"href":"https:\/\/pizbube.ch\/en\/wp-json\/wp\/v2\/media?parent=147406"}],"wp:term":[{"taxonomy":"product_brand","embeddable":true,"href":"https:\/\/pizbube.ch\/en\/wp-json\/wp\/v2\/product_brand?post=147406"},{"taxonomy":"product_cat","embeddable":true,"href":"https:\/\/pizbube.ch\/en\/wp-json\/wp\/v2\/product_cat?post=147406"},{"taxonomy":"product_tag","embeddable":true,"href":"https:\/\/pizbube.ch\/en\/wp-json\/wp\/v2\/product_tag?post=147406"}],"curies":[{"name":"wp","href":"https:\/\/api.w.org\/{rel}","templated":true}]}}