{"id":147408,"date":"2021-01-15T10:55:13","date_gmt":"2021-01-15T10:55:13","guid":{"rendered":"https:\/\/codengine3.ch\/?product=import-placeholder-for-200295"},"modified":"2025-07-26T13:58:20","modified_gmt":"2025-07-26T11:58:20","slug":"lofoten-und-vesteralen","status":"publish","type":"product","link":"https:\/\/pizbube.ch\/en\/shop\/lofoten-und-vesteralen\/","title":{"rendered":"Lofoten und Vester\u00e5len"},"content":{"rendered":"<p class=\"mt-3\">60 Touren im Reich der Mitternachtssonne<\/p>\n<p><span class=\"value\">Tief eingeschnittene Fjorde, wei\u00dfe Sandstr\u00e4nde und spektakul\u00e4re Berglandschaften \u2013 die Lofoten sind ein Inselreich von monumentaler nordischer Sch\u00f6nheit. Wer hier wandert, entdeckt stille Pfade, grandiose Ausblicke und die unvergleichliche Magie des hohen Nordens. Der Rother Wanderf\u00fchrer \u00bbLofoten und Vester\u00e5len\u00ab pr\u00e4sentiert die 60 sch\u00f6nsten Touren n\u00f6rdlich des Polarkreises \u2013 sorgf\u00e4ltig ausgew\u00e4hlt und mit viel Liebe zum Detail beschrieben.<\/span><\/p>\n<p>Ob gem\u00fctlicher K\u00fcstenspaziergang zwischen roten Fischerh\u00fctten oder herausfordernde Gipfeltour mit spektakul\u00e4ren Gratpassagen \u2013 die Lofoten bieten Wandererlebnisse f\u00fcr jeden Geschmack. Selbst auf einfachen Wegen sind die Ausblicke \u00fcberw\u00e4ltigend: das leuchtend blaue Nordmeer, steil aufragende Berge und weite Horizonte machen jede Tour zum Naturerlebnis.<\/p>\n<p>Alle Wanderungen sind zuverl\u00e4ssig beschrieben, mit detaillierten Kartenausschnitten, aussagekr\u00e4ftigen H\u00f6henprofilen und allen wichtigen Infos zur Infrastruktur vor Ort. Dazu gibt es jede Menge Tipps zu lohnenden Abstechern, kulturellen Highlights und versteckten Naturwundern der Lofoten. GPS-Tracks, die zum Download bereitstehen, machen die Orientierung unterwegs einfach.<\/p>\n<p>6., aktualisierte Auflage 2025<br \/>\n232 Seiten, 74 H\u00f6henprofile, 60 Wanderk\u00e4rtchen im Ma\u00dfstab 1:25.000, 1:50.000 und 1:75.000, zwei \u00dcbersichtskarten, GPS-Tracks zum Download<\/p>","protected":false},"excerpt":{"rendered":"<p>60 Touren im Reich der Mitternachtssonne Tief eingeschnittene Fjorde, wei\u00dfe Sandstr\u00e4nde und spektakul\u00e4re Berglandschaften \u2013 die Lofoten sind ein Inselreich von monumentaler nordischer Sch\u00f6nheit. Wer hier wandert, entdeckt stille Pfade, grandiose Ausblicke und die unvergleichliche Magie des hohen Nordens. Der Rother Wanderf\u00fchrer \u00bbLofoten und Vester\u00e5len\u00ab pr\u00e4sentiert die 60 sch\u00f6nsten Touren n\u00f6rdlich des Polarkreises \u2013 sorgf\u00e4ltig [&#8230;]\n","protected":false},"featured_media":180664,"template":"","meta":[],"product_brand":[],"product_cat":[21605],"product_tag":[],"class_list":{"0":"post-147408","1":"product","2":"type-product","3":"status-publish","4":"has-post-thumbnail","6":"product_cat-wanderfuehrer-trekking","7":"pa_autor-kostial","8":"pa_erscheinungsjahr-27415","9":"pa_region-skandinavien-norwegen-schweden-finnland","10":"pa_sprache-de","12":"first","13":"instock","14":"taxable","15":"shipping-taxable","16":"purchasable","17":"product-type-simple"},"_links":{"self":[{"href":"https:\/\/pizbube.ch\/en\/wp-json\/wp\/v2\/product\/147408","targetHints":{"allow":["GET"]}}],"collection":[{"href":"https:\/\/pizbube.ch\/en\/wp-json\/wp\/v2\/product"}],"about":[{"href":"https:\/\/pizbube.ch\/en\/wp-json\/wp\/v2\/types\/product"}],"wp:featuredmedia":[{"embeddable":true,"href":"https:\/\/pizbube.ch\/en\/wp-json\/wp\/v2\/media\/180664"}],"wp:attachment":[{"href":"https:\/\/pizbube.ch\/en\/wp-json\/wp\/v2\/media?parent=147408"}],"wp:term":[{"taxonomy":"product_brand","embeddable":true,"href":"https:\/\/pizbube.ch\/en\/wp-json\/wp\/v2\/product_brand?post=147408"},{"taxonomy":"product_cat","embeddable":true,"href":"https:\/\/pizbube.ch\/en\/wp-json\/wp\/v2\/product_cat?post=147408"},{"taxonomy":"product_tag","embeddable":true,"href":"https:\/\/pizbube.ch\/en\/wp-json\/wp\/v2\/product_tag?post=147408"}],"curies":[{"name":"wp","href":"https:\/\/api.w.org\/{rel}","templated":true}]}}