{"id":147409,"date":"2021-01-15T10:55:13","date_gmt":"2021-01-15T10:55:13","guid":{"rendered":"https:\/\/codengine3.ch\/?product=import-placeholder-for-207584"},"modified":"2021-01-15T16:04:53","modified_gmt":"2021-01-15T16:04:53","slug":"entdecke-die-lofoten","status":"publish","type":"product","link":"https:\/\/pizbube.ch\/en\/shop\/entdecke-die-lofoten\/","title":{"rendered":"Entdecke die LOFOTEN"},"content":{"rendered":"<p>\n50 Outdoor-Highlights mit tollen Fotos  <\/p>\n<p>Neben vielen Wanderungen (von einfach und familientauglich bis sehr<br \/>\nanspruchsvoll) werden gem\u00fctliche Fahrrad- und spektakul\u00e4re Mountainbiketouren,<br \/>\nidyllische Kajaktouren im Sch\u00e4rengarten sowie Skitouren und rasante<br \/>\nSkiabfahrten vorgestellt. Es werden viele unterschiedliche Touren beschrieben,<br \/>\num einer breiten Palette von Interessen gerecht zu werden, auch wenn Sie<br \/>\nfeststellen werden, dass Wanderungen den Gro\u00dfteil der Outdoortouren ausmachen.<br \/>\nDieses Buch soll sowohl Reisende inspirieren, in die herrliche Natur zu gehen,<br \/>\num unvergessliche Momente zu erleben, als auch jene, die schon von zu Hause<br \/>\nihren Aktivurlaub planen.<\/p>\n<p>Die Aktivit\u00e4ten erstrecken sich \u00fcber die gesamten Lofoten, um einen m\u00f6glichst<br \/>\ngro\u00dfen geografischen Bereich abzudecken. Sie sind aufgeteilt in die 6<br \/>\nTourenbereiche &#171;Austv\u00e5g\u00f8y und Umgebung&#187;, &#171;Vestv\u00e5g\u00f8y und Gims\u00f8y&#187;,<br \/>\n&#171;Flakstad\u00f8y&#187;, &#171;Moskenes\u00f8y&#187;, &#171;V\u00e6r\u00f8y &#038; R\u00f8st&#187; sowie &#171;Winter auf den<br \/>\nLofoten&#187;.  <\/p>\n<p>\u00b7 Allgemeines und Besonderes zu jedem Tourenbereich auf mehreren Seiten sowie<br \/>\neine Doppelseite mit Karte und Tipps \/ Adressen zu Outdoor Aktivit\u00e4ten,<br \/>\n\u00dcbernachten in Rorbuer, Museen, Essen &#038; Trinken, Transport, u.v.m.<br \/>\n\u00b7 Beschreibung der Tour und farbige Tourenkarte zu jeder Tour sowie Fakten mit<br \/>\nSchwierigkeit, Dauer, H\u00f6henmeter, Tourentyp. Illustriert mit tollen Fotos.<\/p>\n<p>\u00b7 Weitere Tipps zu Klettern, Kajakfahren, SUP, Surfen, Rad fahren,<br \/>\nMountainbiken, Tauchen &#038; Schnorcheln, Golfen, Reiten, Vogelbeobachtung,<br \/>\nSkitouren, Angeln &#038; Fischen, Gleitschirm fliegen, Kunst<\/p>\n<p>3. Auflage 2019  <\/p>","protected":false},"excerpt":{"rendered":"<ul>\n<li><a href=\"https:\/\/pizbube.ch\/wp-content\/uploads\/attachments\/a_025\/988ED901B4AB0708CDB6DE388AAEAA64.pdf\" target=\"_blank\" rel=\"noopener\">PDF: Inhaltsverzeichnis Entdecke die Lofoten<\/a><\/li>\n<\/ul>","protected":false},"featured_media":37896,"template":"","meta":[],"product_brand":[],"product_cat":[21605],"product_tag":[],"class_list":{"0":"post-147409","1":"product","2":"type-product","3":"status-publish","4":"has-post-thumbnail","6":"product_cat-wanderfuehrer-trekking","7":"pa_autor-folsland-olsen","8":"pa_erscheinungsjahr-21586","9":"pa_region-skandinavien-norwegen-schweden-finnland","10":"pa_sprache-de","12":"first","13":"instock","14":"taxable","15":"shipping-taxable","16":"purchasable","17":"product-type-simple"},"_links":{"self":[{"href":"https:\/\/pizbube.ch\/en\/wp-json\/wp\/v2\/product\/147409","targetHints":{"allow":["GET"]}}],"collection":[{"href":"https:\/\/pizbube.ch\/en\/wp-json\/wp\/v2\/product"}],"about":[{"href":"https:\/\/pizbube.ch\/en\/wp-json\/wp\/v2\/types\/product"}],"wp:featuredmedia":[{"embeddable":true,"href":"https:\/\/pizbube.ch\/en\/wp-json\/wp\/v2\/media\/37896"}],"wp:attachment":[{"href":"https:\/\/pizbube.ch\/en\/wp-json\/wp\/v2\/media?parent=147409"}],"wp:term":[{"taxonomy":"product_brand","embeddable":true,"href":"https:\/\/pizbube.ch\/en\/wp-json\/wp\/v2\/product_brand?post=147409"},{"taxonomy":"product_cat","embeddable":true,"href":"https:\/\/pizbube.ch\/en\/wp-json\/wp\/v2\/product_cat?post=147409"},{"taxonomy":"product_tag","embeddable":true,"href":"https:\/\/pizbube.ch\/en\/wp-json\/wp\/v2\/product_tag?post=147409"}],"curies":[{"name":"wp","href":"https:\/\/api.w.org\/{rel}","templated":true}]}}