{"id":147410,"date":"2021-01-15T10:55:13","date_gmt":"2021-01-15T10:55:13","guid":{"rendered":"https:\/\/codengine3.ch\/?product=import-placeholder-for-207694"},"modified":"2023-02-07T11:39:55","modified_gmt":"2023-02-07T10:39:55","slug":"toppturer-i-sorvest","status":"publish","type":"product","link":"https:\/\/pizbube.ch\/en\/shop\/toppturer-i-sorvest\/","title":{"rendered":"Toppturer i S\u00f8rvest"},"content":{"rendered":"<p>Guidebok for skiturer i Rosendal, Hunnedalen, R\u00f8ldal og p\u00e5 Haukeli.<\/p>\n<p>Spisse tinder, storsl\u00e5tte h\u00f8yfjellslandskaper, fjordutsikt, isbreer, dyp<br \/>\npuddersn\u00f8 og nedkj\u00f8ringer som varer helt ned til fj\u00e6resteinene. Fjellene<br \/>\ns\u00f8rvest i Norge er et omr\u00e5de ingen ekte skientusiast b\u00f8r g\u00e5 glipp av. Med boka<br \/>\nToppturer i s\u00f8rvest kommer for f\u00f8rste gang en detaljert og lettfattelig<br \/>\nguidebok som viser frem disse opplevelsene.<\/p>\n<p>Toppturer p\u00e5 ski og sn\u00f8brett er blitt en folkesport i Norge. Det er ingenting<br \/>\nsom sl\u00e5r opplevelsen av \u00e5 g\u00e5 til topps p\u00e5 et fjell for egen maskin og suse ned<br \/>\nigjen p\u00e5 godt f\u00f8re. S\u00f8rvest i Norge ligger noen av de beste omr\u00e5dene for dette<br \/>\nfriluftslivet, og boka Toppturer i s\u00f8rvest gir deg alle hemmelighetene.<\/p>\n<p>Rosendal har de spisse tindene og den vakre fjordutsikten. Hunnedalen har<br \/>\nspennende sn\u00f8renner bare en dr\u00f8y times kj\u00f8ring fra Stavanger. R\u00f8ldal har de<br \/>\nst\u00f8rste sn\u00f8mengdene i Norge. Haukeli er h\u00f8yfjellsomr\u00e5det der \u00f8st m\u00f8ter vest. I<br \/>\nboka Toppturer i s\u00f8rvest er alle disse omr\u00e5dene beskrevet p\u00e5 en m\u00e5te som gj\u00f8r<br \/>\nat skientusiaster p\u00e5 alle niv\u00e5er kan finne sin dr\u00f8mmetur.<\/p>\n<p>I boka er hver tur beskrevet med startsted, rutevalg og sikkerhetsinformasjon.<br \/>\nRutene er tegnet inn p\u00e5 oversiktsbilder og p\u00e5 kart. Boka er gjennomillustrert<br \/>\nmed flotte ski- og landskapsbilder.<\/p>","protected":false},"excerpt":{"rendered":"<p>Guidebok for skiturer i Rosendal, Hunnedalen, R\u00f8ldal og p\u00e5 Haukeli. Spisse tinder, storsl\u00e5tte h\u00f8yfjellslandskaper, fjordutsikt, isbreer, dyp puddersn\u00f8 og nedkj\u00f8ringer som varer helt ned til fj\u00e6resteinene. Fjellene s\u00f8rvest i Norge er et omr\u00e5de ingen ekte skientusiast b\u00f8r g\u00e5 glipp av. Med boka Toppturer i s\u00f8rvest kommer for f\u00f8rste gang en detaljert og lettfattelig guidebok som [&#8230;]\n","protected":false},"featured_media":166022,"template":"","meta":[],"product_brand":[],"product_cat":[21540],"product_tag":[27226],"class_list":{"0":"post-147410","1":"product","2":"type-product","3":"status-publish","4":"has-post-thumbnail","6":"product_cat-fuehrerliteratur-alpin-winter","7":"product_tag-toppturer-i-sorvest","8":"pa_autor-sollie","9":"pa_erscheinungsjahr-21558","10":"pa_region-skandinavien-norwegen-schweden-finnland","11":"pa_sprache-norw","13":"first","14":"instock","15":"taxable","16":"shipping-taxable","17":"purchasable","18":"product-type-simple"},"_links":{"self":[{"href":"https:\/\/pizbube.ch\/en\/wp-json\/wp\/v2\/product\/147410","targetHints":{"allow":["GET"]}}],"collection":[{"href":"https:\/\/pizbube.ch\/en\/wp-json\/wp\/v2\/product"}],"about":[{"href":"https:\/\/pizbube.ch\/en\/wp-json\/wp\/v2\/types\/product"}],"wp:featuredmedia":[{"embeddable":true,"href":"https:\/\/pizbube.ch\/en\/wp-json\/wp\/v2\/media\/166022"}],"wp:attachment":[{"href":"https:\/\/pizbube.ch\/en\/wp-json\/wp\/v2\/media?parent=147410"}],"wp:term":[{"taxonomy":"product_brand","embeddable":true,"href":"https:\/\/pizbube.ch\/en\/wp-json\/wp\/v2\/product_brand?post=147410"},{"taxonomy":"product_cat","embeddable":true,"href":"https:\/\/pizbube.ch\/en\/wp-json\/wp\/v2\/product_cat?post=147410"},{"taxonomy":"product_tag","embeddable":true,"href":"https:\/\/pizbube.ch\/en\/wp-json\/wp\/v2\/product_tag?post=147410"}],"curies":[{"name":"wp","href":"https:\/\/api.w.org\/{rel}","templated":true}]}}