{"id":147413,"date":"2021-01-15T10:55:14","date_gmt":"2021-01-15T10:55:14","guid":{"rendered":"https:\/\/codengine3.ch\/?product=import-placeholder-for-208270"},"modified":"2024-03-19T15:38:15","modified_gmt":"2024-03-19T14:38:15","slug":"hoyfjellskart-lofoten-austvagoya-svolvaer-130000","status":"publish","type":"product","link":"https:\/\/pizbube.ch\/en\/shop\/hoyfjellskart-lofoten-austvagoya-svolvaer-130000\/","title":{"rendered":"H\u00f8yfjellskart Lofoten: Austv\u00e5g\u00f8ya &#8211; Svolv\u00e6r 1:30&#8217;000"},"content":{"rendered":"<p>Double sided map<br \/>\nRelief shown by contours<br \/>\nHighly detailed topography for off-trail hiking<\/p>\n<p>Accommodation (huts, refuges and campgrounds)<br \/>\nRoad network<br \/>\nTourist and outdoor activities informations<br \/>\nGPS compatible<\/p>","protected":false},"excerpt":{"rendered":"<p>Double sided map Relief shown by contours Highly detailed topography for off-trail hiking Accommodation (huts, refuges and campgrounds) Road network Tourist and outdoor activities informations GPS compatible<\/p>","protected":false},"featured_media":165566,"template":"","meta":[],"product_brand":[],"product_cat":[21543],"product_tag":[27419],"class_list":{"0":"post-147413","1":"product","2":"type-product","3":"status-publish","4":"has-post-thumbnail","6":"product_cat-landkarten","7":"product_tag-svolvaer","8":"pa_autor-calazo","9":"pa_erscheinungsjahr-21586","10":"pa_region-skandinavien-norwegen-schweden-finnland","11":"pa_sprache-norw-en-2","13":"first","14":"instock","15":"taxable","16":"shipping-taxable","17":"purchasable","18":"product-type-simple"},"_links":{"self":[{"href":"https:\/\/pizbube.ch\/en\/wp-json\/wp\/v2\/product\/147413","targetHints":{"allow":["GET"]}}],"collection":[{"href":"https:\/\/pizbube.ch\/en\/wp-json\/wp\/v2\/product"}],"about":[{"href":"https:\/\/pizbube.ch\/en\/wp-json\/wp\/v2\/types\/product"}],"wp:featuredmedia":[{"embeddable":true,"href":"https:\/\/pizbube.ch\/en\/wp-json\/wp\/v2\/media\/165566"}],"wp:attachment":[{"href":"https:\/\/pizbube.ch\/en\/wp-json\/wp\/v2\/media?parent=147413"}],"wp:term":[{"taxonomy":"product_brand","embeddable":true,"href":"https:\/\/pizbube.ch\/en\/wp-json\/wp\/v2\/product_brand?post=147413"},{"taxonomy":"product_cat","embeddable":true,"href":"https:\/\/pizbube.ch\/en\/wp-json\/wp\/v2\/product_cat?post=147413"},{"taxonomy":"product_tag","embeddable":true,"href":"https:\/\/pizbube.ch\/en\/wp-json\/wp\/v2\/product_tag?post=147413"}],"curies":[{"name":"wp","href":"https:\/\/api.w.org\/{rel}","templated":true}]}}