{"id":147414,"date":"2021-01-15T10:55:14","date_gmt":"2021-01-15T10:55:14","guid":{"rendered":"https:\/\/codengine3.ch\/?product=import-placeholder-for-203663"},"modified":"2025-07-08T14:39:37","modified_gmt":"2025-07-08T12:39:37","slug":"escalade-plaisir-alpes-francaises-du-nord","status":"publish","type":"product","link":"https:\/\/pizbube.ch\/en\/shop\/escalade-plaisir-alpes-francaises-du-nord\/","title":{"rendered":"ESCALADE PLAISIR &#8211; ALPES FRANCAISES DU NORD"},"content":{"rendered":"<p>206 GRANDES VOIES DU 4A AU 6A\/B D&#8217;ACC\u00c8S AIS\u00c9:<\/p>\n<p>Ce topo-guide est ax\u00e9 sur le plaisir de l&#8217;escalade en &#171;grandes voies&#187; (hauteur 100 \u00e0 400 m\u00e8tres) de difficult\u00e9 abordable (4a \u00e0 6a+ maxi, 4a \u00e0 5c+ oblig\u00e9) et d&#8217;acc\u00e8s ais\u00e9 (piolet et crampons inutiles, sac l\u00e9ger). Toutes les voies s\u00e9lectionn\u00e9es offrent une belle escalade en bon rocher, le plus souvent bien \u00e9quip\u00e9e ou facile \u00e0 prot\u00e9ger. Leur description est tr\u00e8s \u00adpr\u00e9cise (texte d\u00e9taill\u00e9 plus croquis d\u00e9taill\u00e9) pour que le grimpeur, bien renseign\u00e9 sur l&#8217;itin\u00e9raire, puisse savourer pleinement l&#8217;ambiance et le plaisir du geste.<\/p>\n<p>Cette 3e \u00e9dition, mise \u00e0 jour, incluant 27 nouveaux itin\u00e9raires, d\u00e9crit 206 voies, toutes parcourues par l&#8217;auteur, dans les massifs suivants : Aiguilles Rouges, Bornes et Aravis, Beaufortin, Vanoise, Chartreuse et Vercors, D\u00e9voluy, Belledonne et Taillefer, Grandes Rousses, Oisans et Cerces. Herv\u00e9 Galley, ing\u00e9nieur grenoblois, a parcouru plus de 900 grandes voies, ac\u00adcu\u00admulant une vaste exp\u00e9rience dont il souhaite faire profiter le lecteur. Il est l&#8217;auteur, avec Emmanuel Cabau ou seul, de trois ouvrages sur le ski de randonn\u00e9e (Is\u00e8re, Hautes-Alpes, Alpes du Sud), d&#8217;un guide d&#8217;escalade dans les Alpes du Sud et d&#8217;un guide de randonn\u00e9e dans les montagnes du Maroc, tous publi\u00e9s aux Editions Olizane dans la m\u00eame collection.<\/p>\n<p>336 pages<\/p>","protected":false},"excerpt":{"rendered":"<p>206 GRANDES VOIES DU 4A AU 6A\/B D&#8217;ACC\u00c8S AIS\u00c9: Ce topo-guide est ax\u00e9 sur le plaisir de l&#8217;escalade en &#171;grandes voies&#187; (hauteur 100 \u00e0 400 m\u00e8tres) de difficult\u00e9 abordable (4a \u00e0 6a+ maxi, 4a \u00e0 5c+ oblig\u00e9) et d&#8217;acc\u00e8s ais\u00e9 (piolet et crampons inutiles, sac l\u00e9ger). Toutes les voies s\u00e9lectionn\u00e9es offrent une belle escalade en [&#8230;]\n","protected":false},"featured_media":162400,"template":"","meta":[],"product_brand":[],"product_cat":[21539],"product_tag":[],"class_list":{"0":"post-147414","1":"product","2":"type-product","3":"status-publish","4":"has-post-thumbnail","6":"product_cat-fuehrerliteratur-sportklettern-bouldern","7":"pa_autor-galley","8":"pa_erscheinungsjahr-21558","9":"pa_region-frankreich","10":"pa_sprache-fr","12":"first","13":"instock","14":"taxable","15":"shipping-taxable","16":"purchasable","17":"product-type-simple"},"_links":{"self":[{"href":"https:\/\/pizbube.ch\/en\/wp-json\/wp\/v2\/product\/147414","targetHints":{"allow":["GET"]}}],"collection":[{"href":"https:\/\/pizbube.ch\/en\/wp-json\/wp\/v2\/product"}],"about":[{"href":"https:\/\/pizbube.ch\/en\/wp-json\/wp\/v2\/types\/product"}],"wp:featuredmedia":[{"embeddable":true,"href":"https:\/\/pizbube.ch\/en\/wp-json\/wp\/v2\/media\/162400"}],"wp:attachment":[{"href":"https:\/\/pizbube.ch\/en\/wp-json\/wp\/v2\/media?parent=147414"}],"wp:term":[{"taxonomy":"product_brand","embeddable":true,"href":"https:\/\/pizbube.ch\/en\/wp-json\/wp\/v2\/product_brand?post=147414"},{"taxonomy":"product_cat","embeddable":true,"href":"https:\/\/pizbube.ch\/en\/wp-json\/wp\/v2\/product_cat?post=147414"},{"taxonomy":"product_tag","embeddable":true,"href":"https:\/\/pizbube.ch\/en\/wp-json\/wp\/v2\/product_tag?post=147414"}],"curies":[{"name":"wp","href":"https:\/\/api.w.org\/{rel}","templated":true}]}}