{"id":147415,"date":"2021-01-15T10:55:14","date_gmt":"2021-01-15T10:55:14","guid":{"rendered":"https:\/\/codengine3.ch\/?product=import-placeholder-for-204968"},"modified":"2025-04-29T15:37:25","modified_gmt":"2025-04-29T13:37:25","slug":"les-blocs-de-la-region-de-chamonix","status":"publish","type":"product","link":"https:\/\/pizbube.ch\/en\/shop\/les-blocs-de-la-region-de-chamonix\/","title":{"rendered":"Les Blocs de la R\u00e9gion de Chamonix"},"content":{"rendered":"<p>Dass man bei Chamonix den einen oder anderen exzellenten Boulderspot finden<br \/>\nkann, ist seit langem bekannt. Der Gebietskenner und ortsans\u00e4ssige Bergf\u00fchrer<br \/>\nEmmanuel Ratouis stellt nun die bekanntesten sowie einige brandneue Gebiete<br \/>\nausf\u00fchrlich vor und f\u00fchrt uns in die Blockwelt dieser faszinierenden<br \/>\nBerglandschaft am Fu\u00dfe des Mont Blanc.<\/p>\n<p>In den 19 Gebieten finden sich \u00fcber 1000 Boulderprobleme, 200 davon neu.<br \/>\nVielfalt ist schon allein durch die unterschiedlichen Gesteinsarten geboten.<br \/>\nDie gro\u00dfartige Bergwelt um Chamonix wartet gleicherma\u00dfen mit rauem<br \/>\nHochgebirgskalk, Gneis und Granit auf!<\/p>\n<p>Zahlreiche Parcours von leicht f\u00fcr Kinder bis extrem schwer sowie jede Menge<br \/>\nEinzelprobleme in nahezu allen Schwierigkeitsgraden lassen mit Sicherheit<br \/>\nkeine Langeweile aufkommen!<\/p>\n<p><span class=\"txt_klein\">Le Col de la Colombi\u00e8re<br \/>\nLa Maladi\u00e8re<br \/>\nM\u00e9donnet Graniteurs<br \/>\nM\u00e9donnet Cruet<br \/>\nM\u00e9donnet d&#8217;en bas<br \/>\nM\u00e9donnet classique<br \/>\nM\u00e9donnet haut<br \/>\nLe Fayet<br \/>\nVieux Servoz<br \/>\nServoz\/Les Houches Table<br \/>\nLes Houches<br \/>\nLes Bossons<br \/>\nLes mille cacas<br \/>\nOrthaz<br \/>\nLe Lavancher<br \/>\nArgenti\u00e8re Grands Montets<br \/>\nArgenti\u00e8re Centre<br \/>\nLe col des Montets (Argenti\u00e8re)<br \/>\nLe col des Montets (Vallorcine)<\/span><\/p>\n<p>2. Auflage 2016<\/p>\n<p>Rumour has it that there are some good bouldering spots around Chamonix. In<br \/>\nhis bouldering guidebook the local mountain guide Emmanuel Ratouis describes<br \/>\nthe best known of these areas as well as a good bunch of excellent new spots<br \/>\nand guides us into the world of bouldering in the fascinating mountain scenery<br \/>\nat the base of the Mont Blanc.<\/p>\n<p>In the 19 areas can be found more than 1000 boulder problems, 200 of these are<br \/>\nnew. The mix of different rock types guarantees a great variety. The<br \/>\nbreathtaking mountainworld around Chamonix offers rough high mountain<br \/>\nlimestone as well as granite and gneiss!<\/p>\n<p>Many circuits starting with easy for children up to extremely hard and<br \/>\ncountless isolated problems in almost all grades will keep you busy for a long<br \/>\ntime!<\/p>\n<p>2nd edition 2016<\/p>","protected":false},"excerpt":{"rendered":"<p>Dass man bei Chamonix den einen oder anderen exzellenten Boulderspot finden kann, ist seit langem bekannt. Der Gebietskenner und ortsans\u00e4ssige Bergf\u00fchrer Emmanuel Ratouis stellt nun die bekanntesten sowie einige brandneue Gebiete ausf\u00fchrlich vor und f\u00fchrt uns in die Blockwelt dieser faszinierenden Berglandschaft am Fu\u00dfe des Mont Blanc. In den 19 Gebieten finden sich \u00fcber 1000 [&#8230;]\n","protected":false},"featured_media":179507,"template":"","meta":[],"product_brand":[],"product_cat":[21539],"product_tag":[],"class_list":{"0":"post-147415","1":"product","2":"type-product","3":"status-publish","4":"has-post-thumbnail","6":"product_cat-fuehrerliteratur-sportklettern-bouldern","7":"pa_autor-ratouis","8":"pa_erscheinungsjahr-21571","9":"pa_region-frankreich","10":"pa_sprache-fr-en-de","12":"first","13":"outofstock","14":"taxable","15":"shipping-taxable","16":"purchasable","17":"product-type-simple"},"_links":{"self":[{"href":"https:\/\/pizbube.ch\/en\/wp-json\/wp\/v2\/product\/147415","targetHints":{"allow":["GET"]}}],"collection":[{"href":"https:\/\/pizbube.ch\/en\/wp-json\/wp\/v2\/product"}],"about":[{"href":"https:\/\/pizbube.ch\/en\/wp-json\/wp\/v2\/types\/product"}],"wp:featuredmedia":[{"embeddable":true,"href":"https:\/\/pizbube.ch\/en\/wp-json\/wp\/v2\/media\/179507"}],"wp:attachment":[{"href":"https:\/\/pizbube.ch\/en\/wp-json\/wp\/v2\/media?parent=147415"}],"wp:term":[{"taxonomy":"product_brand","embeddable":true,"href":"https:\/\/pizbube.ch\/en\/wp-json\/wp\/v2\/product_brand?post=147415"},{"taxonomy":"product_cat","embeddable":true,"href":"https:\/\/pizbube.ch\/en\/wp-json\/wp\/v2\/product_cat?post=147415"},{"taxonomy":"product_tag","embeddable":true,"href":"https:\/\/pizbube.ch\/en\/wp-json\/wp\/v2\/product_tag?post=147415"}],"curies":[{"name":"wp","href":"https:\/\/api.w.org\/{rel}","templated":true}]}}