{"id":147416,"date":"2021-01-15T10:55:14","date_gmt":"2021-01-15T10:55:14","guid":{"rendered":"https:\/\/codengine3.ch\/?product=import-placeholder-for-207745"},"modified":"2025-07-18T09:38:23","modified_gmt":"2025-07-18T07:38:23","slug":"bornes-aravis-de-bonneville-au-grand-bornand-tome-1","status":"publish","type":"product","link":"https:\/\/pizbube.ch\/en\/shop\/bornes-aravis-de-bonneville-au-grand-bornand-tome-1\/","title":{"rendered":"Bornes Aravis &#8211; De Bonneville au Grand Bornand (Tome 1)"},"content":{"rendered":"<p>Topo d&#8217;escalade sur le massif Bornes Aravis, de Bonneville au Grand Bornand,<br \/>\nce livre d\u00e9crit 38 sites r\u00e9parties sur 900 voies de tous niveaux.<\/p>\n<div class=\"elementor-element elementor-element-4197063 elementor-widget elementor-widget-text-editor\" data-id=\"4197063\" data-element_type=\"widget\" data-widget_type=\"text-editor.default\">\n<div class=\"elementor-widget-container\">\n<p>Toutes les falaises autour de Bonneville, du Mont-Saxonnex, du Petit et du Grand-Bornand.<\/p>\n<\/div>\n<\/div>\n<p>Ce topo offre des informations tr\u00e8s d\u00e9taill\u00e9es pour la quasi totalit\u00e9 des<br \/>\nvoies :<br \/>\n&#8211; Couennes : cotation, longueur, nombre de d\u00e9gaines n\u00e9cessaires, type<br \/>\nd&#8217;effort (bloc, r\u00e9si ou conti), inclinaison(s), int\u00e9r\u00eat de la voie,<br \/>\npossibilit\u00e9 \u00e9ventuelle de grimper par temps pluvieux, un commentaire. Exemples<br \/>\n(du topo Giffre, Risse, Foron) ici et l\u00e0.<\/p>\n<p>&#8211; Grandes voies : Cotations, nombre de d\u00e9gaines n\u00e9cessaires pour la plupart<br \/>\ndes voies &#171;sportives&#187;, taille de coinceurs pour les voies en terrain<br \/>\nd&#8217;aventure, commentaire.<br \/>\n&#8211; Hauteur de la plupart des rappels ainsi que de nombreuses moulinettes<br \/>\n(pr\u00e9cision proche de un m\u00e8tre).<\/p>\n<p>Un topo enti\u00e8rement en couleur. La plupart des topos des grandes falaises sont<br \/>\ntrac\u00e9s sur photo, de m\u00eame que quelques sites de &#171;couennes&#187;.<\/p>\n<p>Pour chaque site l&#8217;acc\u00e8s est syst\u00e9matiquement expliqu\u00e9 par un texte et un<br \/>\nsch\u00e9ma tr\u00e8s pr\u00e9cis&#8230; difficile de se tromper. Un tableau r\u00e9capitulatif en<br \/>\nd\u00e9but de topo, ainsi qu&#8217;\u00e0 chaque chapitre, permet de faire une s\u00e9lection<br \/>\nrapide en fonction du niveau du grimpeur, de la longueur de voies d\u00e9sir\u00e9e ou<br \/>\nbien des conditions de temp\u00e9rature esp\u00e9r\u00e9es. Les \u00e9trangers appr\u00e9cieront le<br \/>\nlexique en Anglais, Allemand et Italien, qui traduit les mots techniques,<br \/>\nainsi que les symboles pour les falaises et pour les voies.<\/p>\n<p>Les coordonn\u00e9es GPS de tous les parkings, ainsi que de certains endroits<br \/>\ndifficiles \u00e0 trouver, sont indiqu\u00e9s.<\/p>\n<p>232 pages;<br \/>\n\u00e9dit. 2025<\/p>","protected":false},"excerpt":{"rendered":"<p>Topo d&#8217;escalade sur le massif Bornes Aravis, de Bonneville au Grand Bornand, ce livre d\u00e9crit 38 sites r\u00e9parties sur 900 voies de tous niveaux. Toutes les falaises autour de Bonneville, du Mont-Saxonnex, du Petit et du Grand-Bornand. Ce topo offre des informations tr\u00e8s d\u00e9taill\u00e9es pour la quasi totalit\u00e9 des voies : &#8211; Couennes : cotation, [&#8230;]\n","protected":false},"featured_media":179064,"template":"","meta":[],"product_brand":[],"product_cat":[21539],"product_tag":[],"class_list":{"0":"post-147416","1":"product","2":"type-product","3":"status-publish","4":"has-post-thumbnail","6":"product_cat-fuehrerliteratur-sportklettern-bouldern","7":"pa_autor-brunot","8":"pa_erscheinungsjahr-27415","9":"pa_region-frankreich","10":"pa_sprache-fr","12":"first","13":"instock","14":"taxable","15":"shipping-taxable","16":"purchasable","17":"product-type-simple"},"_links":{"self":[{"href":"https:\/\/pizbube.ch\/en\/wp-json\/wp\/v2\/product\/147416","targetHints":{"allow":["GET"]}}],"collection":[{"href":"https:\/\/pizbube.ch\/en\/wp-json\/wp\/v2\/product"}],"about":[{"href":"https:\/\/pizbube.ch\/en\/wp-json\/wp\/v2\/types\/product"}],"wp:featuredmedia":[{"embeddable":true,"href":"https:\/\/pizbube.ch\/en\/wp-json\/wp\/v2\/media\/179064"}],"wp:attachment":[{"href":"https:\/\/pizbube.ch\/en\/wp-json\/wp\/v2\/media?parent=147416"}],"wp:term":[{"taxonomy":"product_brand","embeddable":true,"href":"https:\/\/pizbube.ch\/en\/wp-json\/wp\/v2\/product_brand?post=147416"},{"taxonomy":"product_cat","embeddable":true,"href":"https:\/\/pizbube.ch\/en\/wp-json\/wp\/v2\/product_cat?post=147416"},{"taxonomy":"product_tag","embeddable":true,"href":"https:\/\/pizbube.ch\/en\/wp-json\/wp\/v2\/product_tag?post=147416"}],"curies":[{"name":"wp","href":"https:\/\/api.w.org\/{rel}","templated":true}]}}