{"id":147417,"date":"2021-01-15T10:55:14","date_gmt":"2021-01-15T10:55:14","guid":{"rendered":"https:\/\/codengine3.ch\/?product=import-placeholder-for-200723"},"modified":"2022-07-13T10:59:40","modified_gmt":"2022-07-13T08:59:40","slug":"bornes-aravis-la-clusaz-thones-ugine-tome-2","status":"publish","type":"product","link":"https:\/\/pizbube.ch\/en\/shop\/bornes-aravis-la-clusaz-thones-ugine-tome-2\/","title":{"rendered":"Bornes Aravis &#8211; La Clusaz, Th\u00f4nes, Ugine (Tome 2)"},"content":{"rendered":"<p>Ce topo offre des informations tr\u00e8s d\u00e9taill\u00e9es pour la quasi totalit\u00e9 des<br \/>\nvoies :<\/p>\n<p>&#8211; Couennes : cotation, longueur, nombre de d\u00e9gaines n\u00e9cessaires, type<br \/>\nd&#8217;effort (bloc, r\u00e9si ou conti), inclinaison(s), int\u00e9r\u00eat de la voie,<br \/>\npossibilit\u00e9 \u00e9ventuelle de grimper par temps pluvieux, un commentaire. Exemples<br \/>\n(du topo Giffre, Risse, Foron) ici et l\u00e0.<br \/>\n&#8211; Grandes voies : Cotations, nombre de d\u00e9gaines n\u00e9cessaires pour la plupart<br \/>\ndes voies &#171;sportives&#187;, taille de coinceurs pour les voies en terrain<br \/>\nd&#8217;aventure, commentaire.<br \/>\n&#8211; Hauteur de la plupart des rappels ainsi que de nombreuses moulinettes<br \/>\n(pr\u00e9cision proche de un m\u00e8tre).<\/p>\n<p>La quasi totalit\u00e9 des voies ont \u00e9t\u00e9 grimp\u00e9es lors de la pr\u00e9paration de ce topo<br \/>\nafin de fournir une information fiable.<\/p>\n<p>Un topo enti\u00e8rement en couleur. La plupart des topos des grandes falaises sont<br \/>\ntrac\u00e9s sur photo, de m\u00eame que quelques sites de &#171;couennes&#187;.<\/p>\n<p>Pour chaque site l&#8217;acc\u00e8s est syst\u00e9matiquement expliqu\u00e9 par un texte et un<br \/>\nsch\u00e9ma tr\u00e8s pr\u00e9cis&#8230; difficile de se tromper. Un tableau r\u00e9capitulatif en<br \/>\nd\u00e9but de topo, ainsi qu&#8217;\u00e0 chaque chapitre, permet de faire une s\u00e9lection<br \/>\nrapide en fonction du niveau du grimpeur, de la longueur de voies d\u00e9sir\u00e9e ou<br \/>\nbien des conditions de temp\u00e9rature esp\u00e9r\u00e9es. Les \u00e9trangers appr\u00e9cieront le<br \/>\nlexique en Anglais, Allemand et Italien, qui traduit les mots techniques,<br \/>\nainsi que les symboles pour les falaises et pour les voies.<\/p>\n<p>Les coordonn\u00e9es GPS de tous les parkings, ainsi que de certains endroits<br \/>\ndifficiles \u00e0 trouver, sont indiqu\u00e9s.<\/p>","protected":false},"excerpt":{"rendered":"<p>Ce topo offre des informations tr\u00e8s d\u00e9taill\u00e9es pour la quasi totalit\u00e9 des voies : &#8211; Couennes : cotation, longueur, nombre de d\u00e9gaines n\u00e9cessaires, type d&#8217;effort (bloc, r\u00e9si ou conti), inclinaison(s), int\u00e9r\u00eat de la voie, possibilit\u00e9 \u00e9ventuelle de grimper par temps pluvieux, un commentaire. Exemples (du topo Giffre, Risse, Foron) ici et l\u00e0. &#8211; Grandes voies [&#8230;]\n","protected":false},"featured_media":162736,"template":"","meta":[],"product_brand":[],"product_cat":[21539],"product_tag":[],"class_list":{"0":"post-147417","1":"product","2":"type-product","3":"status-publish","4":"has-post-thumbnail","6":"product_cat-fuehrerliteratur-sportklettern-bouldern","7":"pa_autor-brunot","8":"pa_erscheinungsjahr-21558","9":"pa_region-frankreich","10":"pa_sprache-fr","12":"first","13":"instock","14":"taxable","15":"shipping-taxable","16":"purchasable","17":"product-type-simple"},"_links":{"self":[{"href":"https:\/\/pizbube.ch\/en\/wp-json\/wp\/v2\/product\/147417","targetHints":{"allow":["GET"]}}],"collection":[{"href":"https:\/\/pizbube.ch\/en\/wp-json\/wp\/v2\/product"}],"about":[{"href":"https:\/\/pizbube.ch\/en\/wp-json\/wp\/v2\/types\/product"}],"wp:featuredmedia":[{"embeddable":true,"href":"https:\/\/pizbube.ch\/en\/wp-json\/wp\/v2\/media\/162736"}],"wp:attachment":[{"href":"https:\/\/pizbube.ch\/en\/wp-json\/wp\/v2\/media?parent=147417"}],"wp:term":[{"taxonomy":"product_brand","embeddable":true,"href":"https:\/\/pizbube.ch\/en\/wp-json\/wp\/v2\/product_brand?post=147417"},{"taxonomy":"product_cat","embeddable":true,"href":"https:\/\/pizbube.ch\/en\/wp-json\/wp\/v2\/product_cat?post=147417"},{"taxonomy":"product_tag","embeddable":true,"href":"https:\/\/pizbube.ch\/en\/wp-json\/wp\/v2\/product_tag?post=147417"}],"curies":[{"name":"wp","href":"https:\/\/api.w.org\/{rel}","templated":true}]}}