{"id":147421,"date":"2021-01-15T10:55:14","date_gmt":"2021-01-15T10:55:14","guid":{"rendered":"https:\/\/codengine3.ch\/?product=import-placeholder-for-200208"},"modified":"2024-06-28T15:04:59","modified_gmt":"2024-06-28T13:04:59","slug":"corse-paradis-du-canyoning","status":"publish","type":"product","link":"https:\/\/pizbube.ch\/en\/shop\/corse-paradis-du-canyoning\/","title":{"rendered":"Corse &#8211; paradis du canyoning"},"content":{"rendered":"<p>40 descentes d\u00e9taill\u00e9es dont : 8 randonn\u00e9es aquatiques familiales ; 7 canyons<br \/>\nen sardaigne ; 130 photos couleur ; 35 cartes d\u00e9taill\u00e9es ; 60 bonnes adresses<br \/>\ns\u00e9lectionn\u00e9es ; 40 id\u00e9es d&#8217;activit\u00e9s &#187; nature &#187; escalade, randonn\u00e9e, via<br \/>\nferrata. 10 synoptiques pour les canyons techniques.<\/p>\n<p>Que vous soyez d\u00e9butant, simplement attir\u00e9 par une ballade fra\u00eecheur, ou<br \/>\nsp\u00e9cialiste en qu\u00eate d&#8217;\u00e9motion et d&#8217;in\u00e9dit, ce guide est un v\u00e9ritable tour de<br \/>\ncorse des jeux aquatiques dans les plus beaux torrents et canyons de l&#8217;\u00eele de<br \/>\nbeaut\u00e9. De la randonn\u00e9e aquatique en famille, facile et sans mat\u00e9riel<br \/>\nparticulier, au canyon d&#8217;aventure, vertical et technique, r\u00e9serv\u00e9 aux<br \/>\npratiquants confirm\u00e9s, c&#8217;est une invitation \u00e0 la d\u00e9couverte de la beaut\u00e9<br \/>\nsauvage de ces lieux magiques, de vasques \u00e9meraude en cascades cristallines.<br \/>\nici, partout fr\u00e9mit l&#8217;\u00e9motion, partout r\u00e8gne l&#8217;\u00e9merveillement.<\/p>\n<p>3 langues \u00e9trang\u00e8res pour l&#8217;utilisation du guide, les conseils pratiques et la<br \/>\ns\u00e9curit\u00e9. un ouvrage technique mais aussi un v\u00e9ritable \u00e9lan d&#8217;amour pour cette<br \/>\nile de beaut\u00e9 o\u00fa la nature et les hommes vous invitent \u00e0 la passion.<\/p>","protected":false},"excerpt":{"rendered":"<p>40 descentes d\u00e9taill\u00e9es dont : 8 randonn\u00e9es aquatiques familiales ; 7 canyons en sardaigne ; 130 photos couleur ; 35 cartes d\u00e9taill\u00e9es ; 60 bonnes adresses s\u00e9lectionn\u00e9es ; 40 id\u00e9es d&#8217;activit\u00e9s &#187; nature &#187; escalade, randonn\u00e9e, via ferrata. 10 synoptiques pour les canyons techniques. Que vous soyez d\u00e9butant, simplement attir\u00e9 par une ballade fra\u00eecheur, ou [&#8230;]\n","protected":false},"featured_media":26209,"template":"","meta":[],"product_brand":[],"product_cat":[21650],"product_tag":[],"class_list":{"0":"post-147421","1":"product","2":"type-product","3":"status-publish","4":"has-post-thumbnail","6":"product_cat-canyoningfuehrer","7":"pa_autor-ayasse-dubreuil","8":"pa_erscheinungsjahr-21776","9":"pa_region-frankreich","10":"pa_sprache-fr","12":"first","13":"outofstock","14":"taxable","15":"shipping-taxable","16":"purchasable","17":"product-type-simple"},"_links":{"self":[{"href":"https:\/\/pizbube.ch\/en\/wp-json\/wp\/v2\/product\/147421","targetHints":{"allow":["GET"]}}],"collection":[{"href":"https:\/\/pizbube.ch\/en\/wp-json\/wp\/v2\/product"}],"about":[{"href":"https:\/\/pizbube.ch\/en\/wp-json\/wp\/v2\/types\/product"}],"wp:featuredmedia":[{"embeddable":true,"href":"https:\/\/pizbube.ch\/en\/wp-json\/wp\/v2\/media\/26209"}],"wp:attachment":[{"href":"https:\/\/pizbube.ch\/en\/wp-json\/wp\/v2\/media?parent=147421"}],"wp:term":[{"taxonomy":"product_brand","embeddable":true,"href":"https:\/\/pizbube.ch\/en\/wp-json\/wp\/v2\/product_brand?post=147421"},{"taxonomy":"product_cat","embeddable":true,"href":"https:\/\/pizbube.ch\/en\/wp-json\/wp\/v2\/product_cat?post=147421"},{"taxonomy":"product_tag","embeddable":true,"href":"https:\/\/pizbube.ch\/en\/wp-json\/wp\/v2\/product_tag?post=147421"}],"curies":[{"name":"wp","href":"https:\/\/api.w.org\/{rel}","templated":true}]}}