{"id":147428,"date":"2021-01-15T10:55:21","date_gmt":"2021-01-15T10:55:21","guid":{"rendered":"https:\/\/codengine3.ch\/?product=import-placeholder-for-202339"},"modified":"2026-01-20T11:34:09","modified_gmt":"2026-01-20T10:34:09","slug":"alpenpanorama-bachtel-gefaltet","status":"publish","type":"product","link":"https:\/\/pizbube.ch\/en\/shop\/alpenpanorama-bachtel-gefaltet\/","title":{"rendered":"Alpenpanorama Bachtel"},"content":{"rendered":"<p>Leporello mit aquarelliertem Alpenpanorama von Wald:<br \/>\nMit beschrifteten Gipfeln der Schweizer Alpen<\/p>\n<p>Gezeichnetes Alpenpanorama mit 180 Grad Blick vom Bachtel. Das farbige<br \/>\nPanorama mit der Bezeichnung s\u00e4mtlicher Berggipfel vom Warten \u00fcber die<br \/>\nGlarner-, Urner- und Berner Alpen bis zum Napf.<\/p>\n<p>Ausf\u00fchrung: gedruckt 4-farbig auf Papier weiss, matt gestrichen, 150 gr.m2,<br \/>\nmit Schutzlack<br \/>\nGerollt 137.5 x 19 cm<\/p>","protected":false},"excerpt":{"rendered":"<p>Leporello mit aquarelliertem Alpenpanorama von Wald: Mit beschrifteten Gipfeln der Schweizer Alpen Gezeichnetes Alpenpanorama mit 180 Grad Blick vom Bachtel. Das farbige Panorama mit der Bezeichnung s\u00e4mtlicher Berggipfel vom Warten \u00fcber die Glarner-, Urner- und Berner Alpen bis zum Napf. Ausf\u00fchrung: gedruckt 4-farbig auf Papier weiss, matt gestrichen, 150 gr.m2, mit Schutzlack Gerollt 137.5 x [&#8230;]\n","protected":false},"featured_media":29717,"template":"","meta":[],"product_brand":[],"product_cat":[21607],"product_tag":[],"class_list":{"0":"post-147428","1":"product","2":"type-product","3":"status-publish","4":"has-post-thumbnail","6":"product_cat-kalender-posters","7":"pa_autor-braendli","8":"pa_erscheinungsjahr-21693","9":"pa_region-schweiz","10":"pa_sprache-de","12":"first","13":"outofstock","14":"taxable","15":"shipping-taxable","16":"purchasable","17":"product-type-simple"},"_links":{"self":[{"href":"https:\/\/pizbube.ch\/en\/wp-json\/wp\/v2\/product\/147428","targetHints":{"allow":["GET"]}}],"collection":[{"href":"https:\/\/pizbube.ch\/en\/wp-json\/wp\/v2\/product"}],"about":[{"href":"https:\/\/pizbube.ch\/en\/wp-json\/wp\/v2\/types\/product"}],"wp:featuredmedia":[{"embeddable":true,"href":"https:\/\/pizbube.ch\/en\/wp-json\/wp\/v2\/media\/29717"}],"wp:attachment":[{"href":"https:\/\/pizbube.ch\/en\/wp-json\/wp\/v2\/media?parent=147428"}],"wp:term":[{"taxonomy":"product_brand","embeddable":true,"href":"https:\/\/pizbube.ch\/en\/wp-json\/wp\/v2\/product_brand?post=147428"},{"taxonomy":"product_cat","embeddable":true,"href":"https:\/\/pizbube.ch\/en\/wp-json\/wp\/v2\/product_cat?post=147428"},{"taxonomy":"product_tag","embeddable":true,"href":"https:\/\/pizbube.ch\/en\/wp-json\/wp\/v2\/product_tag?post=147428"}],"curies":[{"name":"wp","href":"https:\/\/api.w.org\/{rel}","templated":true}]}}