{"id":147430,"date":"2021-01-15T10:55:21","date_gmt":"2021-01-15T10:55:21","guid":{"rendered":"https:\/\/codengine3.ch\/?product=import-placeholder-for-202134"},"modified":"2023-08-08T10:20:02","modified_gmt":"2023-08-08T08:20:02","slug":"panoramaposter-dufourspitze-perren-new-top-of-switzerland","status":"publish","type":"product","link":"https:\/\/pizbube.ch\/en\/shop\/panoramaposter-dufourspitze-perren-new-top-of-switzerland\/","title":{"rendered":"Panoramaposter Dufourspitze (Perren) New Top of Switzerland"},"content":{"rendered":"<p>Panoramafoto vom Gipfel der Dufourspitze mit Blick zum Matterhorn im<br \/>\nGrossformat 34&#215;200 cm!<\/p>\n<p>le photographe Beat Perren a r\u00e9alis\u00e9 une vue panoramique en grand format<br \/>\ndepuis le sommet de la Pointe Dufour (4634m). Perren a imprim\u00e9 son poster<br \/>\npanoramique (dimensions 34 x 200 cm).<\/p>\n<p>Bitte beachten Sie \/ please note:<br \/>\nVersandkosten Poster: CHF 8.00<br \/>\nPostage for posters: CHF 8.00<\/p>","protected":false},"excerpt":{"rendered":"<p>Panoramafoto vom Gipfel der Dufourspitze mit Blick zum Matterhorn im Grossformat 34&#215;200 cm! le photographe Beat Perren a r\u00e9alis\u00e9 une vue panoramique en grand format depuis le sommet de la Pointe Dufour (4634m). Perren a imprim\u00e9 son poster panoramique (dimensions 34 x 200 cm). Bitte beachten Sie \/ please note: Versandkosten Poster: CHF 8.00 Postage [&#8230;]\n","protected":false},"featured_media":29523,"template":"","meta":[],"product_brand":[],"product_cat":[21607],"product_tag":[],"class_list":{"0":"post-147430","1":"product","2":"type-product","3":"status-publish","4":"has-post-thumbnail","6":"product_cat-kalender-posters","7":"pa_autor-perren","8":"pa_erscheinungsjahr-21776","9":"pa_region-schweiz","10":"pa_sprache-d","11":"pa_sprache-e","12":"pa_sprache-f","14":"first","15":"outofstock","16":"taxable","17":"shipping-taxable","18":"purchasable","19":"product-type-simple"},"_links":{"self":[{"href":"https:\/\/pizbube.ch\/en\/wp-json\/wp\/v2\/product\/147430","targetHints":{"allow":["GET"]}}],"collection":[{"href":"https:\/\/pizbube.ch\/en\/wp-json\/wp\/v2\/product"}],"about":[{"href":"https:\/\/pizbube.ch\/en\/wp-json\/wp\/v2\/types\/product"}],"wp:featuredmedia":[{"embeddable":true,"href":"https:\/\/pizbube.ch\/en\/wp-json\/wp\/v2\/media\/29523"}],"wp:attachment":[{"href":"https:\/\/pizbube.ch\/en\/wp-json\/wp\/v2\/media?parent=147430"}],"wp:term":[{"taxonomy":"product_brand","embeddable":true,"href":"https:\/\/pizbube.ch\/en\/wp-json\/wp\/v2\/product_brand?post=147430"},{"taxonomy":"product_cat","embeddable":true,"href":"https:\/\/pizbube.ch\/en\/wp-json\/wp\/v2\/product_cat?post=147430"},{"taxonomy":"product_tag","embeddable":true,"href":"https:\/\/pizbube.ch\/en\/wp-json\/wp\/v2\/product_tag?post=147430"}],"curies":[{"name":"wp","href":"https:\/\/api.w.org\/{rel}","templated":true}]}}