{"id":147431,"date":"2021-01-15T10:55:21","date_gmt":"2021-01-15T10:55:21","guid":{"rendered":"https:\/\/codengine3.ch\/?product=import-placeholder-for-201669"},"modified":"2021-01-15T12:03:40","modified_gmt":"2021-01-15T12:03:40","slug":"panorama-dufourspitze-imfeld","status":"publish","type":"product","link":"https:\/\/pizbube.ch\/en\/shop\/panorama-dufourspitze-imfeld\/","title":{"rendered":"Panorama Dufourspitze (Imfeld)"},"content":{"rendered":"<p>125 Jahre nach der bemerkenswerten Realisierung des Panoramas von der h\u00f6chsten<br \/>\nSpitze der Schweizer Alpen wieder erh\u00e4ltlich: Nachdruck des historischen<br \/>\nPanoramas: 20 x 257 cm, plano.  <\/p>\n<p>125 ans apr\u00e8s la gravure remarquable r\u00e9alis\u00e9e par Franz Imfeld en 1879,<br \/>\nreproduction de la gravure historique (dimensions 20 x 257 cm), plano.  <\/p>\n<p>Bitte beachten Sie \/ please note:<br \/>\nVersandkosten Poster: CHF 8.00<br \/>\nPostage for posters: CHF 8.00  <\/p>","protected":false},"excerpt":{"rendered":"<p>125 Jahre nach der bemerkenswerten Realisierung des Panoramas von der h\u00f6chsten Spitze der Schweizer Alpen wieder erh\u00e4ltlich: Nachdruck des historischen Panoramas: 20 x 257 cm, plano. 125 ans apr\u00e8s la gravure remarquable r\u00e9alis\u00e9e par Franz Imfeld en 1879, reproduction de la gravure historique (dimensions 20 x 257 cm), plano. Bitte beachten Sie \/ please note: [&#8230;]\n","protected":false},"featured_media":29046,"template":"","meta":[],"product_brand":[],"product_cat":[21607],"product_tag":[],"class_list":{"0":"post-147431","1":"product","2":"type-product","3":"status-publish","4":"has-post-thumbnail","6":"product_cat-kalender-posters","7":"pa_autor-imfeld","8":"pa_erscheinungsjahr-21776","9":"pa_region-schweiz","10":"pa_sprache-de","12":"first","13":"outofstock","14":"taxable","15":"shipping-taxable","16":"purchasable","17":"product-type-simple"},"_links":{"self":[{"href":"https:\/\/pizbube.ch\/en\/wp-json\/wp\/v2\/product\/147431","targetHints":{"allow":["GET"]}}],"collection":[{"href":"https:\/\/pizbube.ch\/en\/wp-json\/wp\/v2\/product"}],"about":[{"href":"https:\/\/pizbube.ch\/en\/wp-json\/wp\/v2\/types\/product"}],"wp:featuredmedia":[{"embeddable":true,"href":"https:\/\/pizbube.ch\/en\/wp-json\/wp\/v2\/media\/29046"}],"wp:attachment":[{"href":"https:\/\/pizbube.ch\/en\/wp-json\/wp\/v2\/media?parent=147431"}],"wp:term":[{"taxonomy":"product_brand","embeddable":true,"href":"https:\/\/pizbube.ch\/en\/wp-json\/wp\/v2\/product_brand?post=147431"},{"taxonomy":"product_cat","embeddable":true,"href":"https:\/\/pizbube.ch\/en\/wp-json\/wp\/v2\/product_cat?post=147431"},{"taxonomy":"product_tag","embeddable":true,"href":"https:\/\/pizbube.ch\/en\/wp-json\/wp\/v2\/product_tag?post=147431"}],"curies":[{"name":"wp","href":"https:\/\/api.w.org\/{rel}","templated":true}]}}