{"id":147432,"date":"2021-01-15T10:55:21","date_gmt":"2021-01-15T10:55:21","guid":{"rendered":"https:\/\/codengine3.ch\/?product=import-placeholder-for-202909"},"modified":"2021-11-02T14:16:21","modified_gmt":"2021-11-02T13:16:21","slug":"bergpanoramen-der-alpen","status":"publish","type":"product","link":"https:\/\/pizbube.ch\/en\/shop\/bergpanoramen-der-alpen\/","title":{"rendered":"Die ersten Panoramen der Alpen"},"content":{"rendered":"<p>Die Ersten Panoramen der Alpen. Zeichnungen, Ansichten, Panoramen und Karten,<br \/>\ngezeichnet von Hans Conrad Escher von der Linth 1767-1823. Deutsch\/Englisch.<br \/>\nMit CD-ROM. \u00dcber 1000 farb., s\/w. Abb. In Schuber. 3807 g. 2002.<\/p>\n<p>Das vollst\u00e4ndige Werkverzeichnis Eschers mit 1062 Zeichnungen, Ansichten,<br \/>\nPanoramen und Karten. Dazu CD-ROM mit \u00fcber 3000 Dokumentseiten von Eschers<br \/>\nHand und den B\u00fcchern Ansichten und Panoramen der Schweiz und das Panorama und<br \/>\nseine Vorentwicklung bis zu H.C. Escher von der Linth (1974 und 1979, beide<br \/>\nvon Dr. Gustav Solar)<\/p>\n<p>Hans Conrad Escher von der Linth (1767-1823) &#8211; Werkverzeichnis<br \/>\nZeichnungen, Ansichten, Panoramen, Skizzen, Karten, Pl\u00e4ne<\/p>\n<p>Der Z\u00fcrcher Hans Conrad Escher war ein herausragender Staatsmann und Initiant<br \/>\ndes &#8218;Linthwerks&#8216;, der ersten Schweizer Nationalunternehmung und gleichzeitig<br \/>\nder ersten Aktiengesellschaft mit \u00f6ffentlicher und privater Beteiligung. F\u00fcr<br \/>\nsein Wirken erhielt Escher den Namenszusatz &#8218;von der Linth&#8216;. Weder vor, noch<br \/>\nnach ihm wurde je diese Ehre einer Schweizer Pers\u00f6nlichkeit zuteil.<br \/>\nEr gilt als einer der letzten Universalgelehrten unseres Landes, war<br \/>\nPolitiker, Kaufmann, Wasserbaumeister und ein hervorragender Zeichner. Sein<br \/>\nWerk umfasst 1000 Arbeiten und blieb zum Teil aber lange Zeit unentdeckt.<\/p>","protected":false},"excerpt":{"rendered":"<p>Die Ersten Panoramen der Alpen. Zeichnungen, Ansichten, Panoramen und Karten, gezeichnet von Hans Conrad Escher von der Linth 1767-1823. Deutsch\/Englisch. Mit CD-ROM. \u00dcber 1000 farb., s\/w. Abb. In Schuber. 3807 g. 2002. Das vollst\u00e4ndige Werkverzeichnis Eschers mit 1062 Zeichnungen, Ansichten, Panoramen und Karten. Dazu CD-ROM mit \u00fcber 3000 Dokumentseiten von Eschers Hand und den B\u00fcchern [&#8230;]\n","protected":false},"featured_media":159487,"template":"","meta":[],"product_brand":[],"product_cat":[21580],"product_tag":[26982],"class_list":{"0":"post-147432","1":"product","2":"type-product","3":"status-publish","4":"has-post-thumbnail","6":"product_cat-kunst-kultur","7":"product_tag-bergpanorama","8":"pa_autor-escher-von-der-linth","9":"pa_erscheinungsjahr-22144","10":"pa_region-schweiz","11":"pa_sprache-d","12":"pa_sprache-e","14":"first","15":"instock","16":"taxable","17":"shipping-taxable","18":"purchasable","19":"product-type-simple"},"_links":{"self":[{"href":"https:\/\/pizbube.ch\/en\/wp-json\/wp\/v2\/product\/147432","targetHints":{"allow":["GET"]}}],"collection":[{"href":"https:\/\/pizbube.ch\/en\/wp-json\/wp\/v2\/product"}],"about":[{"href":"https:\/\/pizbube.ch\/en\/wp-json\/wp\/v2\/types\/product"}],"wp:featuredmedia":[{"embeddable":true,"href":"https:\/\/pizbube.ch\/en\/wp-json\/wp\/v2\/media\/159487"}],"wp:attachment":[{"href":"https:\/\/pizbube.ch\/en\/wp-json\/wp\/v2\/media?parent=147432"}],"wp:term":[{"taxonomy":"product_brand","embeddable":true,"href":"https:\/\/pizbube.ch\/en\/wp-json\/wp\/v2\/product_brand?post=147432"},{"taxonomy":"product_cat","embeddable":true,"href":"https:\/\/pizbube.ch\/en\/wp-json\/wp\/v2\/product_cat?post=147432"},{"taxonomy":"product_tag","embeddable":true,"href":"https:\/\/pizbube.ch\/en\/wp-json\/wp\/v2\/product_tag?post=147432"}],"curies":[{"name":"wp","href":"https:\/\/api.w.org\/{rel}","templated":true}]}}