{"id":147433,"date":"2021-01-15T10:55:21","date_gmt":"2021-01-15T10:55:21","guid":{"rendered":"https:\/\/codengine3.ch\/?product=import-placeholder-for-206169"},"modified":"2021-12-15T16:19:26","modified_gmt":"2021-12-15T15:19:26","slug":"reliefansichtskarte-schweiz-switzerland","status":"publish","type":"product","link":"https:\/\/pizbube.ch\/en\/shop\/reliefansichtskarte-schweiz-switzerland\/","title":{"rendered":"Reliefansichtskarte Schweiz \/ Switzerland"},"content":{"rendered":"<p>Erh\u00f6hte Reliefpostkarte im Postkartenformat R\u00fcckseite: Postkartenlayout<\/p>\n<div class=\"woocommerce-product-details__short-description\">\n<p>\u2022 Ma\u00dfe: 148 x 105 x 5mm<br \/>\n\u2022 Ma\u00dfstab: 1 : 2.700.000<br \/>\n\u2022 \u00dcberh\u00f6hungsfaktor: 4<\/p>\n<p>M\u00e4chtige Berge, imposante Gletscher, saftiggr\u00fcne T\u00e4ler, tiefblaue Seen und gelebte Traditionen.<br \/>\nExklusiv f\u00fcr Sie die Schweiz zum versenden im Postkartenformat.<\/p>\n<\/div>","protected":false},"excerpt":{"rendered":"<p>Erh\u00f6hte Reliefpostkarte im Postkartenformat R\u00fcckseite: Postkartenlayout \u2022 Ma\u00dfe: 148 x 105 x 5mm \u2022 Ma\u00dfstab: 1 : 2.700.000 \u2022 \u00dcberh\u00f6hungsfaktor: 4 M\u00e4chtige Berge, imposante Gletscher, saftiggr\u00fcne T\u00e4ler, tiefblaue Seen und gelebte Traditionen. Exklusiv f\u00fcr Sie die Schweiz zum versenden im Postkartenformat.<\/p>","protected":false},"featured_media":160052,"template":"","meta":[],"product_brand":[],"product_cat":[21853],"product_tag":[27019],"class_list":{"0":"post-147433","1":"product","2":"type-product","3":"status-publish","4":"has-post-thumbnail","6":"product_cat-ansichtskarten","7":"product_tag-reliefpostkarte-schweiz","8":"pa_autor-georelief","9":"pa_erscheinungsjahr-21830","10":"pa_region-schweiz","11":"pa_sprache-de","13":"first","14":"instock","15":"taxable","16":"shipping-taxable","17":"purchasable","18":"product-type-simple"},"_links":{"self":[{"href":"https:\/\/pizbube.ch\/en\/wp-json\/wp\/v2\/product\/147433","targetHints":{"allow":["GET"]}}],"collection":[{"href":"https:\/\/pizbube.ch\/en\/wp-json\/wp\/v2\/product"}],"about":[{"href":"https:\/\/pizbube.ch\/en\/wp-json\/wp\/v2\/types\/product"}],"wp:featuredmedia":[{"embeddable":true,"href":"https:\/\/pizbube.ch\/en\/wp-json\/wp\/v2\/media\/160052"}],"wp:attachment":[{"href":"https:\/\/pizbube.ch\/en\/wp-json\/wp\/v2\/media?parent=147433"}],"wp:term":[{"taxonomy":"product_brand","embeddable":true,"href":"https:\/\/pizbube.ch\/en\/wp-json\/wp\/v2\/product_brand?post=147433"},{"taxonomy":"product_cat","embeddable":true,"href":"https:\/\/pizbube.ch\/en\/wp-json\/wp\/v2\/product_cat?post=147433"},{"taxonomy":"product_tag","embeddable":true,"href":"https:\/\/pizbube.ch\/en\/wp-json\/wp\/v2\/product_tag?post=147433"}],"curies":[{"name":"wp","href":"https:\/\/api.w.org\/{rel}","templated":true}]}}