{"id":147434,"date":"2021-01-15T10:55:21","date_gmt":"2021-01-15T10:55:21","guid":{"rendered":"https:\/\/codengine3.ch\/?product=import-placeholder-for-200230"},"modified":"2024-05-17T09:40:37","modified_gmt":"2024-05-17T07:40:37","slug":"alpen-panorama-bachtel-turm-plano-ausgabe","status":"publish","type":"product","link":"https:\/\/pizbube.ch\/en\/shop\/alpen-panorama-bachtel-turm-plano-ausgabe\/","title":{"rendered":"Alpen-Panorama Bachtel Turm (plano Ausgabe)"},"content":{"rendered":"<p>Plano Ausgabe, 351 x 30 cm, in Kartonmappe A4 &#8211; 29,7 x 21,0 cm<\/p>\n<p>Freie Sicht auf die Berge &#8211; Vom S\u00e4ntis bis zum Napfgebiet pr\u00e4gen 271 Gipfel<br \/>\ndie Schweizer Landschaft, einfr\u00fccklich umgesetzt in einem neu geschaffenen<br \/>\nAlpenpanorama!<\/p>\n<p>&#8211; Rundsicht von 174 Grad &#8211; zeichnerisch sortf\u00e4ltige Tuschzeichnung, H\u00f6he 30<br \/>\ncm, L\u00e4nge 351 cm &#8211; Beschriftung s\u00e4mtlicher H\u00f6henz\u00fcge, Gipfel und Ortschaften<br \/>\n(Vorderseite mit, R\u00fcckseite ohne Beschriftung)<\/p>\n<p>Das Alpen-Panorama auf dem Bachtel hat eine lange Tradition: Das bisherige<br \/>\nwurde 1891 vom bekannten Mont_Blanc Vermesser Xaver Imfeld geschaffen.<br \/>\nGrundlage f\u00fcr den neuen Alpenzeiger lieferten zahlreiche Teleaufnahmen sowie<br \/>\ndie Azimut- und H\u00f6henwinkeldaten der abgebildeten Gipfel.<\/p>\n<p>**Bitte beachten Sie \/ please note:**<br \/>\nVersandkosten Poster\/ Kalender: CHF 7.00 \/ EUR 12.00<br \/>\nPostage for posters \/calendars: CHF 7.00 \/ EUR 12.00<br \/>\n(Unabh\u00e4ngig von der Gesamtbestellsumme)<\/p>","protected":false},"excerpt":{"rendered":"<p>Plano Ausgabe, 351 x 30 cm, in Kartonmappe A4 &#8211; 29,7 x 21,0 cm Freie Sicht auf die Berge &#8211; Vom S\u00e4ntis bis zum Napfgebiet pr\u00e4gen 271 Gipfel die Schweizer Landschaft, einfr\u00fccklich umgesetzt in einem neu geschaffenen Alpenpanorama! &#8211; Rundsicht von 174 Grad &#8211; zeichnerisch sortf\u00e4ltige Tuschzeichnung, H\u00f6he 30 cm, L\u00e4nge 351 cm &#8211; Beschriftung [&#8230;]\n","protected":false},"featured_media":27222,"template":"","meta":[],"product_brand":[],"product_cat":[21607],"product_tag":[],"class_list":{"0":"post-147434","1":"product","2":"type-product","3":"status-publish","4":"has-post-thumbnail","6":"product_cat-kalender-posters","7":"pa_autor-nussberger","8":"pa_erscheinungsjahr-21621","9":"pa_region-schweiz","10":"pa_sprache-de","12":"first","13":"outofstock","14":"taxable","15":"shipping-taxable","16":"purchasable","17":"product-type-simple"},"_links":{"self":[{"href":"https:\/\/pizbube.ch\/en\/wp-json\/wp\/v2\/product\/147434","targetHints":{"allow":["GET"]}}],"collection":[{"href":"https:\/\/pizbube.ch\/en\/wp-json\/wp\/v2\/product"}],"about":[{"href":"https:\/\/pizbube.ch\/en\/wp-json\/wp\/v2\/types\/product"}],"wp:featuredmedia":[{"embeddable":true,"href":"https:\/\/pizbube.ch\/en\/wp-json\/wp\/v2\/media\/27222"}],"wp:attachment":[{"href":"https:\/\/pizbube.ch\/en\/wp-json\/wp\/v2\/media?parent=147434"}],"wp:term":[{"taxonomy":"product_brand","embeddable":true,"href":"https:\/\/pizbube.ch\/en\/wp-json\/wp\/v2\/product_brand?post=147434"},{"taxonomy":"product_cat","embeddable":true,"href":"https:\/\/pizbube.ch\/en\/wp-json\/wp\/v2\/product_cat?post=147434"},{"taxonomy":"product_tag","embeddable":true,"href":"https:\/\/pizbube.ch\/en\/wp-json\/wp\/v2\/product_tag?post=147434"}],"curies":[{"name":"wp","href":"https:\/\/api.w.org\/{rel}","templated":true}]}}