{"id":147435,"date":"2021-01-15T10:55:21","date_gmt":"2021-01-15T10:55:21","guid":{"rendered":"https:\/\/codengine3.ch\/?product=import-placeholder-for-200485"},"modified":"2021-01-15T10:58:04","modified_gmt":"2021-01-15T10:58:04","slug":"von-gipfel-zu-gipfel","status":"publish","type":"product","link":"https:\/\/pizbube.ch\/en\/shop\/von-gipfel-zu-gipfel\/","title":{"rendered":"Von Gipfel zu Gipfel"},"content":{"rendered":"<p>\nRudolf Rother ist f\u00fcr viele Bergsteiger und Alpinisten eine Legende, denn der<br \/>\ngeb\u00fcrtige M\u00fcnchner \u00fcbernahm Ende der 50er Jahre nicht nur den gleichnamigen<br \/>\nBergverlag seines Vaters, sondern ist selbst passionierter Bergsteiger und<br \/>\nFotograf. \u00dcber 30 Jahre hinweg stieg er Wochenende f\u00fcr Wochenende mit seiner<br \/>\nKamera auf die sch\u00f6nsten Gipfel und schuf so ein einmaliges Portr\u00e4t der<br \/>\ngesamten Alpen.<\/p>\n<p>F\u00fcr seine grandiosen Aufnahmen ist das Panorama-Format wie geschaffen, denn<br \/>\nder Betrachter taucht ein in den \u00fcberw\u00e4ltigenden Anblick endloser Bergketten<br \/>\nund tiefer T\u00e4ler, erlebt besondere Lichtstimmungen und bekommt ein Gef\u00fchl f\u00fcr<br \/>\ndie Erhabenheit und Ruhe der alpinen Welt. Neben vielen bisher<br \/>\nunver\u00f6ffentlichten Aufnahmen im Gro\u00dfformat enth\u00e4lt das Buch 45 ausklappbare<br \/>\nFototafeln in einer Gr\u00f6\u00dfe von bis zu 120 cm, \u00dcbersichtskarten und ausf\u00fchrliche<br \/>\nBezeichnungen der Gipfel.<\/p>\n<p>Format 30 x 26 cm<br \/>\nHochwertiger Festeinband mit Fadenheftung<br \/>\n348 Seiten mit \u00fcber 120 Fotografien in Farbe und Schwarz-Wei\u00df<br \/>\n45 ausklappbare Fototafeln<br \/>\nMit Texten von Fritz Hartranft in Deutsch  <\/p>","protected":false},"excerpt":{"rendered":"<p>Rudolf Rother ist f\u00fcr viele Bergsteiger und Alpinisten eine Legende, denn der geb\u00fcrtige M\u00fcnchner \u00fcbernahm Ende der 50er Jahre nicht nur den gleichnamigen Bergverlag seines Vaters, sondern ist selbst passionierter Bergsteiger und Fotograf. \u00dcber 30 Jahre hinweg stieg er Wochenende f\u00fcr Wochenende mit seiner Kamera auf die sch\u00f6nsten Gipfel und schuf so ein einmaliges Portr\u00e4t [&#8230;]\n","protected":false},"featured_media":27019,"template":"","meta":[],"product_brand":[],"product_cat":[21542],"product_tag":[],"class_list":{"0":"post-147435","1":"product","2":"type-product","3":"status-publish","4":"has-post-thumbnail","6":"product_cat-sachbuecher-dokumentationen","7":"pa_autor-rother","8":"pa_erscheinungsjahr-21597","9":"pa_region-deutschland","10":"pa_sprache-de","12":"first","13":"instock","14":"taxable","15":"shipping-taxable","16":"purchasable","17":"product-type-simple"},"_links":{"self":[{"href":"https:\/\/pizbube.ch\/en\/wp-json\/wp\/v2\/product\/147435","targetHints":{"allow":["GET"]}}],"collection":[{"href":"https:\/\/pizbube.ch\/en\/wp-json\/wp\/v2\/product"}],"about":[{"href":"https:\/\/pizbube.ch\/en\/wp-json\/wp\/v2\/types\/product"}],"wp:featuredmedia":[{"embeddable":true,"href":"https:\/\/pizbube.ch\/en\/wp-json\/wp\/v2\/media\/27019"}],"wp:attachment":[{"href":"https:\/\/pizbube.ch\/en\/wp-json\/wp\/v2\/media?parent=147435"}],"wp:term":[{"taxonomy":"product_brand","embeddable":true,"href":"https:\/\/pizbube.ch\/en\/wp-json\/wp\/v2\/product_brand?post=147435"},{"taxonomy":"product_cat","embeddable":true,"href":"https:\/\/pizbube.ch\/en\/wp-json\/wp\/v2\/product_cat?post=147435"},{"taxonomy":"product_tag","embeddable":true,"href":"https:\/\/pizbube.ch\/en\/wp-json\/wp\/v2\/product_tag?post=147435"}],"curies":[{"name":"wp","href":"https:\/\/api.w.org\/{rel}","templated":true}]}}