{"id":147437,"date":"2021-01-15T10:55:21","date_gmt":"2021-01-15T10:55:21","guid":{"rendered":"https:\/\/codengine3.ch\/?product=import-placeholder-for-205415"},"modified":"2021-12-02T09:42:53","modified_gmt":"2021-12-02T08:42:53","slug":"wanderfuehrer-kreta-der-westen","status":"publish","type":"product","link":"https:\/\/pizbube.ch\/en\/shop\/wanderfuehrer-kreta-der-westen\/","title":{"rendered":"Wanderf\u00fchrer Kreta &#8211; der Westen"},"content":{"rendered":"<p>Dieser Wanderf\u00fchrer erschlie\u00dft auf 40 ausgew\u00e4hlten Routen die Natursch\u00f6nheiten<br \/>\nWestkretas.<\/p>\n<p>Kreta ist ein Wanderparadies. 300 Sonnentage im Jahr garantieren auch im<br \/>\nFr\u00fchjahr und Herbst Touren unter blauem Himmel. Den Wanderer erwarten hohe<br \/>\nBerge und atemberaubende Schluchten (darunter das Naturschutzgebiet Samari\u00e1),<br \/>\ngr\u00fcne Flusst\u00e4ler und verschwiegene Buchten, abenteuerliche K\u00fcstenpfade und<br \/>\neinsame Bergkapellen. Von untereinander leicht erreichbaren Standorten aus \u2013<br \/>\nu.a. Ch\u00f3ra Sfakion, Chani\u00e1 und R\u00e9thymnon \u2013 geht es in ganz verschiedenartige<br \/>\nLandschaften: durch Oliven- und Zitrushaine, an Weinfeldern und<br \/>\nOleanderw\u00e4ldern entlang; aber auch in dunkle, bizarr erodierte Kl\u00fcfte und in<br \/>\ndie Mondlandschaft am 2453 m hohen P\u00e1chnes. 40 exakt beschriebene Touren, von<br \/>\ndenen sechs zu einer Weitwanderung verbunden werden k\u00f6nnen, erschlie\u00dfen auf<br \/>\nteils neu entdeckten Pfaden ein Kreta jenseits der touristischen<br \/>\nBetriebsamkeit.<\/p>\n<p>2., neu bearbeitete und komplett aktualisierte Auflage 2015<\/p>","protected":false},"excerpt":{"rendered":"<p>Dieser Wanderf\u00fchrer erschlie\u00dft auf 40 ausgew\u00e4hlten Routen die Natursch\u00f6nheiten Westkretas. Kreta ist ein Wanderparadies. 300 Sonnentage im Jahr garantieren auch im Fr\u00fchjahr und Herbst Touren unter blauem Himmel. Den Wanderer erwarten hohe Berge und atemberaubende Schluchten (darunter das Naturschutzgebiet Samari\u00e1), gr\u00fcne Flusst\u00e4ler und verschwiegene Buchten, abenteuerliche K\u00fcstenpfade und einsame Bergkapellen. Von untereinander leicht erreichbaren Standorten [&#8230;]\n","protected":false},"featured_media":37181,"template":"","meta":[],"product_brand":[],"product_cat":[21605],"product_tag":[],"class_list":{"0":"post-147437","1":"product","2":"type-product","3":"status-publish","4":"has-post-thumbnail","6":"product_cat-wanderfuehrer-trekking","7":"pa_autor-fischer","8":"pa_erscheinungsjahr-21597","9":"pa_region-griechenland","10":"pa_sprache-de","12":"first","13":"outofstock","14":"taxable","15":"shipping-taxable","16":"purchasable","17":"product-type-simple"},"_links":{"self":[{"href":"https:\/\/pizbube.ch\/en\/wp-json\/wp\/v2\/product\/147437","targetHints":{"allow":["GET"]}}],"collection":[{"href":"https:\/\/pizbube.ch\/en\/wp-json\/wp\/v2\/product"}],"about":[{"href":"https:\/\/pizbube.ch\/en\/wp-json\/wp\/v2\/types\/product"}],"wp:featuredmedia":[{"embeddable":true,"href":"https:\/\/pizbube.ch\/en\/wp-json\/wp\/v2\/media\/37181"}],"wp:attachment":[{"href":"https:\/\/pizbube.ch\/en\/wp-json\/wp\/v2\/media?parent=147437"}],"wp:term":[{"taxonomy":"product_brand","embeddable":true,"href":"https:\/\/pizbube.ch\/en\/wp-json\/wp\/v2\/product_brand?post=147437"},{"taxonomy":"product_cat","embeddable":true,"href":"https:\/\/pizbube.ch\/en\/wp-json\/wp\/v2\/product_cat?post=147437"},{"taxonomy":"product_tag","embeddable":true,"href":"https:\/\/pizbube.ch\/en\/wp-json\/wp\/v2\/product_tag?post=147437"}],"curies":[{"name":"wp","href":"https:\/\/api.w.org\/{rel}","templated":true}]}}