{"id":147438,"date":"2021-01-15T10:55:21","date_gmt":"2021-01-15T10:55:21","guid":{"rendered":"https:\/\/codengine3.ch\/?product=import-placeholder-for-200241"},"modified":"2021-07-27T11:20:52","modified_gmt":"2021-07-27T09:20:52","slug":"zypern-sued-nord","status":"publish","type":"product","link":"https:\/\/pizbube.ch\/en\/shop\/zypern-sued-nord\/","title":{"rendered":"Zypern S\u00fcd &amp; Nord"},"content":{"rendered":"<p>Die sch\u00f6nsten K\u00fcsten- und Bergwanderungen<br \/>\n50 Touren<\/p>\n<p>\u00bbWo die G\u00f6tter Urlaub machen\u00ab \u2013 der Slogan, mit dem Zypern seine G\u00e4ste<br \/>\numwirbt, k\u00f6nnte nicht passender sein. Die Insel der Aphrodite \u2013 die<br \/>\nLiebesg\u00f6ttin soll hier erstmals irdischen Boden betreten haben \u2013 ist mit mehr<br \/>\nals 300 Sonnentagen im Jahr eines der sonnigsten und w\u00e4rmsten Reiseziele<br \/>\nEuropas und ideal f\u00fcr ausgedehnte Streifz\u00fcge zu Fu\u00df. Der Rother Wanderf\u00fchrer<br \/>\n\u00bbZypern \u2013 S\u00fcd &amp; Nord\u00ab stellt die 50 sch\u00f6nsten K\u00fcsten- und Bergwanderungen vor.<\/p>\n<p>Kultur und Natur lassen sich auf dieser Insel ideal verbinden: Auf Schritt und<br \/>\nTritt trifft man auf Zeugnisse aus der 9000 Jahre alten Geschichte, etwa die<br \/>\nK\u00f6nigsgr\u00e4ber von Pafos oder die antike Metropole Salamis. Lohnende Wanderziele<br \/>\ngibt es hier mehr als genug: von bequemen Touren zu Wasserf\u00e4llen und<br \/>\nMeeresgrotten bis hin zur anspruchsvollen Querung der Avakas-Schlucht oder<br \/>\neiner luftigen Kliffwanderung \u00fcber der Kreidek\u00fcste am Kap Aspro. Im fast 2000<br \/>\nMeter hohen Troodos-Gebirge laden ausgedehnte W\u00e4lder mit bizarren<br \/>\nSchwarzkiefern zu schattigen Touren ein. Im Nordteil der Insel ist das von<br \/>\nmittelalterlichen H\u00f6henburgen gespickte F\u00fcnffingergebirge die Entdeckung f\u00fcr<br \/>\nWanderer. Und das ist die Halbinsel Karpaz erst recht: Kaum eine andere<br \/>\nMittelmeerregion hat sich solch urspr\u00fcngliche Flecken bewahrt wie die fast 100<br \/>\nKilometer lange Halbinsel, die wie ein ausgestreckter Finger die<br \/>\nnord\u00f6stlichste Ecke Zyperns markiert.<\/p>\n<p>Jede Wanderung wird mit einer zuverl\u00e4ssigen Tourenbeschreibung, einem<br \/>\nWanderk\u00e4rtchen mit eingezeichnetem Routenverlauf und einem aussagekr\u00e4ftigen<br \/>\nH\u00f6henprofil vorgestellt. Eine Toureninfo fasst \u00fcbersichtlich die wichtigsten<br \/>\nEckdaten wie Anforderung, H\u00f6henunterschied, Einkehr- und Badem\u00f6glichkeiten und<br \/>\nvieles mehr zusammen. Hinzu kommen zahlreiche Tipps zu Sehensw\u00fcrdigkeiten,<br \/>\nUnterk\u00fcnften und \u00f6ffentlichen Verkehrsmitteln.<br \/>\nF\u00fcr die f\u00fcnfte Auflage wurde der Rother Wanderf\u00fchrer \u00bbZypern\u00ab umfassend<br \/>\n\u00fcberarbeitet und um GPS-Daten f\u00fcr alle Touren erg\u00e4nzt.<\/p>\n<p>5. Auflage 2018; 192 Seiten mit 164 Farbabbildungen<br \/>\n50 H\u00f6henprofile, 50 Wanderk\u00e4rtchen im Ma\u00dfstab 1:25.000 \/ 1:50.000, zwei<br \/>\n\u00dcbersichtskarten im Ma\u00dfstab 1:400.000 und 1:900.000<\/p>","protected":false},"excerpt":{"rendered":"<ul>\n<li><a href=\"https:\/\/pizbube.ch\/wp-content\/uploads\/attachments\/a_002\/18CB26CAA42CF7BB15164130768DD3AE.pdf\" target=\"_blank\" rel=\"noopener\">PDF: TEMPLATE PIZ Attachment &gt; Dokument [KOPIE]<\/a><\/li>\n<\/ul>\n","protected":false},"featured_media":26358,"template":"","meta":[],"product_brand":[],"product_cat":[21605],"product_tag":[],"class_list":{"0":"post-147438","1":"product","2":"type-product","3":"status-publish","4":"has-post-thumbnail","6":"product_cat-wanderfuehrer-trekking","7":"pa_autor-goetz","8":"pa_erscheinungsjahr-21546","9":"pa_region-griechenland","10":"pa_sprache-de","12":"first","13":"instock","14":"taxable","15":"shipping-taxable","16":"purchasable","17":"product-type-simple"},"_links":{"self":[{"href":"https:\/\/pizbube.ch\/en\/wp-json\/wp\/v2\/product\/147438","targetHints":{"allow":["GET"]}}],"collection":[{"href":"https:\/\/pizbube.ch\/en\/wp-json\/wp\/v2\/product"}],"about":[{"href":"https:\/\/pizbube.ch\/en\/wp-json\/wp\/v2\/types\/product"}],"wp:featuredmedia":[{"embeddable":true,"href":"https:\/\/pizbube.ch\/en\/wp-json\/wp\/v2\/media\/26358"}],"wp:attachment":[{"href":"https:\/\/pizbube.ch\/en\/wp-json\/wp\/v2\/media?parent=147438"}],"wp:term":[{"taxonomy":"product_brand","embeddable":true,"href":"https:\/\/pizbube.ch\/en\/wp-json\/wp\/v2\/product_brand?post=147438"},{"taxonomy":"product_cat","embeddable":true,"href":"https:\/\/pizbube.ch\/en\/wp-json\/wp\/v2\/product_cat?post=147438"},{"taxonomy":"product_tag","embeddable":true,"href":"https:\/\/pizbube.ch\/en\/wp-json\/wp\/v2\/product_tag?post=147438"}],"curies":[{"name":"wp","href":"https:\/\/api.w.org\/{rel}","templated":true}]}}