{"id":147439,"date":"2021-01-15T10:55:21","date_gmt":"2021-01-15T10:55:21","guid":{"rendered":"https:\/\/codengine3.ch\/?product=import-placeholder-for-200483"},"modified":"2024-06-13T17:41:54","modified_gmt":"2024-06-13T15:41:54","slug":"korfu-26-wandertouren","status":"publish","type":"product","link":"https:\/\/pizbube.ch\/en\/shop\/korfu-26-wandertouren\/","title":{"rendered":"Korfu mit Paxos und den Diapontischen Inseln"},"content":{"rendered":"<div class=\"col-12 col-lg-5 order-2 order-lg-1\">\n<div class=\"mt-5\"><\/div>\n<\/div>\n<div class=\"col-12 col-lg-7 order-1 order-lg-2\">\n<div class=\"mt-5 product-tabs\">\n<div class=\"tab-content py-4\">\n<div id=\"pcs-category-tags-wrapperblock\" class=\"tab-pane active\" role=\"tabpanel\">\n<p><span class=\"value\">Korfu ist Griechenlands gr\u00fcnste Insel und zum Wandern einfach traumhaft: Wildromantische K\u00fcste, \u00fcppige Mischw\u00e4lder und Olivenhaine laden zu ausgedehnten Touren ein, traumhafte Str\u00e4nde und Buchten zur willkommenen Badepause. Der Rother Wanderf\u00fchrer Korfu stellt die 36 sch\u00f6nsten Wege zu einsamen Str\u00e4nden, zu malerischen D\u00f6rfern und auf aussichtsreiche Gipfel vor.<\/span><\/p>\n<div class=\"product attribute row description\">\n<div class=\"col-12\"><span class=\"value\"><span class=\"value\"><br \/>\nWer auf Korfu wandert, wird begeistert sein: Leuchtend wei\u00df erheben sich Steilklippen aus dem klaren Meer, kilometerlang erstrecken sich feine Sandstr\u00e4nde. Das beeindruckende Bergmassiv des \u00fcber 900 Meter hohen Pantokr\u00e1tors l\u00e4dt zu aussichtsreichen Wanderungen mit Meerblick ein. Herrlich wandern l\u00e4sst es sich auch in den endlosen Olivenhainen, unter denen sich im Fr\u00fchjahr Blumenwiesen ausbreiten. Selbst die typisch mediterrane Macchia h\u00e4lt auf Korfu Besonderheiten bereit: Nirgendwo sonst kann man durch einen Urwald aus alten Erdbeerb\u00e4umen wandern. Das Ionische Meer \u2013 auf Korfu ist es nie weit entfernt \u2013 \u00fcberrascht immer wieder mit den unglaublichsten Blaut\u00f6nen.<\/span><\/span>Die vorgestellten Wanderungen f\u00fchren urch diese \u00fcppige Landschaft. Auf alten Eselspfaden geht es in die verwinkelten Gassen idyllischer D\u00f6rfer. Immer wieder lassen sich unterwegs pr\u00e4chtige Kirchen und Kl\u00f6ster bewundern. Auch die Flamingos der Kor\u00edssion-Lagune, die venezianisch gepr\u00e4gte Altstadt K\u00e9rkyras und die byzantinische Burg Angel\u00f3kastro werden besucht. Und nicht nur auf der Halbinsel Erim\u00edti lassen sich wandernd versteckte Badebuchten entdecken.Der Rother Wanderf\u00fchrer stellt s\u00e4mtliche Wanderungen auf Korfu und den benachbarten Inseln mit allen wichtigen Infos vor: Genaue Wegbeschreibungen, Kartenausschnitte mit Routenverlauf und aussagekr\u00e4ftige H\u00f6henprofile bieten zuverl\u00e4ssige Orientierung. Gepr\u00fcfte GPS-Tracks stehen von der Internetseite des Rother Bergverlag zum Download bereit. Tipps zu Einkehrm\u00f6glichkeiten und Sehensw\u00fcrdigkeiten machen die Wandertage auf Korfu perfekt.<\/div>\n<\/div>\n<div>176 Seiten;<\/div>\n<div>36 H\u00f6henprofile, 36 Wanderk\u00e4rtchen im Ma\u00dfstab 1:40.000, 1:50.000 und 1:75.000, zwei \u00dcbersichtskarten im Ma\u00dfstab 1:500.000 und 1:700.000<br \/>\n5., vollst\u00e4ndig neu bearbeitete Auflage 2024<\/div>\n<\/div>\n<\/div>\n<\/div>\n<\/div>","protected":false},"excerpt":{"rendered":"<p>Korfu ist Griechenlands gr\u00fcnste Insel und zum Wandern einfach traumhaft: Wildromantische K\u00fcste, \u00fcppige Mischw\u00e4lder und Olivenhaine laden zu ausgedehnten Touren ein, traumhafte Str\u00e4nde und Buchten zur willkommenen Badepause. Der Rother Wanderf\u00fchrer Korfu stellt die 36 sch\u00f6nsten Wege zu einsamen Str\u00e4nden, zu malerischen D\u00f6rfern und auf aussichtsreiche Gipfel vor. Wer auf Korfu wandert, wird begeistert sein: [&#8230;]\n","protected":false},"featured_media":172444,"template":"","meta":[],"product_brand":[],"product_cat":[21605],"product_tag":[],"class_list":{"0":"post-147439","1":"product","2":"type-product","3":"status-publish","4":"has-post-thumbnail","6":"product_cat-wanderfuehrer-trekking","7":"pa_autor-knor-bieder","8":"pa_erscheinungsjahr-27339","9":"pa_region-griechenland","10":"pa_sprache-de","12":"first","13":"instock","14":"taxable","15":"shipping-taxable","16":"purchasable","17":"product-type-simple"},"_links":{"self":[{"href":"https:\/\/pizbube.ch\/en\/wp-json\/wp\/v2\/product\/147439","targetHints":{"allow":["GET"]}}],"collection":[{"href":"https:\/\/pizbube.ch\/en\/wp-json\/wp\/v2\/product"}],"about":[{"href":"https:\/\/pizbube.ch\/en\/wp-json\/wp\/v2\/types\/product"}],"wp:featuredmedia":[{"embeddable":true,"href":"https:\/\/pizbube.ch\/en\/wp-json\/wp\/v2\/media\/172444"}],"wp:attachment":[{"href":"https:\/\/pizbube.ch\/en\/wp-json\/wp\/v2\/media?parent=147439"}],"wp:term":[{"taxonomy":"product_brand","embeddable":true,"href":"https:\/\/pizbube.ch\/en\/wp-json\/wp\/v2\/product_brand?post=147439"},{"taxonomy":"product_cat","embeddable":true,"href":"https:\/\/pizbube.ch\/en\/wp-json\/wp\/v2\/product_cat?post=147439"},{"taxonomy":"product_tag","embeddable":true,"href":"https:\/\/pizbube.ch\/en\/wp-json\/wp\/v2\/product_tag?post=147439"}],"curies":[{"name":"wp","href":"https:\/\/api.w.org\/{rel}","templated":true}]}}