{"id":147440,"date":"2021-01-15T10:55:21","date_gmt":"2021-01-15T10:55:21","guid":{"rendered":"https:\/\/codengine3.ch\/?product=import-placeholder-for-207834"},"modified":"2025-09-27T14:26:41","modified_gmt":"2025-09-27T12:26:41","slug":"rother-jubilaeums-wanderfuehrer-sonnenziele-mittelmeer-und-atlantik","status":"publish","type":"product","link":"https:\/\/pizbube.ch\/en\/shop\/rother-jubilaeums-wanderfuehrer-sonnenziele-mittelmeer-und-atlantik\/","title":{"rendered":"Rother Jubil\u00e4ums-Wanderf\u00fchrer Sonnenziele &#8211; Mittelmeer und Atlantik"},"content":{"rendered":"<p>100 Touren-Highlights &#8211; 100 Lieblingstouren von Rother-Autoren<\/p>\n<p>Wandern in den Bergen, logieren am Meer! Von den Azoren bis Israel und von den<br \/>\nKapverden bis Kreta umspannt der Rother Jubil\u00e4ums-Wanderf\u00fchrer Sonnenziele ein<br \/>\nriesiges Gebiet rund um Mittelmeer und Atlantik mit einer Vielzahl<br \/>\nabwechslungsreicher Wanderm\u00f6glichkeiten.<\/p>\n<p>Das verbindende Element der meisten \u00bbSonnenziele\u00ab ist das milde Klima. Das<br \/>\nMeer ist nie allzu weit, Wander- und Badeurlaub lassen sich dadurch perfekt<br \/>\nverbinden. Mal geht es mit weitem Blick an der K\u00fcste entlang zu wundersch\u00f6nen<br \/>\nBuchten, mal durch wilde Schluchten oder hoch hinaus auf tolle Aussichtsberge,<br \/>\ndurch malerische D\u00f6rfer oder zu alten Kl\u00f6stern und Burgen.<\/p>\n<p>Zu den Klassikern geh\u00f6ren auch Wanderregionen im Hinterland der K\u00fcste, etwa in<br \/>\nder Provence, der Toskana oder in den Pyren\u00e4en. Spannend und als Wanderl\u00e4nder<br \/>\nkaum bekannt sind L\u00e4nder wie Montenegro, Albanien oder Israel, die im<br \/>\nJubil\u00e4ums-Wanderf\u00fchrer Sonnenziele ebenfalls mit attraktiven Touren vertreten<br \/>\nsind. Mit diesen 100 Wanderungen lassen sich die sch\u00f6nsten Regionen rund um<br \/>\nMittelmeer und Atlantik entdecken!<\/p>\n<p>Jeder Tourenvorschlag enth\u00e4lt eine ausf\u00fchrliche Routenbeschreibung, einen<br \/>\ndetaillierten Kartenausschnitt mit eingezeichnetem Wegverlauf und ein<br \/>\naussagekr\u00e4ftiges H\u00f6henprofil. Eine \u00fcbersichtliche Kurzinfo informiert bei<br \/>\njeder Tour \u00fcber die Anforderungen, den Ausgangspunkt, Einkehrm\u00f6glichkeiten,<br \/>\nVarianten und vieles mehr. GPS-Tracks stehen zum Download bereit.<\/p>\n<p>Zu seinem 100-j\u00e4hrigen Bestehen hat sich der Rother Bergverlag etwas<br \/>\nBesonderes einfallen lassen: Die Rother Jubil\u00e4ums-Wanderf\u00fchrer. In drei B\u00e4nden<br \/>\n\u2013 Deutschland, Alpen und Sonnenziele am Mittelmeer und Atlantik \u2013 pr\u00e4sentieren<br \/>\nRother-Autoren ihre jeweils 100 Lieblingstouren. Zum feierlichen Anlass<br \/>\nerscheinen die Sondereditionen nicht im gewohnten kleinen Format der roten<br \/>\nWanderf\u00fchrer, sondern in Jubil\u00e4umsgr\u00f6\u00dfe \u2013 zum Bl\u00e4ttern, Lesen und Schwelgen in<br \/>\nneuen Ideen. Als besonderes Extra gibt es die Touren kostenlos in der Rother<br \/>\nTouren App.<\/p>\n<p>1. Auflage 2020<br \/>\n312 Seiten mit 282 Farbabbildungen<br \/>\n100 H\u00f6henprofile, 100 Wanderk\u00e4rtchen im Ma\u00dfstab 1:25.000\/1:50.000\/1:75.000,<br \/>\nzwei \u00dcbersichtskarten, GPS-Tracks zum Download<\/p>","protected":false},"excerpt":{"rendered":"<ul>\n<li><a href=\"https:\/\/pizbube.ch\/wp-content\/uploads\/attachments\/a_026\/AB7856C3CE2E2042FE86A711B20A031A.pdf\" target=\"_blank\" rel=\"noopener\">PDF: Sonnenziele_Inhaltsverzeichnis<\/a><\/li>\n<\/ul>","protected":false},"featured_media":38591,"template":"","meta":[],"product_brand":[],"product_cat":[21605],"product_tag":[],"class_list":{"0":"post-147440","1":"product","2":"type-product","3":"status-publish","4":"has-post-thumbnail","6":"product_cat-wanderfuehrer-trekking","7":"pa_autor-fischer","8":"pa_erscheinungsjahr-21558","9":"pa_region-uebrigers-europa","10":"pa_sprache-de","12":"first","13":"outofstock","14":"taxable","15":"shipping-taxable","16":"purchasable","17":"product-type-simple"},"_links":{"self":[{"href":"https:\/\/pizbube.ch\/en\/wp-json\/wp\/v2\/product\/147440","targetHints":{"allow":["GET"]}}],"collection":[{"href":"https:\/\/pizbube.ch\/en\/wp-json\/wp\/v2\/product"}],"about":[{"href":"https:\/\/pizbube.ch\/en\/wp-json\/wp\/v2\/types\/product"}],"wp:featuredmedia":[{"embeddable":true,"href":"https:\/\/pizbube.ch\/en\/wp-json\/wp\/v2\/media\/38591"}],"wp:attachment":[{"href":"https:\/\/pizbube.ch\/en\/wp-json\/wp\/v2\/media?parent=147440"}],"wp:term":[{"taxonomy":"product_brand","embeddable":true,"href":"https:\/\/pizbube.ch\/en\/wp-json\/wp\/v2\/product_brand?post=147440"},{"taxonomy":"product_cat","embeddable":true,"href":"https:\/\/pizbube.ch\/en\/wp-json\/wp\/v2\/product_cat?post=147440"},{"taxonomy":"product_tag","embeddable":true,"href":"https:\/\/pizbube.ch\/en\/wp-json\/wp\/v2\/product_tag?post=147440"}],"curies":[{"name":"wp","href":"https:\/\/api.w.org\/{rel}","templated":true}]}}