{"id":147441,"date":"2021-01-15T10:55:21","date_gmt":"2021-01-15T10:55:21","guid":{"rendered":"https:\/\/codengine3.ch\/?product=import-placeholder-for-200212"},"modified":"2024-10-10T10:41:45","modified_gmt":"2024-10-10T08:41:45","slug":"der-dachstein-wanderungen-im-dreilaendereck-steiermark-salzburg-oberoesterreich","status":"publish","type":"product","link":"https:\/\/pizbube.ch\/en\/shop\/der-dachstein-wanderungen-im-dreilaendereck-steiermark-salzburg-oberoesterreich\/","title":{"rendered":"Der Dachstein &#8211; Wanderungen im Dreil\u00e4ndereck Steiermark, Salzburg, Ober\u00f6sterreich"},"content":{"rendered":"<p>Der Dachstein z\u00e4hlt zu den bekanntesten Bergmassiven \u00d6sterreichs und der<br \/>\nAlpen, im Dreil\u00e4ndereck von Steiermark, Salzburg und Ober\u00f6sterreich gelegen.<br \/>\nDie bis zu tausend Meter aufragenden Felsw\u00e4nde, die n\u00f6rdlichsten und<br \/>\n\u00f6stlichsten Gletscher der Alpen und die gut erschlossenen Wege machen ihn zu<br \/>\neinem herausragenden Wanderziel.<\/p>\n<p>Zentraler Ausgangspunkt ist die Gemeinde Ramsau, auf einem Hochplateau am Fu\u00df<br \/>\ndes Dachsteins gelegen. Hannes Hoffert-H\u00f6sl erschlie\u00dft in diesem Buch das<br \/>\ngesamte Gebiet entlang der sch\u00f6nsten Routen: 10 Tageswanderungen zwischen Berg<br \/>\nund Tal und auf dem Hochplateau, die hochalpine Runde in 4 Etappen um den<br \/>\nDachsteingipfel herum, die Besteigung des Gipfels selbst, dazu 5<br \/>\n\u00dcberschreitungen und Vorschl\u00e4ge f\u00fcr Weitwanderungen sowie ausgew\u00e4hlte<br \/>\nSchneeschuhtouren machen diesen Wanderf\u00fchrer zu einem ganzj\u00e4hrig und<br \/>\nvielseitig einsetzbaren Begleiter.<\/p>\n<p>224 Seiten, Flexcover; 1. Auflage; Mit Farbfotos, Routenskizzen und<br \/>\nServiceteil<\/p>","protected":false},"excerpt":{"rendered":"<p>Der Dachstein z\u00e4hlt zu den bekanntesten Bergmassiven \u00d6sterreichs und der Alpen, im Dreil\u00e4ndereck von Steiermark, Salzburg und Ober\u00f6sterreich gelegen. Die bis zu tausend Meter aufragenden Felsw\u00e4nde, die n\u00f6rdlichsten und \u00f6stlichsten Gletscher der Alpen und die gut erschlossenen Wege machen ihn zu einem herausragenden Wanderziel. Zentraler Ausgangspunkt ist die Gemeinde Ramsau, auf einem Hochplateau am Fu\u00df [&#8230;]\n","protected":false},"featured_media":176670,"template":"","meta":[],"product_brand":[],"product_cat":[21605],"product_tag":[],"class_list":{"0":"post-147441","1":"product","2":"type-product","3":"status-publish","4":"has-post-thumbnail","6":"product_cat-wanderfuehrer-trekking","7":"pa_autor-hoffert-hoesl","8":"pa_erscheinungsjahr-21546","9":"pa_region-oesterreich","10":"pa_sprache-de","12":"first","13":"instock","14":"taxable","15":"shipping-taxable","16":"purchasable","17":"product-type-simple"},"_links":{"self":[{"href":"https:\/\/pizbube.ch\/en\/wp-json\/wp\/v2\/product\/147441","targetHints":{"allow":["GET"]}}],"collection":[{"href":"https:\/\/pizbube.ch\/en\/wp-json\/wp\/v2\/product"}],"about":[{"href":"https:\/\/pizbube.ch\/en\/wp-json\/wp\/v2\/types\/product"}],"wp:featuredmedia":[{"embeddable":true,"href":"https:\/\/pizbube.ch\/en\/wp-json\/wp\/v2\/media\/176670"}],"wp:attachment":[{"href":"https:\/\/pizbube.ch\/en\/wp-json\/wp\/v2\/media?parent=147441"}],"wp:term":[{"taxonomy":"product_brand","embeddable":true,"href":"https:\/\/pizbube.ch\/en\/wp-json\/wp\/v2\/product_brand?post=147441"},{"taxonomy":"product_cat","embeddable":true,"href":"https:\/\/pizbube.ch\/en\/wp-json\/wp\/v2\/product_cat?post=147441"},{"taxonomy":"product_tag","embeddable":true,"href":"https:\/\/pizbube.ch\/en\/wp-json\/wp\/v2\/product_tag?post=147441"}],"curies":[{"name":"wp","href":"https:\/\/api.w.org\/{rel}","templated":true}]}}