{"id":147443,"date":"2021-01-15T10:55:21","date_gmt":"2021-01-15T10:55:21","guid":{"rendered":"https:\/\/codengine3.ch\/?product=import-placeholder-for-204294"},"modified":"2021-01-15T14:31:46","modified_gmt":"2021-01-15T14:31:46","slug":"dachstein","status":"publish","type":"product","link":"https:\/\/pizbube.ch\/en\/shop\/dachstein\/","title":{"rendered":"Dachstein"},"content":{"rendered":"<p>Der Dachstein ist eine der vielseitigsten Gebirgsgruppen der Alpen, ihm ist<br \/>\ndieser Bildband gewidmet. Die Faszination der vergletscherten Nordseite, die<br \/>\nspektakul\u00e4ren S\u00fcdw\u00e4nde des Dreigestirns Torstein- Mitterspitz- Dachstein, die<br \/>\nfiligrane Felsenwelt des Gosaukamms, das riesige Karstplateau im Osten und das<br \/>\nwilde Grimmingmassiv sind nur ein Teil der Besonderheiten. An Torstein,<br \/>\nBischofsm\u00fctze und Dachstein-S\u00fcdwand wurde Alpingeschichte von ihrer<br \/>\nspannendsten Art geschrieben.<br \/>\nWeitere Kapitel sind den reichen Salzvorkommen in Hallstatt gewidmet, die den<br \/>\nRaum zur Wiege \u00d6sterreichs machten, ferner der Bedeutung des Dachsteins f\u00fcr<br \/>\ndie wissenschaftliche Erforschung, begonnen von Friedrich Simony, und der<br \/>\nfaszinierenden Unterwelt des Dachsteins, in der sich die l\u00e4ngste H\u00f6hle<br \/>\n\u00d6sterreichs befindet. Alles gute Gr\u00fcnde daf\u00fcr, dass der Dachstein als erste<br \/>\nUNESCO Welterberegion der Alpen ausgezeichnet worden ist.<br \/>\nHistorische Dokumente illustrieren dieses Buch und zahlreiche erstklassige<br \/>\nFotos aus allen Jahreszeiten zeigen die Gro\u00dfartigkeit des Dachsteins und die<br \/>\nvielen kleinen Wunder am Wegrand. Bereichert wird der Band durch einen Beitrag<br \/>\nvon Lokalmatador Klaus Hoi zur modernen Erschlie\u00dfung. Ferner gibt das<br \/>\nAutorenteam Andrea und Andreas Strau\u00df als Gebietskenner n\u00fctzliche Tipps zu den<br \/>\nsch\u00f6nsten Aussichtspunkten, Wanderungen, Klettersteigen&#8230;<br \/>\n128 Seiten mit 100 Farbabbildungen, Format 30 x 24 cm; gebunden mit<br \/>\nSchutzumschlag  <\/p>","protected":false},"excerpt":{"rendered":"<p>Der Dachstein ist eine der vielseitigsten Gebirgsgruppen der Alpen, ihm ist dieser Bildband gewidmet. Die Faszination der vergletscherten Nordseite, die spektakul\u00e4ren S\u00fcdw\u00e4nde des Dreigestirns Torstein- Mitterspitz- Dachstein, die filigrane Felsenwelt des Gosaukamms, das riesige Karstplateau im Osten und das wilde Grimmingmassiv sind nur ein Teil der Besonderheiten. An Torstein, Bischofsm\u00fctze und Dachstein-S\u00fcdwand wurde Alpingeschichte von [&#8230;]\n","protected":false},"featured_media":32124,"template":"","meta":[],"product_brand":[],"product_cat":[21542],"product_tag":[],"class_list":{"0":"post-147443","1":"product","2":"type-product","3":"status-publish","4":"has-post-thumbnail","6":"product_cat-sachbuecher-dokumentationen","7":"pa_autor-strauss","8":"pa_erscheinungsjahr-21763","9":"pa_region-oesterreich","10":"pa_sprache-de","12":"first","13":"instock","14":"taxable","15":"shipping-taxable","16":"purchasable","17":"product-type-simple"},"_links":{"self":[{"href":"https:\/\/pizbube.ch\/en\/wp-json\/wp\/v2\/product\/147443","targetHints":{"allow":["GET"]}}],"collection":[{"href":"https:\/\/pizbube.ch\/en\/wp-json\/wp\/v2\/product"}],"about":[{"href":"https:\/\/pizbube.ch\/en\/wp-json\/wp\/v2\/types\/product"}],"wp:featuredmedia":[{"embeddable":true,"href":"https:\/\/pizbube.ch\/en\/wp-json\/wp\/v2\/media\/32124"}],"wp:attachment":[{"href":"https:\/\/pizbube.ch\/en\/wp-json\/wp\/v2\/media?parent=147443"}],"wp:term":[{"taxonomy":"product_brand","embeddable":true,"href":"https:\/\/pizbube.ch\/en\/wp-json\/wp\/v2\/product_brand?post=147443"},{"taxonomy":"product_cat","embeddable":true,"href":"https:\/\/pizbube.ch\/en\/wp-json\/wp\/v2\/product_cat?post=147443"},{"taxonomy":"product_tag","embeddable":true,"href":"https:\/\/pizbube.ch\/en\/wp-json\/wp\/v2\/product_tag?post=147443"}],"curies":[{"name":"wp","href":"https:\/\/api.w.org\/{rel}","templated":true}]}}