{"id":147444,"date":"2021-01-15T10:55:21","date_gmt":"2021-01-15T10:55:21","guid":{"rendered":"https:\/\/codengine3.ch\/?product=import-placeholder-for-203558"},"modified":"2023-01-24T17:41:13","modified_gmt":"2023-01-24T16:41:13","slug":"dachstein-tauern-mit-salzkammergut-und-tennengebirge-50-skitouren","status":"publish","type":"product","link":"https:\/\/pizbube.ch\/en\/shop\/dachstein-tauern-mit-salzkammergut-und-tennengebirge-50-skitouren\/","title":{"rendered":"Dachstein &#8211; Tauern mit Salzkammergut und Tennengebirge &#8211; 50 Skitouren"},"content":{"rendered":"<p>Die Tourenregion Dachstein-Tauern ist eine Gebirgslandschaft, die durch ihre<br \/>\nVielfalt Skitourenm\u00f6glichkeiten f\u00fcr jeden Geschmack bietet. In der<br \/>\nOsterhorngruppe und den Bergen des Salzkammergutes locken \u00fcber dem Waldg\u00fcrtel<br \/>\nfreie Almwiesen mit h\u00e4ufig idealem Pulverschnee \u2013 Ziele, die oft schon im<br \/>\nHochwinter begangen werden k\u00f6nnen.<\/p>\n<p>Das Dachstein-Massiv bietet ein breites Spektrum an M\u00f6glichkeiten in einer<br \/>\ngrandiosen Hochgebirgslandschaft. Anspruchsvolle Skihochtouren wie die<br \/>\nBesteigung des Dachsteingipfels finden sich ebenso wie gro\u00dfz\u00fcgige Umfahrungen<br \/>\nmit sanften H\u00e4ngen und pr\u00e4chtigen Ausblicken. Daneben lockt der Gosaukamm mit<br \/>\nrassigen Steilabfahrten im Fr\u00fchjahrsfirn.<\/p>\n<p>Der Autor Sepp Brandl sch\u00f6pfte f\u00fcr diesen F\u00fchrer aus seiner jahrzehntelangen<br \/>\nErfahrung im Skibergsteigen. Er pr\u00e4sentiert 50 besonders lohnende Skitouren,<br \/>\ndie er so pr\u00e4zise beschreibt, dass man sich auch ohne Gebietskenntnisse<br \/>\nhervorragend zurechtfindet. Zahlreiche Varianten erweitern die<br \/>\nTourenm\u00f6glichkeiten zus\u00e4tzlich.<\/p>\n<p>Genaue Anstiegsbeschreibungen, Tourenk\u00e4rtchen mit eingetragenem Routenverlauf<br \/>\nim Idealma\u00dfstab 1:50.000 sowie Steckbriefe mit Hinweisen zu Talorten und<br \/>\nAusgangspunkten, H\u00f6henunterschieden und Gehzeiten, Anforderungen,<br \/>\nLawinengef\u00e4hrdung und Hangausrichtung, g\u00fcnstiger Jahreszeit und<br \/>\nEinkehrm\u00f6glichkeiten erleichtern die Auswahl und Planung der Touren sowie die<br \/>\nOrientierung am Berg. Dieser Rother Skitourenf\u00fchrer enth\u00e4lt zudem Tipps f\u00fcr<br \/>\nsicheres und naturvertr\u00e4gliches Verhalten beim Tourengehen sowie Informationen<br \/>\nzu den Anreisem\u00f6glichkeiten mit Bahn und Bus. Zahlreiche Farbfotos<br \/>\nillustrieren den F\u00fchrer und vermitteln dem Benutzer einen hervorragenden<br \/>\nEindruck der Region.<\/p>\n<p>4. Auflage 2021<\/p>","protected":false},"excerpt":{"rendered":"<ul>\n<li><\/li>\n<\/ul>","protected":false},"featured_media":165671,"template":"","meta":[],"product_brand":[],"product_cat":[21540],"product_tag":[],"class_list":{"0":"post-147444","1":"product","2":"type-product","3":"status-publish","4":"has-post-thumbnail","6":"product_cat-fuehrerliteratur-alpin-winter","7":"pa_autor-brandl","8":"pa_erscheinungsjahr-25440","9":"pa_region-oesterreich","10":"pa_sprache-de","12":"first","13":"instock","14":"taxable","15":"shipping-taxable","16":"purchasable","17":"product-type-simple"},"_links":{"self":[{"href":"https:\/\/pizbube.ch\/en\/wp-json\/wp\/v2\/product\/147444","targetHints":{"allow":["GET"]}}],"collection":[{"href":"https:\/\/pizbube.ch\/en\/wp-json\/wp\/v2\/product"}],"about":[{"href":"https:\/\/pizbube.ch\/en\/wp-json\/wp\/v2\/types\/product"}],"wp:featuredmedia":[{"embeddable":true,"href":"https:\/\/pizbube.ch\/en\/wp-json\/wp\/v2\/media\/165671"}],"wp:attachment":[{"href":"https:\/\/pizbube.ch\/en\/wp-json\/wp\/v2\/media?parent=147444"}],"wp:term":[{"taxonomy":"product_brand","embeddable":true,"href":"https:\/\/pizbube.ch\/en\/wp-json\/wp\/v2\/product_brand?post=147444"},{"taxonomy":"product_cat","embeddable":true,"href":"https:\/\/pizbube.ch\/en\/wp-json\/wp\/v2\/product_cat?post=147444"},{"taxonomy":"product_tag","embeddable":true,"href":"https:\/\/pizbube.ch\/en\/wp-json\/wp\/v2\/product_tag?post=147444"}],"curies":[{"name":"wp","href":"https:\/\/api.w.org\/{rel}","templated":true}]}}