{"id":147447,"date":"2021-01-15T10:55:21","date_gmt":"2021-01-15T10:55:21","guid":{"rendered":"https:\/\/codengine3.ch\/?product=import-placeholder-for-200213"},"modified":"2024-04-02T11:52:03","modified_gmt":"2024-04-02T09:52:03","slug":"abruzzen-wandern-zwischen-gran-sasso-und-adriakueste","status":"publish","type":"product","link":"https:\/\/pizbube.ch\/en\/shop\/abruzzen-wandern-zwischen-gran-sasso-und-adriakueste\/","title":{"rendered":"Abruzzen &#8211; Wandern zwischen Gran Sasso und Adriak\u00fcste"},"content":{"rendered":"<p>Von den h\u00f6chsten Gipfeln des Apennin bis an die Adriak\u00fcste erstreckt sich die urspr\u00fcngliche Gebirgslandschaft der Abruzzen. Hier schl\u00e4gt das \u00bbgr\u00fcne Herz\u00ab Italiens: Ein Drittel der Region steht als Nationalpark oder Naturpark unter Schutz. Herrliche Wanderungen f\u00fchren auf schroffe Felsgipfel, durch dichte W\u00e4lder und zu jahrhundertealten Bergd\u00f6rfern. Der Rother Wanderf\u00fchrer \u00bbAbruzzen\u00ab stellt 60 Touren \u2013 von leicht bis schwierig, von kurz bis tagesf\u00fcllend \u2013 vor.<\/p>\n<p>Durch uralte Buchenw\u00e4lder geht es ins \u00bbTal der Hundert Wasserf\u00e4lle\u00ab. Abk\u00fchlung an hei\u00dfen Tagen versprechen die gr\u00fcnen Auen der wilden Orfentoschlucht. Und wer den Corno Grande besteigt, den mit fast 3000 Metern h\u00f6chsten Gipfel der Abruzzen, erlebt eine beeindruckende Hochgebirgsszenerie. Der Panoramablick vom h\u00f6chsten Punkt ist \u00fcberw\u00e4ltigend. Zwischen den Felsgipfeln und der Adriak\u00fcste erstrecken sich Weinberge und Olivenhaine. Charmante D\u00f6rfer, alte Burgen und Ausgrabungen, Kl\u00f6ster, Kirchen und Einsiedeleien \u2013 wer die Abruzzen durchstreift, erkundet auch altes Kulturland.<\/p>\n<p>Jede Tour wird mit einer zuverl\u00e4ssigen Wegbeschreibung, einem aussagekr\u00e4ftigen H\u00f6henprofil und einem Wanderk\u00e4rtchen mit eingetragenem Routenverlauf vorgestellt. Alle wichtigen Informationen sind \u00fcbersichtlich aufgef\u00fchrt. Au\u00dferdem gibt es zahlreiche Tipps zu Einkehrm\u00f6glichkeiten, Unterk\u00fcnften, Wegvarianten und Sehensw\u00fcrdigkeiten. Eine farbige Schwierigkeitsskala erleichtert die Auswahl der Touren. Viele sind auch f\u00fcr Kinder geeignet. GPS-Daten stehen zum Download bereit.<\/p>\n<p>3. Auflage 2023<br \/>\n272 Seiten mit 201 Farbabbildungen<br \/>\n60 H\u00f6henprofile, 60 Wanderk\u00e4rtchen im Ma\u00dfstab 1:50.000 und 1:75.000 sowie zwei \u00dcbersichtskarten im Ma\u00dfstab 1:800.000 und 1:1.430.000<br \/>\nFormat 11,5 x 16,5 cm<br \/>\nkartoniert mit Polytex-Laminierung<\/p>","protected":false},"excerpt":{"rendered":"<p>Von den h\u00f6chsten Gipfeln des Apennin bis an die Adriak\u00fcste erstreckt sich die urspr\u00fcngliche Gebirgslandschaft der Abruzzen. Hier schl\u00e4gt das \u00bbgr\u00fcne Herz\u00ab Italiens: Ein Drittel der Region steht als Nationalpark oder Naturpark unter Schutz. Herrliche Wanderungen f\u00fchren auf schroffe Felsgipfel, durch dichte W\u00e4lder und zu jahrhundertealten Bergd\u00f6rfern. Der Rother Wanderf\u00fchrer \u00bbAbruzzen\u00ab stellt 60 Touren \u2013 [&#8230;]\n","protected":false},"featured_media":158558,"template":"","meta":[],"product_brand":[],"product_cat":[21605],"product_tag":[],"class_list":{"0":"post-147447","1":"product","2":"type-product","3":"status-publish","4":"has-post-thumbnail","6":"product_cat-wanderfuehrer-trekking","7":"pa_autor-bauregger","8":"pa_erscheinungsjahr-27129","9":"pa_region-italien","10":"pa_sprache-de","12":"first","13":"instock","14":"taxable","15":"shipping-taxable","16":"purchasable","17":"product-type-simple"},"_links":{"self":[{"href":"https:\/\/pizbube.ch\/en\/wp-json\/wp\/v2\/product\/147447","targetHints":{"allow":["GET"]}}],"collection":[{"href":"https:\/\/pizbube.ch\/en\/wp-json\/wp\/v2\/product"}],"about":[{"href":"https:\/\/pizbube.ch\/en\/wp-json\/wp\/v2\/types\/product"}],"wp:featuredmedia":[{"embeddable":true,"href":"https:\/\/pizbube.ch\/en\/wp-json\/wp\/v2\/media\/158558"}],"wp:attachment":[{"href":"https:\/\/pizbube.ch\/en\/wp-json\/wp\/v2\/media?parent=147447"}],"wp:term":[{"taxonomy":"product_brand","embeddable":true,"href":"https:\/\/pizbube.ch\/en\/wp-json\/wp\/v2\/product_brand?post=147447"},{"taxonomy":"product_cat","embeddable":true,"href":"https:\/\/pizbube.ch\/en\/wp-json\/wp\/v2\/product_cat?post=147447"},{"taxonomy":"product_tag","embeddable":true,"href":"https:\/\/pizbube.ch\/en\/wp-json\/wp\/v2\/product_tag?post=147447"}],"curies":[{"name":"wp","href":"https:\/\/api.w.org\/{rel}","templated":true}]}}