{"id":147448,"date":"2021-01-15T10:55:22","date_gmt":"2021-01-15T10:55:22","guid":{"rendered":"https:\/\/codengine3.ch\/?product=import-placeholder-for-204863"},"modified":"2021-01-15T14:36:51","modified_gmt":"2021-01-15T14:36:51","slug":"wilde-wege-stille-doerfer","status":"publish","type":"product","link":"https:\/\/pizbube.ch\/en\/shop\/wilde-wege-stille-doerfer\/","title":{"rendered":"Wilde Wege, stille D\u00f6rfer"},"content":{"rendered":"<p>Wanderungen in den Abruzzen<br \/>\nDie Abruzzen sind eine wenig bekannte Region im Herzen Italiens. Hier l\u00e4sst<br \/>\nsich nach Herzenslust wandern und das Leben genie\u00dfen.  <\/p>\n<p>Das einst kaum zug\u00e4ngliche Bergland der Abruzzen ist in weniger als zwei<br \/>\nStunden von Rom aus erreichbar und geh\u00f6rt doch zu den unbekannteren<br \/>\nReisegebieten Italiens. Vor allem f\u00fcr Wanderer ist die Gegend \u00e4u\u00dferst<br \/>\nreizvoll. Die Gebirgsregionen sind weitgehend verschont geblieben von den<br \/>\narchitektonischen Zeugnissen der Freizeitkultur. Fast alle Gebirge der<br \/>\nAbruzzen geh\u00f6ren heute zu Nationalparks &#8211; eine Dichte, die es nirgendwo sonst<br \/>\nin Europa gibt.<br \/>\nDie imposanten, bis zu 3000 Meter aufragenden H\u00f6henz\u00fcge bieten ein<br \/>\nLandschaftsbild von einzigartiger Vielfalt. Schroffe Felsw\u00e4nde erheben sich<br \/>\naus exotisch wirkenden Hochebenen, kahle Bergkuppen \u00fcberragen T\u00e4ler mit<br \/>\ndichten Buchenw\u00e4ldern, schmale Canyons f\u00fchren zu Wasserf\u00e4llen und Seen. Herbe<br \/>\nund gro\u00dfartige Szenerien wechseln mit den sanfteren Bildern des H\u00fcgellands der<br \/>\nWeinberge, Olivenhaine und Getreidefelder.<br \/>\nDas Buch beschreibt eine Wanderung in 15 Tagesetappen durch die gesamte<br \/>\nRegion. Am Weg liegen malerische D\u00f6rfer, lebendige Kleinst\u00e4dte und zahlreiche<br \/>\nhistorisch interessante Orte. Ein besonderer Akzent liegt auf dem<br \/>\nkulinarischen Angebot, mit genauen Schilderungen zahlreicher Restaurants am<br \/>\nWege. Zus\u00e4tzlich erschlie\u00dfen Hintergrundtexte das vergangene und gegenw\u00e4rtige<br \/>\nLeben der Region.<br \/>\nAusf\u00fchrlichem Serviceteil mit GPS-Daten.<br \/>\n3. \u00fcberarbeitete Auflage 2013  <\/p>","protected":false},"excerpt":{"rendered":"<ul>\n<li><b>INFO: Vergriffen, keine Neuauflage\/Nachdruck<b><\/li>\n<\/ul>","protected":false},"featured_media":33401,"template":"","meta":[],"product_brand":[],"product_cat":[21605],"product_tag":[],"class_list":{"0":"post-147448","1":"product","2":"type-product","3":"status-publish","4":"has-post-thumbnail","6":"product_cat-wanderfuehrer-trekking","7":"pa_autor-hennig","8":"pa_erscheinungsjahr-21568","9":"pa_region-italien","10":"pa_sprache-de","12":"first","13":"outofstock","14":"taxable","15":"shipping-taxable","16":"purchasable","17":"product-type-simple"},"_links":{"self":[{"href":"https:\/\/pizbube.ch\/en\/wp-json\/wp\/v2\/product\/147448","targetHints":{"allow":["GET"]}}],"collection":[{"href":"https:\/\/pizbube.ch\/en\/wp-json\/wp\/v2\/product"}],"about":[{"href":"https:\/\/pizbube.ch\/en\/wp-json\/wp\/v2\/types\/product"}],"wp:featuredmedia":[{"embeddable":true,"href":"https:\/\/pizbube.ch\/en\/wp-json\/wp\/v2\/media\/33401"}],"wp:attachment":[{"href":"https:\/\/pizbube.ch\/en\/wp-json\/wp\/v2\/media?parent=147448"}],"wp:term":[{"taxonomy":"product_brand","embeddable":true,"href":"https:\/\/pizbube.ch\/en\/wp-json\/wp\/v2\/product_brand?post=147448"},{"taxonomy":"product_cat","embeddable":true,"href":"https:\/\/pizbube.ch\/en\/wp-json\/wp\/v2\/product_cat?post=147448"},{"taxonomy":"product_tag","embeddable":true,"href":"https:\/\/pizbube.ch\/en\/wp-json\/wp\/v2\/product_tag?post=147448"}],"curies":[{"name":"wp","href":"https:\/\/api.w.org\/{rel}","templated":true}]}}