{"id":147452,"date":"2021-01-15T10:55:22","date_gmt":"2021-01-15T10:55:22","guid":{"rendered":"https:\/\/codengine3.ch\/?product=import-placeholder-for-203230"},"modified":"2024-01-13T09:59:48","modified_gmt":"2024-01-13T08:59:48","slug":"parco-nazionale-del-gran-sasso-e-monti-della-laga-150000","status":"publish","type":"product","link":"https:\/\/pizbube.ch\/en\/shop\/parco-nazionale-del-gran-sasso-e-monti-della-laga-150000\/","title":{"rendered":"Parco Nazionale del Gran Sasso e Monti della Laga 1:50`000"},"content":{"rendered":"<p>Wander-, Ski- und Radtourenkarte. In Plastikh\u00fclle mit Beiheft.<br \/>\nWK 2476;<\/p>\n<p>4in1 Wanderkarte &#8211; Englisch \/ Deutsch \/ Italienisch, mit Aktiv Guide, Karten;<br \/>\nMit Aktiv Guide mit Outdoor Themen, Detailkarten, Wandertouren; mit Download-<br \/>\nM\u00f6glichkeit Kompass-App<\/p>\n<p>Die KOMPASS Wanderkarten \u00fcberzeugen durch . eine GPS-genaue und aktuelle Karte<br \/>\nzur einfachen Orientierung . lesefreundliche Optik im idealen Ma\u00dfstab von<br \/>\n1:25.000\/1:35.000 oder 1:50.000 .<\/p>\n<p>Herstellung auf robustem rei\u00df- und wetterfesten Papier<\/p>","protected":false},"excerpt":{"rendered":"<p>Wander-, Ski- und Radtourenkarte. In Plastikh\u00fclle mit Beiheft. WK 2476; 4in1 Wanderkarte &#8211; Englisch \/ Deutsch \/ Italienisch, mit Aktiv Guide, Karten; Mit Aktiv Guide mit Outdoor Themen, Detailkarten, Wandertouren; mit Download- M\u00f6glichkeit Kompass-App Die KOMPASS Wanderkarten \u00fcberzeugen durch . eine GPS-genaue und aktuelle Karte zur einfachen Orientierung . lesefreundliche Optik im idealen Ma\u00dfstab von [&#8230;]\n","protected":false},"featured_media":171134,"template":"","meta":[],"product_brand":[],"product_cat":[21543],"product_tag":[],"class_list":{"0":"post-147452","1":"product","2":"type-product","3":"status-publish","4":"has-post-thumbnail","6":"product_cat-landkarten","7":"pa_autor-kompass","8":"pa_erscheinungsjahr-27129","9":"pa_region-italien","10":"pa_sprache-de","12":"first","13":"instock","14":"taxable","15":"shipping-taxable","16":"purchasable","17":"product-type-simple"},"_links":{"self":[{"href":"https:\/\/pizbube.ch\/en\/wp-json\/wp\/v2\/product\/147452","targetHints":{"allow":["GET"]}}],"collection":[{"href":"https:\/\/pizbube.ch\/en\/wp-json\/wp\/v2\/product"}],"about":[{"href":"https:\/\/pizbube.ch\/en\/wp-json\/wp\/v2\/types\/product"}],"wp:featuredmedia":[{"embeddable":true,"href":"https:\/\/pizbube.ch\/en\/wp-json\/wp\/v2\/media\/171134"}],"wp:attachment":[{"href":"https:\/\/pizbube.ch\/en\/wp-json\/wp\/v2\/media?parent=147452"}],"wp:term":[{"taxonomy":"product_brand","embeddable":true,"href":"https:\/\/pizbube.ch\/en\/wp-json\/wp\/v2\/product_brand?post=147452"},{"taxonomy":"product_cat","embeddable":true,"href":"https:\/\/pizbube.ch\/en\/wp-json\/wp\/v2\/product_cat?post=147452"},{"taxonomy":"product_tag","embeddable":true,"href":"https:\/\/pizbube.ch\/en\/wp-json\/wp\/v2\/product_tag?post=147452"}],"curies":[{"name":"wp","href":"https:\/\/api.w.org\/{rel}","templated":true}]}}