{"id":147456,"date":"2021-01-15T10:55:22","date_gmt":"2021-01-15T10:55:22","guid":{"rendered":"https:\/\/codengine3.ch\/?product=import-placeholder-for-207349"},"modified":"2021-01-15T16:02:18","modified_gmt":"2021-01-15T16:02:18","slug":"abruzzen-24-wanderungen","status":"publish","type":"product","link":"https:\/\/pizbube.ch\/en\/shop\/abruzzen-24-wanderungen\/","title":{"rendered":"Abruzzen &#8211; 24 Wanderungen"},"content":{"rendered":"<p>Die Abruzzen, das wilde Hochgebirge in der Mitte Italiens, sind ein Eldorado<br \/>\nf\u00fcr Bergwanderer. In gleich drei Nationalparks k\u00f6nnen Sie eine vielf\u00e4ltige<br \/>\nLandschaft mit H\u00f6hlen, Hochgebirge, weiten Almwiesen, Schluchten und einsamen<br \/>\nBergd\u00f6rfern erkunden und die beeindruckende Bergwelt erleben. Das Buch<br \/>\nbeschreibt 24 Wanderungen in verschiedenen Schwierigkeitsstufen, die alle<br \/>\nbesondere Highlights bieten, seien es kulturelle oder nat\u00fcrliche<br \/>\nSehensw\u00fcrdigkeiten oder einfach nur tolle Aussichten.  <\/p>\n<p>Zu jeder Tour gibt es Tipps f\u00fcr Wanderer mit Kind und Hund und Informationen<br \/>\nzu Anreise, Einkehrm\u00f6glichkeiten, Markierungen u.v.m. Karten und H\u00f6henprofile<br \/>\nerg\u00e4nzen die genaue Wegbeschreibung, GPS-Daten zu jeder Tour k\u00f6nnen im<br \/>\nInternet kostenlos heruntergeladen werden. \u00dcbersichtskarte in der<br \/>\nUmschlagklappe.<\/p>\n<p>1. Auflage 2015, 160 Seiten, 24 Karten, 64 farbige Abbildungen, 25 farbige<br \/>\nH\u00f6henprofile<\/p>","protected":false},"excerpt":{"rendered":"<p>Die Abruzzen, das wilde Hochgebirge in der Mitte Italiens, sind ein Eldorado f\u00fcr Bergwanderer. In gleich drei Nationalparks k\u00f6nnen Sie eine vielf\u00e4ltige Landschaft mit H\u00f6hlen, Hochgebirge, weiten Almwiesen, Schluchten und einsamen Bergd\u00f6rfern erkunden und die beeindruckende Bergwelt erleben. Das Buch beschreibt 24 Wanderungen in verschiedenen Schwierigkeitsstufen, die alle besondere Highlights bieten, seien es kulturelle oder [&#8230;]\n","protected":false},"featured_media":37197,"template":"","meta":[],"product_brand":[],"product_cat":[21605],"product_tag":[],"class_list":{"0":"post-147456","1":"product","2":"type-product","3":"status-publish","4":"has-post-thumbnail","6":"product_cat-wanderfuehrer-trekking","7":"pa_autor-barelds","8":"pa_erscheinungsjahr-21597","9":"pa_region-italien","10":"pa_sprache-de","12":"first","13":"instock","14":"taxable","15":"shipping-taxable","16":"purchasable","17":"product-type-simple"},"_links":{"self":[{"href":"https:\/\/pizbube.ch\/en\/wp-json\/wp\/v2\/product\/147456","targetHints":{"allow":["GET"]}}],"collection":[{"href":"https:\/\/pizbube.ch\/en\/wp-json\/wp\/v2\/product"}],"about":[{"href":"https:\/\/pizbube.ch\/en\/wp-json\/wp\/v2\/types\/product"}],"wp:featuredmedia":[{"embeddable":true,"href":"https:\/\/pizbube.ch\/en\/wp-json\/wp\/v2\/media\/37197"}],"wp:attachment":[{"href":"https:\/\/pizbube.ch\/en\/wp-json\/wp\/v2\/media?parent=147456"}],"wp:term":[{"taxonomy":"product_brand","embeddable":true,"href":"https:\/\/pizbube.ch\/en\/wp-json\/wp\/v2\/product_brand?post=147456"},{"taxonomy":"product_cat","embeddable":true,"href":"https:\/\/pizbube.ch\/en\/wp-json\/wp\/v2\/product_cat?post=147456"},{"taxonomy":"product_tag","embeddable":true,"href":"https:\/\/pizbube.ch\/en\/wp-json\/wp\/v2\/product_tag?post=147456"}],"curies":[{"name":"wp","href":"https:\/\/api.w.org\/{rel}","templated":true}]}}