{"id":147457,"date":"2021-01-15T10:55:22","date_gmt":"2021-01-15T10:55:22","guid":{"rendered":"https:\/\/codengine3.ch\/?product=import-placeholder-for-207455"},"modified":"2021-01-15T16:03:26","modified_gmt":"2021-01-15T16:03:26","slug":"magia-di-calcare-boulder-sul-gran-sasso","status":"publish","type":"product","link":"https:\/\/pizbube.ch\/en\/shop\/magia-di-calcare-boulder-sul-gran-sasso\/","title":{"rendered":"MAGIA DI CALCARE &#8211; Boulder sul Gran Sasso"},"content":{"rendered":"<p>Monte Aquila \u2013 Vado di Sole \u2013 Val Maone \u2013 Vallone delle Cornacchie \u2013 Valle del<br \/>\nMonte \u2013 Poggio Umbricchio  <\/p>\n<p>Gransasso Boulder ist nicht nur ein Kletterf\u00fchrer, es ist die Geschichte und<br \/>\ndie Erz\u00e4hlung von 10 Jahren Bouldern am Gran Sasso.<br \/>\nEin Buch, das endlich einen Weg bietet, sich dieser Disziplin zu n\u00e4hern und es<br \/>\nBoulderfans erm\u00f6glicht, hunderte Passagen auf einem, f\u00fcr seine Sch\u00f6nheit<br \/>\nber\u00fchmten Kalkstein zu klettern.<\/p>\n<p>Jede Menge Boulder, Geschichten und Beschreibungen der einzelnen Linien,<br \/>\nKarten und traumhafte Bilder machen aus diesem Buch das ideale Werkzeug f\u00fcr<br \/>\nKletterer jeden Schwierigkeitsgrades.<\/p>\n<p>Eine Reise ohne Eile durch die traumhaften Klettergebiete des Gran Sasso,<br \/>\nzwischen Bl\u00f6cken, bei denen die \u00c4sthetik des Boulderns zu vollem Glanz kommt.  <\/p>\n<p>Magia di calcare non \u00e8 solo una guida di arrampicata, ma la storia e il<br \/>\nracconto di dieci anni di arrampicata boulder sul Gran Sasso.<br \/>\nUn libro che finalmente offre la possibilit\u00e0 di avvicinare gli arrampicatori a<br \/>\nquesta disciplina e consente agli amanti del bouldering di scalare centinaia<br \/>\ndi passaggi di tutte le difficolt\u00e0 su uno dei calcari pi\u00f9 famosi d\u2019Italia per<br \/>\nla sua particolarit\u00e0 e bellezza.  <\/p>\n<p>Tantissimi passaggi, descrizioni delle aree, correlate di mappe, didascalie e<br \/>\nfotografie mozzafiato fanno di questa guida uno strumento utile per<br \/>\narrampicatori di tutti i livelli.<br \/>\nUn viaggio senza tempo tra le splendide aree di arrampicata estive del Gran<br \/>\nSasso, per godere di una disciplina dell\u2019arrampicata, il boulder, che fa della<br \/>\npurezza del gesto atletico il suo punto di forza.<br \/>\nUn doveroso ringraziamento va ai \u201cfratelli\u201d, pulitori e soprattutto<br \/>\n\u201cportatori\u201d, Roberto Valentini detto \u201cRiskio\u201d e Matteo Cittadini, per gli<br \/>\namici \u201cRuanda\u201d.  <\/p>\n<p>Gransasso boulder is not just a climbing guide. It\u2019s the story of 10 years of<br \/>\nbouldering on the Gran Sasso.<br \/>\nFinally there is a guide for beginner and experienced boulders who want to<br \/>\nclimb hundreds of problems of all difficulties on some of Italy\u2019s best known<br \/>\nlimestone.<br \/>\nMany problems, explanatory legends and descriptions for each problem,<br \/>\naccompanied by maps and breathtaking photos make this guide a must for<br \/>\nclimbers of all levels.<br \/>\nA timeless journey through the splendid summer climbing areas of the Gran<br \/>\nSasso, to enjoy the purity of the athletic movement that characterises<br \/>\nbouldering.<\/p>","protected":false},"excerpt":{"rendered":"<p>Monte Aquila \u2013 Vado di Sole \u2013 Val Maone \u2013 Vallone delle Cornacchie \u2013 Valle del Monte \u2013 Poggio Umbricchio Gransasso Boulder ist nicht nur ein Kletterf\u00fchrer, es ist die Geschichte und die Erz\u00e4hlung von 10 Jahren Bouldern am Gran Sasso. Ein Buch, das endlich einen Weg bietet, sich dieser Disziplin zu n\u00e4hern und es [&#8230;]\n","protected":false},"featured_media":37512,"template":"","meta":[],"product_brand":[],"product_cat":[21539],"product_tag":[],"class_list":{"0":"post-147457","1":"product","2":"type-product","3":"status-publish","4":"has-post-thumbnail","6":"product_cat-fuehrerliteratur-sportklettern-bouldern","7":"pa_autor-parisse","8":"pa_erscheinungsjahr-21597","9":"pa_region-italien","10":"pa_sprache-it-de-en","12":"first","13":"instock","14":"taxable","15":"shipping-taxable","16":"purchasable","17":"product-type-simple"},"_links":{"self":[{"href":"https:\/\/pizbube.ch\/en\/wp-json\/wp\/v2\/product\/147457","targetHints":{"allow":["GET"]}}],"collection":[{"href":"https:\/\/pizbube.ch\/en\/wp-json\/wp\/v2\/product"}],"about":[{"href":"https:\/\/pizbube.ch\/en\/wp-json\/wp\/v2\/types\/product"}],"wp:featuredmedia":[{"embeddable":true,"href":"https:\/\/pizbube.ch\/en\/wp-json\/wp\/v2\/media\/37512"}],"wp:attachment":[{"href":"https:\/\/pizbube.ch\/en\/wp-json\/wp\/v2\/media?parent=147457"}],"wp:term":[{"taxonomy":"product_brand","embeddable":true,"href":"https:\/\/pizbube.ch\/en\/wp-json\/wp\/v2\/product_brand?post=147457"},{"taxonomy":"product_cat","embeddable":true,"href":"https:\/\/pizbube.ch\/en\/wp-json\/wp\/v2\/product_cat?post=147457"},{"taxonomy":"product_tag","embeddable":true,"href":"https:\/\/pizbube.ch\/en\/wp-json\/wp\/v2\/product_tag?post=147457"}],"curies":[{"name":"wp","href":"https:\/\/api.w.org\/{rel}","templated":true}]}}