{"id":147459,"date":"2021-01-15T10:55:22","date_gmt":"2021-01-15T10:55:22","guid":{"rendered":"https:\/\/codengine3.ch\/?product=import-placeholder-for-200214"},"modified":"2024-10-03T12:20:14","modified_gmt":"2024-10-03T10:20:14","slug":"pfalz-plus","status":"publish","type":"product","link":"https:\/\/pizbube.ch\/en\/shop\/pfalz-plus\/","title":{"rendered":"Pfalz Plus"},"content":{"rendered":"<p>20 Klettertipps &#8211; 35 Felsen &#8211; 200 Routen<br \/>\n120seitiges Sonderheft f\u00fcr die Pfalz<\/p>\n<p>620 Seiten \u2013 so viele hat unser Kletterf\u00fchrer Pfalz \u2013 sind viel Papier. Aber<br \/>\nin der S\u00fcdpfalz steht nat\u00fcrlich auch jede Menge prima Sandstein rum, an dem<br \/>\nman pr\u00e4chtig klettern kann. Etliche Felsen, die es durchaus verdient h\u00e4tten,<br \/>\nmusste Jens Richter mit tiefem Bedauern durchs Raster fallen lassen.<\/p>\n<p>F\u00fcr alle Pfalzfreunde, die noch etwas mehr wissen wollen, haben wir in Pfalz<br \/>\nplus weitere 20 Klettertipps mit 35 Felsen (darunter vielen Gipfeln) und noch<br \/>\nmal summa summarum 200 Kletterwegen zusammengestellt.<\/p>","protected":false},"excerpt":{"rendered":"<p>20 Klettertipps &#8211; 35 Felsen &#8211; 200 Routen 120seitiges Sonderheft f\u00fcr die Pfalz 620 Seiten \u2013 so viele hat unser Kletterf\u00fchrer Pfalz \u2013 sind viel Papier. Aber in der S\u00fcdpfalz steht nat\u00fcrlich auch jede Menge prima Sandstein rum, an dem man pr\u00e4chtig klettern kann. Etliche Felsen, die es durchaus verdient h\u00e4tten, musste Jens Richter mit [&#8230;]\n","protected":false},"featured_media":26232,"template":"","meta":[],"product_brand":[],"product_cat":[21539],"product_tag":[],"class_list":{"0":"post-147459","1":"product","2":"type-product","3":"status-publish","4":"has-post-thumbnail","6":"product_cat-fuehrerliteratur-sportklettern-bouldern","7":"pa_autor-richter","8":"pa_erscheinungsjahr-21586","9":"pa_region-deutschland","10":"pa_sprache-de","12":"first","13":"outofstock","14":"taxable","15":"shipping-taxable","16":"purchasable","17":"product-type-simple"},"_links":{"self":[{"href":"https:\/\/pizbube.ch\/en\/wp-json\/wp\/v2\/product\/147459","targetHints":{"allow":["GET"]}}],"collection":[{"href":"https:\/\/pizbube.ch\/en\/wp-json\/wp\/v2\/product"}],"about":[{"href":"https:\/\/pizbube.ch\/en\/wp-json\/wp\/v2\/types\/product"}],"wp:featuredmedia":[{"embeddable":true,"href":"https:\/\/pizbube.ch\/en\/wp-json\/wp\/v2\/media\/26232"}],"wp:attachment":[{"href":"https:\/\/pizbube.ch\/en\/wp-json\/wp\/v2\/media?parent=147459"}],"wp:term":[{"taxonomy":"product_brand","embeddable":true,"href":"https:\/\/pizbube.ch\/en\/wp-json\/wp\/v2\/product_brand?post=147459"},{"taxonomy":"product_cat","embeddable":true,"href":"https:\/\/pizbube.ch\/en\/wp-json\/wp\/v2\/product_cat?post=147459"},{"taxonomy":"product_tag","embeddable":true,"href":"https:\/\/pizbube.ch\/en\/wp-json\/wp\/v2\/product_tag?post=147459"}],"curies":[{"name":"wp","href":"https:\/\/api.w.org\/{rel}","templated":true}]}}