{"id":147460,"date":"2021-01-15T10:55:22","date_gmt":"2021-01-15T10:55:22","guid":{"rendered":"https:\/\/codengine3.ch\/?product=import-placeholder-for-208290"},"modified":"2026-04-14T10:34:24","modified_gmt":"2026-04-14T08:34:24","slug":"kletterfuehrer-pfalz","status":"publish","type":"product","link":"https:\/\/pizbube.ch\/en\/shop\/kletterfuehrer-pfalz\/","title":{"rendered":"Kletterf\u00fchrer Pfalz"},"content":{"rendered":"<p>Klettern im Buntsandstein des Pf\u00e4lzer Felsenlands. Kletterf\u00fchrer Pfalz \u2013 nicht nur die Sachsen k\u00f6nnen Sandstein&#8230;<\/p>\n<p>In den schier endlosen W\u00e4ldern zwischen Landau, Pirmasens und franz\u00f6sischer Grenze findet man das nach dem Elbsandsteingebirge bedeutendste deutsche Sandsteinklettergebiet. Und eines der sch\u00f6nsten obendrein. Das Gesamtangebot \u00fcberzeugt einfach: Eine malerische Landschaft mit mittelalterlichen Burgen, eine abwechslungsreiche Gastronomie mit leckerer regionaler K\u00fcche und gutem Wein, und eine fast un\u00fcberschaubare Anzahl an Kletterm\u00f6glichkeiten. Der rote Sandstein bietet eine gro\u00dfe Formenvielfalt: Herbe Risslinien findet man hier ebenso wie wunderbar strukturierte Wabenw\u00e4nde oder glatte Reibungsplatten.<\/p>\n<p>Aber die Pfalz ist auch ein sehr traditionsbewusstes Klettergebiet, man merkt das sofort, wenn man am Einstieg steht: Es stecken weniger Haken (respektive Ringe), als man es zum Beispiel aus Franken gewohnt ist. In puncto Sicherheit ist also der Selbstversorger gefragt: Keile und Cams sind in der Pfalz Pflicht-Accessoires am Klettergurt. Wer sich darauf einl\u00e4sst, wird mit traumhaft sch\u00f6nen Klettereien belohnt, und \u00fcbrigens: Der Saumagen schmeckt auch viel besser, als sein Name klingt \u2013 richtig lecker sogar!<\/p>\n<p>Dem F\u00fchrer liegt ein Downloadcode f\u00fcr eine kostenlose, drei Jahre g\u00fcltige Anwendung f\u00fcr iOS und Android bei.<\/p>\n<p>6. Auflage 2022<br \/>\n616 Seiten, 148 x 185 mm, Softcover, komplett 4 Farbig<\/p>","protected":false},"excerpt":{"rendered":"<ul>\n<li><strong><a href=\"https:\/\/pizbube.ch\/wp-content\/uploads\/attachments\/a_001\/1106D1DFFCCBB2454300455C71A49F25.pdf\" target=\"_blank\" rel=\"noopener\">PDF: Pfalz_Leseprobe<\/a><\/strong><\/li>\n<\/ul>","protected":false},"featured_media":157995,"template":"","meta":[],"product_brand":[],"product_cat":[21539],"product_tag":[],"class_list":{"0":"post-147460","1":"product","2":"type-product","3":"status-publish","4":"has-post-thumbnail","6":"product_cat-fuehrerliteratur-sportklettern-bouldern","7":"pa_autor-richter-tittel","8":"pa_erscheinungsjahr-27013","9":"pa_region-deutschland","10":"pa_sprache-de","12":"first","13":"instock","14":"taxable","15":"shipping-taxable","16":"purchasable","17":"product-type-simple"},"_links":{"self":[{"href":"https:\/\/pizbube.ch\/en\/wp-json\/wp\/v2\/product\/147460","targetHints":{"allow":["GET"]}}],"collection":[{"href":"https:\/\/pizbube.ch\/en\/wp-json\/wp\/v2\/product"}],"about":[{"href":"https:\/\/pizbube.ch\/en\/wp-json\/wp\/v2\/types\/product"}],"wp:featuredmedia":[{"embeddable":true,"href":"https:\/\/pizbube.ch\/en\/wp-json\/wp\/v2\/media\/157995"}],"wp:attachment":[{"href":"https:\/\/pizbube.ch\/en\/wp-json\/wp\/v2\/media?parent=147460"}],"wp:term":[{"taxonomy":"product_brand","embeddable":true,"href":"https:\/\/pizbube.ch\/en\/wp-json\/wp\/v2\/product_brand?post=147460"},{"taxonomy":"product_cat","embeddable":true,"href":"https:\/\/pizbube.ch\/en\/wp-json\/wp\/v2\/product_cat?post=147460"},{"taxonomy":"product_tag","embeddable":true,"href":"https:\/\/pizbube.ch\/en\/wp-json\/wp\/v2\/product_tag?post=147460"}],"curies":[{"name":"wp","href":"https:\/\/api.w.org\/{rel}","templated":true}]}}