{"id":147461,"date":"2021-01-15T10:55:22","date_gmt":"2021-01-15T10:55:22","guid":{"rendered":"https:\/\/codengine3.ch\/?product=import-placeholder-for-200215"},"modified":"2021-01-15T10:55:26","modified_gmt":"2021-01-15T10:55:26","slug":"therapeutisches-klettern-das-praxisbuch","status":"publish","type":"product","link":"https:\/\/pizbube.ch\/en\/shop\/therapeutisches-klettern-das-praxisbuch\/","title":{"rendered":"Therapeutisches Klettern &#8211; Das Praxisbuch"},"content":{"rendered":"<p>Klettern in der Ergo- und Physiotherapie ist in aller Munde und nicht wenige<br \/>\nPraxen haben mittlerweile eine eigene Therapiewand.<\/p>\n<p>Fundierte Literatur speziell zur Physiotherapie sucht man hingegen vergeblich.<br \/>\n&#8211; Bis jetzt!<br \/>\nRen\u00e9 Kittel hat in Zusammenarbeit mit einem renommierten Hersteller von<br \/>\nTherapiew\u00e4nden ein einzigartiges Gesamtkonzept entwickelt, welches man auch<br \/>\nauf schon vorhandene Physiotherapiew\u00e4nde \u00fcbertragen kann.<\/p>\n<p>Es werden ganz klare und einfach nachzuvollziehende \u00dcbungen an der Kletterwand<br \/>\nf\u00fcr folgende 4 Therapiefelder beschrieben:<\/p>\n<p>Wirbels\u00e4ule<br \/>\nSchulterg\u00fcrtel<br \/>\nKniegelenk<br \/>\nSprunggelenk<\/p>\n<p>119 Seiten, durchgehend farbig, viele Abbildungen<\/p>\n<p>Das Buch f\u00fchrt im ersten Teil in das Physiotherapeutische Klettern ein und<br \/>\nzeigt ganz praxisnah, wie Klettertherapie aussehen kann. Hierbei wird der<br \/>\nBogen von den klassischen, bis zu den kletterspezifischen Therapie\u00fcbungen<br \/>\ngeschlagen. Auch auf Aspekte wie Wandneigungen, Griff- und Trittformen, sowie<br \/>\ndie Sicherheit wird eingegangen.<\/p>\n<p>F\u00fcr die 4 Therapiefelder werden Hinweise zu den Griffen und Tritten, der<br \/>\nWandneigung, sowie der Bewegungsausf\u00fchrung gegeben. Auf Bildern wird die \u00dcbung<br \/>\nin ihre einzelnen Elemente zergliedert dargestellt.<\/p>\n<p>Die \u00dcbungen k\u00f6nnen an existierenden W\u00e4nden angewendet werden. F\u00fcr Praxen,<br \/>\nwelche noch keine Kletterwand haben, gibt es die detaillierte Empfehlung zu<br \/>\neiner speziell f\u00fcr die Physiotherapie zugeschnittene Systemwand mit passenden<br \/>\nGriffen (keine Griffe vom normalen Kletterbedarf, sondern Griffe speziell f\u00fcr<br \/>\ndie Physiotherapie).<\/p>\n<p>Fazit: Ein Praxishandbuch, welches seinen Namen verdient.<\/p>","protected":false},"excerpt":{"rendered":"<p>Klettern in der Ergo- und Physiotherapie ist in aller Munde und nicht wenige Praxen haben mittlerweile eine eigene Therapiewand. Fundierte Literatur speziell zur Physiotherapie sucht man hingegen vergeblich. &#8211; Bis jetzt! Ren\u00e9 Kittel hat in Zusammenarbeit mit einem renommierten Hersteller von Therapiew\u00e4nden ein einzigartiges Gesamtkonzept entwickelt, welches man auch auf schon vorhandene Physiotherapiew\u00e4nde \u00fcbertragen kann. [&#8230;]\n","protected":false},"featured_media":26236,"template":"","meta":[],"product_brand":[],"product_cat":[21538],"product_tag":[],"class_list":{"0":"post-147461","1":"product","2":"type-product","3":"status-publish","4":"has-post-thumbnail","6":"product_cat-lehrbuecher","7":"pa_autor-kittel","8":"pa_erscheinungsjahr-21597","9":"pa_region-medizin-recht","10":"pa_sprache-de","12":"first","13":"outofstock","14":"taxable","15":"shipping-taxable","16":"purchasable","17":"product-type-simple"},"_links":{"self":[{"href":"https:\/\/pizbube.ch\/en\/wp-json\/wp\/v2\/product\/147461","targetHints":{"allow":["GET"]}}],"collection":[{"href":"https:\/\/pizbube.ch\/en\/wp-json\/wp\/v2\/product"}],"about":[{"href":"https:\/\/pizbube.ch\/en\/wp-json\/wp\/v2\/types\/product"}],"wp:featuredmedia":[{"embeddable":true,"href":"https:\/\/pizbube.ch\/en\/wp-json\/wp\/v2\/media\/26236"}],"wp:attachment":[{"href":"https:\/\/pizbube.ch\/en\/wp-json\/wp\/v2\/media?parent=147461"}],"wp:term":[{"taxonomy":"product_brand","embeddable":true,"href":"https:\/\/pizbube.ch\/en\/wp-json\/wp\/v2\/product_brand?post=147461"},{"taxonomy":"product_cat","embeddable":true,"href":"https:\/\/pizbube.ch\/en\/wp-json\/wp\/v2\/product_cat?post=147461"},{"taxonomy":"product_tag","embeddable":true,"href":"https:\/\/pizbube.ch\/en\/wp-json\/wp\/v2\/product_tag?post=147461"}],"curies":[{"name":"wp","href":"https:\/\/api.w.org\/{rel}","templated":true}]}}