{"id":147462,"date":"2021-01-15T10:55:22","date_gmt":"2021-01-15T10:55:22","guid":{"rendered":"https:\/\/codengine3.ch\/?product=import-placeholder-for-204533"},"modified":"2025-05-27T17:00:10","modified_gmt":"2025-05-27T15:00:10","slug":"therapeutisches-klettern","status":"publish","type":"product","link":"https:\/\/pizbube.ch\/en\/shop\/therapeutisches-klettern\/","title":{"rendered":"Therapeutisches Klettern"},"content":{"rendered":"<p>Anwendungsfelder in Psychotherapie und P\u00e4dagogik<\/p>\n<p>Mit sicherem Tritt und Griff neuen Halt gewinnen Klettern begeistert &#8211; und<br \/>\nschult viele F\u00e4higkeiten! Auch im therapeutischen und p\u00e4dagogischen Bereich<br \/>\nwird die positive Wirkung des Kletterns auf die Psyche und das Miteinander<br \/>\nzunehmend genutzt. St\u00fcck f\u00fcr St\u00fcck k\u00f6nnen neue Ziele gesetzt und so<br \/>\ngedankliche Barrieren \u00fcberwunden werden. \u00dcber konkrete Aufgabenstellungen an<br \/>\nder Kletterwand werden Selbstvertrauen und K\u00f6rperbewusstsein gef\u00f6rdert, \u00c4ngste<br \/>\n\u00fcberwunden sowie Teamf\u00e4higkeit und ein verantwortungsvoller Umgang miteinander<br \/>\ngeschult.<\/p>\n<p>Ein interdisziplin\u00e4res Autorenteam kombiniert hier erstmals Kletter-Know-how<br \/>\nmit jahrelanger therapeutischer Erfahrung: von den Grundlagen des<br \/>\nTherapeutischen Kletterns \u00fcber die Anwendung in der Erlebnisp\u00e4dagogik, Sport-<br \/>\nund Bewegungstherapie bis hin zur Besprechung spezieller psychischer<br \/>\nKrankheitsbilder. Das aufgezeigte Spektrum der Anwendungen mit detaillierten<br \/>\nInformationen zu therapeutischen Zielen und genauen \u00dcbungsanleitungen ermutigt<br \/>\nund bef\u00e4higt Therapeuten und P\u00e4dagogen, Therapeutisches Klettern in ihrer<br \/>\nt\u00e4glichen Arbeit einzusetzen.<\/p>\n<p>INHALT: Therapeutisches Klettern, Klettertherapie, Psychotherapie,<br \/>\nErlebnisp\u00e4dagogik, Sport- und Bewegungstherapie, Erlebnistherapie, ADHS,<br \/>\nAngstst\u00f6rung, Bindungsst\u00f6rung, Depression, Essst\u00f6rung, Intelligenzminderung,<br \/>\nBurnout, Supervision<\/p>","protected":false},"excerpt":{"rendered":"<ul>\n<li><strong><a href=\"https:\/\/pizbube.ch\/wp-content\/uploads\/attachments\/a_014\/5075070AB6C8859360B33422CF77A142.pdf\" target=\"_blank\" rel=\"noopener\">PDF: Inhaltsverzeichnis_THERAPEUTISCHES KLETTERN<\/a><\/strong><\/li>\n<\/ul>","protected":false},"featured_media":32589,"template":"","meta":[],"product_brand":[],"product_cat":[21538],"product_tag":[],"class_list":{"0":"post-147462","1":"product","2":"type-product","3":"status-publish","4":"has-post-thumbnail","6":"product_cat-lehrbuecher","7":"pa_erscheinungsjahr-21550","8":"pa_region-klettertechnik","9":"pa_sprache-de","11":"first","12":"onbackorder","13":"taxable","14":"shipping-taxable","15":"purchasable","16":"product-type-simple"},"_links":{"self":[{"href":"https:\/\/pizbube.ch\/en\/wp-json\/wp\/v2\/product\/147462","targetHints":{"allow":["GET"]}}],"collection":[{"href":"https:\/\/pizbube.ch\/en\/wp-json\/wp\/v2\/product"}],"about":[{"href":"https:\/\/pizbube.ch\/en\/wp-json\/wp\/v2\/types\/product"}],"wp:featuredmedia":[{"embeddable":true,"href":"https:\/\/pizbube.ch\/en\/wp-json\/wp\/v2\/media\/32589"}],"wp:attachment":[{"href":"https:\/\/pizbube.ch\/en\/wp-json\/wp\/v2\/media?parent=147462"}],"wp:term":[{"taxonomy":"product_brand","embeddable":true,"href":"https:\/\/pizbube.ch\/en\/wp-json\/wp\/v2\/product_brand?post=147462"},{"taxonomy":"product_cat","embeddable":true,"href":"https:\/\/pizbube.ch\/en\/wp-json\/wp\/v2\/product_cat?post=147462"},{"taxonomy":"product_tag","embeddable":true,"href":"https:\/\/pizbube.ch\/en\/wp-json\/wp\/v2\/product_tag?post=147462"}],"curies":[{"name":"wp","href":"https:\/\/api.w.org\/{rel}","templated":true}]}}