{"id":147463,"date":"2021-01-15T10:55:22","date_gmt":"2021-01-15T10:55:22","guid":{"rendered":"https:\/\/codengine3.ch\/?product=import-placeholder-for-200847"},"modified":"2021-01-15T11:01:26","modified_gmt":"2021-01-15T11:01:26","slug":"klettern-mit-geistig-behinderten-menschen","status":"publish","type":"product","link":"https:\/\/pizbube.ch\/en\/shop\/klettern-mit-geistig-behinderten-menschen\/","title":{"rendered":"Klettern mit geistig behinderten Menschen"},"content":{"rendered":"<p>Ein Lehr- und Lernkonzept mit praktischen \u00dcbungsbeispielen.  <\/p>\n<p>Die Soziologie hat bisher einen weiten Bogen um die Sportkletterer gemacht.<br \/>\nDabei steht gerade diese Teilkultur prototypisch f\u00fcr Entwicklungen der<br \/>\nsp\u00e4tmodernen Gesellschaft, wie sie mit dem Begriff der Individualisierung<br \/>\nhervorgehoben werden. Begreift man n\u00e4mlich die Schwierigkeitsskala der<br \/>\nSportkletterer als Institution, so sch\u00e4lt sich ein neues Verh\u00e4ltnis von<br \/>\n&#8218;objektiven&#8216; Strukturen und Subjektivit\u00e4t heraus, das durch die Kombination<br \/>\nvon Freiwilligkeit und Unterwerfung ein zentrales sp\u00e4tmodernes Paradoxon<br \/>\naufzeigt: Wie ist ein &#8218;eigenes Leben&#8216; m\u00f6glich bei einer Zunahme<br \/>\ngesellschaftlich-institutioneller Restriktionen?  <\/p>\n<p>\u00dcber diese Fragestellung hinaus vermittelt das Buch einen ethnographisch<br \/>\nmotivierten Einblick in Werthaltungen, Sicht- und Handlungsweisen einer<br \/>\nfremdartig anmutenden Teilkultur, die aber &#8218;gleich um die Ecke&#8216; beginnt und<br \/>\ninsofern ihren festen Platz in der Kulturlandschaft innehat.<br \/>\n166 Seiten, Abbildungen Seiten, kartoniert, DINA5  <\/p>","protected":false},"excerpt":{"rendered":"<p>Ein Lehr- und Lernkonzept mit praktischen \u00dcbungsbeispielen. Die Soziologie hat bisher einen weiten Bogen um die Sportkletterer gemacht. Dabei steht gerade diese Teilkultur prototypisch f\u00fcr Entwicklungen der sp\u00e4tmodernen Gesellschaft, wie sie mit dem Begriff der Individualisierung hervorgehoben werden. Begreift man n\u00e4mlich die Schwierigkeitsskala der Sportkletterer als Institution, so sch\u00e4lt sich ein neues Verh\u00e4ltnis von &#8218;objektiven&#8216; [&#8230;]\n","protected":false},"featured_media":27934,"template":"","meta":[],"product_brand":[],"product_cat":[21538],"product_tag":[],"class_list":{"0":"post-147463","1":"product","2":"type-product","3":"status-publish","4":"has-post-thumbnail","6":"product_cat-lehrbuecher","7":"pa_autor-lamprecht","8":"pa_erscheinungsjahr-22150","9":"pa_region-klettertechnik","10":"pa_sprache-de","12":"first","13":"instock","14":"taxable","15":"shipping-taxable","16":"purchasable","17":"product-type-simple"},"_links":{"self":[{"href":"https:\/\/pizbube.ch\/en\/wp-json\/wp\/v2\/product\/147463","targetHints":{"allow":["GET"]}}],"collection":[{"href":"https:\/\/pizbube.ch\/en\/wp-json\/wp\/v2\/product"}],"about":[{"href":"https:\/\/pizbube.ch\/en\/wp-json\/wp\/v2\/types\/product"}],"wp:featuredmedia":[{"embeddable":true,"href":"https:\/\/pizbube.ch\/en\/wp-json\/wp\/v2\/media\/27934"}],"wp:attachment":[{"href":"https:\/\/pizbube.ch\/en\/wp-json\/wp\/v2\/media?parent=147463"}],"wp:term":[{"taxonomy":"product_brand","embeddable":true,"href":"https:\/\/pizbube.ch\/en\/wp-json\/wp\/v2\/product_brand?post=147463"},{"taxonomy":"product_cat","embeddable":true,"href":"https:\/\/pizbube.ch\/en\/wp-json\/wp\/v2\/product_cat?post=147463"},{"taxonomy":"product_tag","embeddable":true,"href":"https:\/\/pizbube.ch\/en\/wp-json\/wp\/v2\/product_tag?post=147463"}],"curies":[{"name":"wp","href":"https:\/\/api.w.org\/{rel}","templated":true}]}}