{"id":147464,"date":"2021-01-15T10:55:22","date_gmt":"2021-01-15T10:55:22","guid":{"rendered":"https:\/\/codengine3.ch\/?product=import-placeholder-for-201813"},"modified":"2024-06-05T09:24:53","modified_gmt":"2024-06-05T07:24:53","slug":"kletterspiele-fuer-kletterwand-und-turnsaal","status":"publish","type":"product","link":"https:\/\/pizbube.ch\/en\/shop\/kletterspiele-fuer-kletterwand-und-turnsaal\/","title":{"rendered":"Kletterspiele f\u00fcr Kletterwand und Turnsaal"},"content":{"rendered":"<p>Kletterspiele &#8211; 186 Bausteine f\u00fcr bunte Kletterstunden<\/p>\n<p>Anregungen, wie spielerisch und mit Spass Klettertechnik erlernt und trainiert werden kann (viele Skizzen, methodische und didaktische Hinweise). 186 originelle Spielideen, die inhaltlich in `Aufw\u00e4rmspiele`, `Kletter- u. Boulderspiele` und `Klettertechnik spielerisch` aufgeteilt sind.<\/p>\n<p>Das Buch ist in drei Bereiche gegliedert. Einen Aufw\u00e4rmteil mit allgemeinen Aufw\u00e4rmspielen, dem Hauptteil mit Klettertechnik-, Boulder- und Trainingsspielen und dem Turnsaalteil der M\u00f6glichkeiten beschreibt, auch ohne Kletterwand kletterspezifische Spiele und \u00dcbungen in der Sporthalle durchzuf\u00fchren.<\/p>\n<p>Das ideale Buch f\u00fcr alle Lehrer, Instruktoren, \u00dcbungsleiter, Kletter-Trainer, Elternteile von kletterbegeisterten Spr\u00f6sslingen&#8230;..und solchen, die es noch werden wollen.<\/p>\n<p><span class=\"ui-provider a b c d e f g h i j k l m n o p q r s t u v w x y z ab ac ae af ag ah ai aj ak\" dir=\"ltr\">In der Neuauflage wird zus\u00e4tzlich darauf eingegangen welche Spiele f\u00fcr Menschen mit Beeintr\u00e4chtigungen geeignet sind und wie die Spiele eventuell angepasst werden k\u00f6nnen. Das ideale Buch f\u00fcr alle Lehrer, Instruktoren, \u00dcbungsleiter, Kletter-Trainer, Elternteile von kletterbegeisterten Spr\u00f6sslingen &#8230; und solchen, die es noch werden wollen.\u00a0<\/span><\/p>\n<p>7. \u00fcberarbeitete Auflage 2023 | Seiten<strong>:<\/strong> 156<br \/>\ndurchgehend farbig bebildert; 29.8 cm x 22 cm<\/p>","protected":false},"excerpt":{"rendered":"<p>Kletterspiele &#8211; 186 Bausteine f\u00fcr bunte Kletterstunden Anregungen, wie spielerisch und mit Spass Klettertechnik erlernt und trainiert werden kann (viele Skizzen, methodische und didaktische Hinweise). 186 originelle Spielideen, die inhaltlich in `Aufw\u00e4rmspiele`, `Kletter- u. Boulderspiele` und `Klettertechnik spielerisch` aufgeteilt sind. Das Buch ist in drei Bereiche gegliedert. Einen Aufw\u00e4rmteil mit allgemeinen Aufw\u00e4rmspielen, dem Hauptteil mit [&#8230;]\n","protected":false},"featured_media":173253,"template":"","meta":[],"product_brand":[],"product_cat":[21538],"product_tag":[],"class_list":{"0":"post-147464","1":"product","2":"type-product","3":"status-publish","4":"has-post-thumbnail","6":"product_cat-lehrbuecher","7":"pa_autor-kohl","8":"pa_erscheinungsjahr-27129","9":"pa_region-klettertechnik","10":"pa_sprache-de","12":"first","13":"instock","14":"taxable","15":"shipping-taxable","16":"purchasable","17":"product-type-simple"},"_links":{"self":[{"href":"https:\/\/pizbube.ch\/en\/wp-json\/wp\/v2\/product\/147464","targetHints":{"allow":["GET"]}}],"collection":[{"href":"https:\/\/pizbube.ch\/en\/wp-json\/wp\/v2\/product"}],"about":[{"href":"https:\/\/pizbube.ch\/en\/wp-json\/wp\/v2\/types\/product"}],"wp:featuredmedia":[{"embeddable":true,"href":"https:\/\/pizbube.ch\/en\/wp-json\/wp\/v2\/media\/173253"}],"wp:attachment":[{"href":"https:\/\/pizbube.ch\/en\/wp-json\/wp\/v2\/media?parent=147464"}],"wp:term":[{"taxonomy":"product_brand","embeddable":true,"href":"https:\/\/pizbube.ch\/en\/wp-json\/wp\/v2\/product_brand?post=147464"},{"taxonomy":"product_cat","embeddable":true,"href":"https:\/\/pizbube.ch\/en\/wp-json\/wp\/v2\/product_cat?post=147464"},{"taxonomy":"product_tag","embeddable":true,"href":"https:\/\/pizbube.ch\/en\/wp-json\/wp\/v2\/product_tag?post=147464"}],"curies":[{"name":"wp","href":"https:\/\/api.w.org\/{rel}","templated":true}]}}