{"id":147465,"date":"2021-01-15T10:55:22","date_gmt":"2021-01-15T10:55:22","guid":{"rendered":"https:\/\/codengine3.ch\/?product=import-placeholder-for-200798"},"modified":"2021-01-15T11:01:01","modified_gmt":"2021-01-15T11:01:01","slug":"klettern-koordinativ-orientierte-sportart","status":"publish","type":"product","link":"https:\/\/pizbube.ch\/en\/shop\/klettern-koordinativ-orientierte-sportart\/","title":{"rendered":"Klettern Koordinativ &#8211; orientierte Sportart"},"content":{"rendered":"<p>Sportklettern an k\u00fcnstlichen Kletteranlagen und an nat\u00fcrlichen Felsen findet<br \/>\nimmer mehr Eingang in das Erziehungs- bzw. Freizeitangebot von Schule, Verein<br \/>\nund sonstigen p\u00e4dagogischen Einrichtungen. In diesem Leitfaden f\u00fcr das<br \/>\nErlernen und Vermitteln des Klettersports werden deshalb neben der Darstellung<br \/>\nder vielf\u00e4ltigen p\u00e4dagogischen Zielsetzungen vor allem methodische<br \/>\nHilfestellungen f\u00fcr die systematische Vermittlung von Klettertechnik,<br \/>\nSicherungsverhalten, Risikoeinsch\u00e4tzung und Verletzungsprophylaxe in den<br \/>\nMittelpunkt gestellt.<br \/>\nAusgehend von Klettern im Hallengebirge \u00fcber Klettern an k\u00fcnstlichen<br \/>\nKletteranlagen bis zum Klettern an nat\u00fcrlichen Felsen wird ein an<br \/>\nBewegungsaufgaben orientierter Lehrweg entwickelt. Das Buch richtet sich<br \/>\ndeshalb besonders an Lehrer, Erzieher, Jugendleiter, Fach\u00fcbungsleiter und<br \/>\nVereinstrainer, die vor allem im Jugendbereich Klettern arbeiten. Format DIN<br \/>\nA5, 184 Seiten  <\/p>","protected":false},"excerpt":{"rendered":"<p>Sportklettern an k\u00fcnstlichen Kletteranlagen und an nat\u00fcrlichen Felsen findet immer mehr Eingang in das Erziehungs- bzw. Freizeitangebot von Schule, Verein und sonstigen p\u00e4dagogischen Einrichtungen. In diesem Leitfaden f\u00fcr das Erlernen und Vermitteln des Klettersports werden deshalb neben der Darstellung der vielf\u00e4ltigen p\u00e4dagogischen Zielsetzungen vor allem methodische Hilfestellungen f\u00fcr die systematische Vermittlung von Klettertechnik, Sicherungsverhalten, Risikoeinsch\u00e4tzung [&#8230;]\n","protected":false},"featured_media":27865,"template":"","meta":[],"product_brand":[],"product_cat":[21538],"product_tag":[],"class_list":{"0":"post-147465","1":"product","2":"type-product","3":"status-publish","4":"has-post-thumbnail","6":"product_cat-lehrbuecher","7":"pa_autor-klein-schunk","8":"pa_erscheinungsjahr-21776","9":"pa_region-klettertechnik","10":"pa_sprache-de","12":"first","13":"instock","14":"taxable","15":"shipping-taxable","16":"purchasable","17":"product-type-simple"},"_links":{"self":[{"href":"https:\/\/pizbube.ch\/en\/wp-json\/wp\/v2\/product\/147465","targetHints":{"allow":["GET"]}}],"collection":[{"href":"https:\/\/pizbube.ch\/en\/wp-json\/wp\/v2\/product"}],"about":[{"href":"https:\/\/pizbube.ch\/en\/wp-json\/wp\/v2\/types\/product"}],"wp:featuredmedia":[{"embeddable":true,"href":"https:\/\/pizbube.ch\/en\/wp-json\/wp\/v2\/media\/27865"}],"wp:attachment":[{"href":"https:\/\/pizbube.ch\/en\/wp-json\/wp\/v2\/media?parent=147465"}],"wp:term":[{"taxonomy":"product_brand","embeddable":true,"href":"https:\/\/pizbube.ch\/en\/wp-json\/wp\/v2\/product_brand?post=147465"},{"taxonomy":"product_cat","embeddable":true,"href":"https:\/\/pizbube.ch\/en\/wp-json\/wp\/v2\/product_cat?post=147465"},{"taxonomy":"product_tag","embeddable":true,"href":"https:\/\/pizbube.ch\/en\/wp-json\/wp\/v2\/product_tag?post=147465"}],"curies":[{"name":"wp","href":"https:\/\/api.w.org\/{rel}","templated":true}]}}