{"id":147484,"date":"2021-01-15T10:55:23","date_gmt":"2021-01-15T10:55:23","guid":{"rendered":"https:\/\/codengine3.ch\/?product=import-placeholder-for-200218"},"modified":"2021-01-15T10:55:27","modified_gmt":"2021-01-15T10:55:27","slug":"wild-swimming-alpen","status":"publish","type":"product","link":"https:\/\/pizbube.ch\/en\/shop\/wild-swimming-alpen\/","title":{"rendered":"Wild Swimming Alpen"},"content":{"rendered":"<p>\nWildswimming in den Alpen &#8211; Entdecke die sch\u00f6nsten Bergseen, B\u00e4che und<br \/>\nWasserf\u00e4lle in \u00d6sterreich, Deutschland, der Schweiz, Italien und Slowenien  <\/p>\n<p>Dieser Guide f\u00fchrt Sie an alpi-ne Sehnsuchtsorte, von denen viele noch nie in<br \/>\neinem Reisef\u00fchrer beschrieben wurden. Dieser wundervolle Reisef\u00fchrer bietet<br \/>\nIhnen fantastische Fotos von \u00fcber 150 Bade- und Schwimmstellen mit<br \/>\ndetaillierten Beschreibungen und Geheimtipps. S\u00e4mtliche Gew\u00e4sser wurden vom<br \/>\nAutor pers\u00f6nlich beschwommen und bewertet.<\/p>\n<p>Tauchen Sie ein in die eisigen Fluten eines unterirdischen Gletschersees auf<br \/>\n3200 m. Schwimmen Sie in H\u00f6hlen und Bergwerken, baden Sie in idyllischen<br \/>\nWaldseen. Wandern Sie zu einsamen Bergseen in unber\u00fchrter Natur. Schwimmen Sie<br \/>\n\u00fcber bl\u00fchenden Blumenwiesen tempor\u00e4rer Seen. Erfahren Sie alles zum Thema<br \/>\nWildswimming-Safety.  <\/p>\n<p>Kartonierter Einband; 256 Seiten, mit vielen Fotos und Illustrationen  <\/p>","protected":false},"excerpt":{"rendered":"<p>Wildswimming in den Alpen &#8211; Entdecke die sch\u00f6nsten Bergseen, B\u00e4che und Wasserf\u00e4lle in \u00d6sterreich, Deutschland, der Schweiz, Italien und Slowenien Dieser Guide f\u00fchrt Sie an alpi-ne Sehnsuchtsorte, von denen viele noch nie in einem Reisef\u00fchrer beschrieben wurden. Dieser wundervolle Reisef\u00fchrer bietet Ihnen fantastische Fotos von \u00fcber 150 Bade- und Schwimmstellen mit detaillierten Beschreibungen und Geheimtipps. [&#8230;]\n","protected":false},"featured_media":26245,"template":"","meta":[],"product_brand":[],"product_cat":[21544],"product_tag":[],"class_list":{"0":"post-147484","1":"product","2":"type-product","3":"status-publish","4":"has-post-thumbnail","6":"product_cat-fuehrerliteratur-alpin-sommer","7":"pa_autor-ransmayr","8":"pa_erscheinungsjahr-21586","9":"pa_region-schweiz","10":"pa_sprache-de","12":"first","13":"instock","14":"taxable","15":"shipping-taxable","16":"purchasable","17":"product-type-simple"},"_links":{"self":[{"href":"https:\/\/pizbube.ch\/en\/wp-json\/wp\/v2\/product\/147484","targetHints":{"allow":["GET"]}}],"collection":[{"href":"https:\/\/pizbube.ch\/en\/wp-json\/wp\/v2\/product"}],"about":[{"href":"https:\/\/pizbube.ch\/en\/wp-json\/wp\/v2\/types\/product"}],"wp:featuredmedia":[{"embeddable":true,"href":"https:\/\/pizbube.ch\/en\/wp-json\/wp\/v2\/media\/26245"}],"wp:attachment":[{"href":"https:\/\/pizbube.ch\/en\/wp-json\/wp\/v2\/media?parent=147484"}],"wp:term":[{"taxonomy":"product_brand","embeddable":true,"href":"https:\/\/pizbube.ch\/en\/wp-json\/wp\/v2\/product_brand?post=147484"},{"taxonomy":"product_cat","embeddable":true,"href":"https:\/\/pizbube.ch\/en\/wp-json\/wp\/v2\/product_cat?post=147484"},{"taxonomy":"product_tag","embeddable":true,"href":"https:\/\/pizbube.ch\/en\/wp-json\/wp\/v2\/product_tag?post=147484"}],"curies":[{"name":"wp","href":"https:\/\/api.w.org\/{rel}","templated":true}]}}