{"id":147485,"date":"2021-01-15T10:55:23","date_gmt":"2021-01-15T10:55:23","guid":{"rendered":"https:\/\/codengine3.ch\/?product=import-placeholder-for-208491"},"modified":"2021-07-16T10:29:44","modified_gmt":"2021-07-16T08:29:44","slug":"alp-bergseen-schweiz-39-wanderungen-zu-seen-bergen-und-gletschern","status":"publish","type":"product","link":"https:\/\/pizbube.ch\/en\/shop\/alp-bergseen-schweiz-39-wanderungen-zu-seen-bergen-und-gletschern\/","title":{"rendered":"Alp- &amp; Bergseen Schweiz &#8211; 39 Wanderungen zu Seen, Bergen und Gletschern"},"content":{"rendered":"<p>Die Bergseen, so vielf\u00e4ltig wie die Gebirgslandschaft selbst, geh\u00f6ren<br \/>\nzweifellos zu den sch\u00f6nsten Wanderzielen der Schweiz. Ihre Palette reicht von<br \/>\nden Schmelzwassert\u00fcmpeln am Rande der Gletscher \u00fcber Staubecken zur<br \/>\nElektrizit\u00e4tsgewinnung bis zu bezaubernden blau und gr\u00fcn schimmernden<br \/>\nGebirgsseen.<\/p>\n<p>Die rund 40 Touren dieses Buches f\u00fchren zu rund 80 der sch\u00f6nsten Schweizer<br \/>\nBergseen. Alle Touren sind f\u00fcr die An- und R\u00fcckreise mit \u00f6ffentlichen<br \/>\nVerkehrsmitteln konzipiert, einige sind leicht, andere verlangen<br \/>\nTrittsicherheit und etwas Ausdauer. Allen gemeinsam ist das einzigartige<br \/>\nNaturerlebnis.<\/p>\n<p>344 Seiten, 14,3 x 21,4 cm, broschiert, Softcover; mit 163 Abbildungen<br \/>\n2. Auflage<\/p>","protected":false},"excerpt":{"rendered":"<p>Die Bergseen, so vielf\u00e4ltig wie die Gebirgslandschaft selbst, geh\u00f6ren zweifellos zu den sch\u00f6nsten Wanderzielen der Schweiz. Ihre Palette reicht von den Schmelzwassert\u00fcmpeln am Rande der Gletscher \u00fcber Staubecken zur Elektrizit\u00e4tsgewinnung bis zu bezaubernden blau und gr\u00fcn schimmernden Gebirgsseen. Die rund 40 Touren dieses Buches f\u00fchren zu rund 80 der sch\u00f6nsten Schweizer Bergseen. Alle Touren sind [&#8230;]\n","protected":false},"featured_media":158022,"template":"","meta":[],"product_brand":[],"product_cat":[21605],"product_tag":[],"class_list":{"0":"post-147485","1":"product","2":"type-product","3":"status-publish","4":"has-post-thumbnail","6":"product_cat-wanderfuehrer-trekking","7":"pa_autor-auf-der-maur","8":"pa_erscheinungsjahr-21586","9":"pa_region-schweiz","10":"pa_sprache-de","12":"first","13":"instock","14":"taxable","15":"shipping-taxable","16":"purchasable","17":"product-type-simple"},"_links":{"self":[{"href":"https:\/\/pizbube.ch\/en\/wp-json\/wp\/v2\/product\/147485","targetHints":{"allow":["GET"]}}],"collection":[{"href":"https:\/\/pizbube.ch\/en\/wp-json\/wp\/v2\/product"}],"about":[{"href":"https:\/\/pizbube.ch\/en\/wp-json\/wp\/v2\/types\/product"}],"wp:featuredmedia":[{"embeddable":true,"href":"https:\/\/pizbube.ch\/en\/wp-json\/wp\/v2\/media\/158022"}],"wp:attachment":[{"href":"https:\/\/pizbube.ch\/en\/wp-json\/wp\/v2\/media?parent=147485"}],"wp:term":[{"taxonomy":"product_brand","embeddable":true,"href":"https:\/\/pizbube.ch\/en\/wp-json\/wp\/v2\/product_brand?post=147485"},{"taxonomy":"product_cat","embeddable":true,"href":"https:\/\/pizbube.ch\/en\/wp-json\/wp\/v2\/product_cat?post=147485"},{"taxonomy":"product_tag","embeddable":true,"href":"https:\/\/pizbube.ch\/en\/wp-json\/wp\/v2\/product_tag?post=147485"}],"curies":[{"name":"wp","href":"https:\/\/api.w.org\/{rel}","templated":true}]}}