{"id":147486,"date":"2021-01-15T10:55:23","date_gmt":"2021-01-15T10:55:23","guid":{"rendered":"https:\/\/codengine3.ch\/?product=import-placeholder-for-207014"},"modified":"2021-01-15T14:54:19","modified_gmt":"2021-01-15T14:54:19","slug":"bergseequartett-vol-1","status":"publish","type":"product","link":"https:\/\/pizbube.ch\/en\/shop\/bergseequartett-vol-1\/","title":{"rendered":"Bergseequartett Vol. 1"},"content":{"rendered":"<p>Das Bergseequartett besteht aus 32 Karten. Vor Spielbeginn k\u00f6nnen die<br \/>\nSpielenden bestimmen, ob bei den jeweiligen Kategorien der h\u00f6chste oder<br \/>\ngeringste Wert gewinnen soll. Die Karten werden gemischt und verteilt.<br \/>\nMitspielen k\u00f6nnen beliebig viele Personen. Zum Trumpfen nimmt jede Person ihre<br \/>\nKarten als geschlossenes Paket so in die Hand, dass sie nur das oberste Blatt<br \/>\nsehen kann. Eine Person liest einen \u2013 von ihr frei gew\u00e4hlten \u2013 Wert laut vor.<br \/>\nDie Mitspielenden nennen reihum ebenfalls die besagte Angabe von ihrer Karte.<br \/>\nWer den h\u00f6chsten resp. geringsten Wert hat, gewinnt die Karten der anderen<br \/>\nMitspielenden, steckt diese unter den eigenen Stapel und nennt wiederum eine<br \/>\nAngabe auf der n\u00e4chsten Karte. Es gewinnt, wer die meisten Karten besitzt. F\u00fcr<br \/>\nden Zeitpunkt des Spielendes gibt es zwei Varianten, \u00fcber die man sich vorher<br \/>\nverst\u00e4ndigen sollte: Entweder endet das Spiel, sobald eine Person mangels<br \/>\nKarten ausscheidet, und es gewinnt, wer am meisten Karten besitzt. Oder das<br \/>\nSpiel endet damit, dass ein Spieler oder eine Spielerin alle Karten erobert<br \/>\nhat und somit zum Supertop f\u00fcr Schweizer Bergseen avanciert ist.  <\/p>","protected":false},"excerpt":{"rendered":"<p>Das Bergseequartett besteht aus 32 Karten. Vor Spielbeginn k\u00f6nnen die Spielenden bestimmen, ob bei den jeweiligen Kategorien der h\u00f6chste oder geringste Wert gewinnen soll. Die Karten werden gemischt und verteilt. Mitspielen k\u00f6nnen beliebig viele Personen. Zum Trumpfen nimmt jede Person ihre Karten als geschlossenes Paket so in die Hand, dass sie nur das oberste Blatt [&#8230;]\n","protected":false},"featured_media":36592,"template":"","meta":[],"product_brand":[],"product_cat":[21836],"product_tag":[],"class_list":{"0":"post-147486","1":"product","2":"type-product","3":"status-publish","4":"has-post-thumbnail","6":"product_cat-geschenkideen","7":"pa_autor-michel","8":"pa_erscheinungsjahr-21621","9":"pa_region-schweiz","10":"pa_sprache-de","12":"first","13":"instock","14":"taxable","15":"shipping-taxable","16":"purchasable","17":"product-type-simple"},"_links":{"self":[{"href":"https:\/\/pizbube.ch\/en\/wp-json\/wp\/v2\/product\/147486","targetHints":{"allow":["GET"]}}],"collection":[{"href":"https:\/\/pizbube.ch\/en\/wp-json\/wp\/v2\/product"}],"about":[{"href":"https:\/\/pizbube.ch\/en\/wp-json\/wp\/v2\/types\/product"}],"wp:featuredmedia":[{"embeddable":true,"href":"https:\/\/pizbube.ch\/en\/wp-json\/wp\/v2\/media\/36592"}],"wp:attachment":[{"href":"https:\/\/pizbube.ch\/en\/wp-json\/wp\/v2\/media?parent=147486"}],"wp:term":[{"taxonomy":"product_brand","embeddable":true,"href":"https:\/\/pizbube.ch\/en\/wp-json\/wp\/v2\/product_brand?post=147486"},{"taxonomy":"product_cat","embeddable":true,"href":"https:\/\/pizbube.ch\/en\/wp-json\/wp\/v2\/product_cat?post=147486"},{"taxonomy":"product_tag","embeddable":true,"href":"https:\/\/pizbube.ch\/en\/wp-json\/wp\/v2\/product_tag?post=147486"}],"curies":[{"name":"wp","href":"https:\/\/api.w.org\/{rel}","templated":true}]}}